{"id":322,"date":"2021-03-03T21:31:50","date_gmt":"2021-03-03T21:31:50","guid":{"rendered":"https:\/\/ebralavi.com\/tusabogadoslaborales\/firm-single-arie\/"},"modified":"2025-04-28T13:11:20","modified_gmt":"2025-04-28T13:11:20","slug":"firm-arieebrahimian","status":"publish","type":"page","link":"https:\/\/ebralavi.com\/tusabogadoslaborales\/firm-arieebrahimian\/","title":{"rendered":"Arie Ebrahimian"},"content":{"rendered":"<div class=\"meetDoc\">\r\n    <div class=\"container\">\r\n    \t\t        <div class=\"doca\">\r\n\t            <div class=\"row\">\r\n\t                <div class=\"col55 wow fadeInLeft\">\r\n\t                    <a href=\"\" class=\"reg-staff-image\">\r\n\t                        <div class=\"meetd\" style=\"background-image: url(\/wp-content\/uploads\/2023\/11\/arie-img-scaled-e1700155545516.jpg)\"><\/div>\r\n\t                    <\/a>\r\n\t                <\/div>\r\n\t                <div class=\"col55 wow fadeInRight\">\r\n\t                    <h2> Arie Ebrahimian <\/h2>\r\n\t                    <h4>  <\/h4>\r\n\t                    <p>Arie es uno de los fundadores y abogado gerente del bufete. Defiende los derechos de los empleados. Para quienes enfrentan una disputa con su empleador, contratar a un abogado que comprenda las complejidades de la legislaci\u00f3n laboral de California es la mejor manera de lograr una resoluci\u00f3n oportuna. Arie comprende las complejidades de la ley y ofrece asesoramiento y representaci\u00f3n a empleados con disputas laborales \u00fanicas. Arie entiende que la clave del \u00e9xito de sus clientes reside en el trabajo arduo, la dedicaci\u00f3n y, sobre todo, la comunicaci\u00f3n con el cliente.<\/p>\n<p>Arie obtuvo su t\u00edtulo en Ciencias Pol\u00edticas por la Universidad de California en Los \u00c1ngeles, donde se gradu\u00f3 con honores. Obtuvo su Doctorado en Derecho por la Facultad de Derecho de California Western, donde recibi\u00f3 el Premio Americano de Jurisprudencia en Resoluci\u00f3n Alternativa de Disputas. Arie fue seleccionado en 2013, 2014, 2015, 2016, 2017, 2018, 2019 y 2020 como Super Abogado Estrellas en Ascenso del Sur de California por la revista Los Angeles Magazine y como miembro del Uno por ciento de los mejores abogados del pa\u00eds por la Asociaci\u00f3n Nacional de Abogados Distinguidos. Tambi\u00e9n es defensor de los j\u00f3venes. Colabora voluntariamente en concursos de juicios simulados. Fue juez de juicios simulados en el concurso de la Asociaci\u00f3n Americana de Juicios Simulados en la Escuela de Administraci\u00f3n Anderson de UCLA y en el Torneo Inaugural Paradise Invitational en el Tribunal de Santa B\u00e1rbara. Arie reside en Beverly Hills, California, desde hace treinta y tres a\u00f1os.<\/p>\n\t                    \t                <\/div>\r\n\t            <\/div>\r\n\t        <\/div>\r\n\t        <\/div>\r\n<\/div>\n","protected":false},"excerpt":{"rendered":"","protected":false},"author":1,"featured_media":0,"parent":0,"menu_order":0,"comment_status":"closed","ping_status":"closed","template":"","meta":{"footnotes":""},"class_list":["post-322","page","type-page","status-publish","hentry"],"_links":{"self":[{"href":"https:\/\/ebralavi.com\/tusabogadoslaborales\/wp-json\/wp\/v2\/pages\/322","targetHints":{"allow":["GET"]}}],"collection":[{"href":"https:\/\/ebralavi.com\/tusabogadoslaborales\/wp-json\/wp\/v2\/pages"}],"about":[{"href":"https:\/\/ebralavi.com\/tusabogadoslaborales\/wp-json\/wp\/v2\/types\/page"}],"author":[{"embeddable":true,"href":"https:\/\/ebralavi.com\/tusabogadoslaborales\/wp-json\/wp\/v2\/users\/1"}],"replies":[{"embeddable":true,"href":"https:\/\/ebralavi.com\/tusabogadoslaborales\/wp-json\/wp\/v2\/comments?post=322"}],"version-history":[{"count":4,"href":"https:\/\/ebralavi.com\/tusabogadoslaborales\/wp-json\/wp\/v2\/pages\/322\/revisions"}],"predecessor-version":[{"id":1430,"href":"https:\/\/ebralavi.com\/tusabogadoslaborales\/wp-json\/wp\/v2\/pages\/322\/revisions\/1430"}],"wp:attachment":[{"href":"https:\/\/ebralavi.com\/tusabogadoslaborales\/wp-json\/wp\/v2\/media?parent=322"}],"curies":[{"name":"wp","href":"https:\/\/api.w.org\/{rel}","templated":true}]}}