{"id":286,"date":"2021-03-03T20:42:31","date_gmt":"2021-03-03T20:42:31","guid":{"rendered":"https:\/\/ebralavi.com\/tusabogadoslaborales\/race_discrimination\/"},"modified":"2025-04-28T14:06:59","modified_gmt":"2025-04-28T14:06:59","slug":"race-discrimination","status":"publish","type":"page","link":"https:\/\/ebralavi.com\/tusabogadoslaborales\/employment-law-attorney\/discrimination\/race-discrimination\/","title":{"rendered":"Discriminaci\u00f3n racial"},"content":{"rendered":"<p>  <img loading=\"lazy\" decoding=\"async\" class=\"alignnone wp-image-496 size-full\" src=\"https:\/\/ebralavi.com\/tusabogadoslaborales\/wp-content\/uploads\/2021\/06\/Race-Discrimination.jpg\" alt=\"Abogados de Discriminaci\u00f3n Racial en Beverly Hills\" width=\"900\" height=\"500\" srcset=\"https:\/\/ebralavi.com\/tusabogadoslaborales\/wp-content\/uploads\/2021\/06\/Race-Discrimination.jpg 900w, https:\/\/ebralavi.com\/tusabogadoslaborales\/wp-content\/uploads\/2021\/06\/Race-Discrimination-300x167.jpg 300w, https:\/\/ebralavi.com\/tusabogadoslaborales\/wp-content\/uploads\/2021\/06\/Race-Discrimination-768x427.jpg 768w\" sizes=\"auto, (max-width: 900px) 100vw, 900px\" \/><\/p>\n<h1><strong><b>Abogados de Discriminaci\u00f3n Racial en California<\/b><\/strong><\/h1>\n<p>Los abogados de discriminaci\u00f3n de <a href=\"https:\/\/www.google.com\/maps?cid=7806570807902756572\"><strong>E&amp;L, LLP<\/strong><\/a> representan a empleados que han sido objeto de discriminaci\u00f3n en el trabajo debido a su <strong>g\u00e9nero, raza, discapacidad, orientaci\u00f3n sexual, edad u otras caracter\u00edsticas protegidas.<\/strong><\/p>\n<p>Nuestros abogados senior han sido nominados como Super Lawyers Rising Stars, un reconocimiento otorgado al 2.5% superior de los abogados, lo que significa que el 97.5% de otros abogados del sur de California no califican.<\/p>\n<h4 class=\"center\" style=\"text-align: center;\">Para programar una evaluaci\u00f3n gratuita de su caso, contacte a E&amp;L, LLP, al <a href=\"tel:2132130000\" data-dtype=\"d3ifr\" data-local-attribute=\"d3ph\" data-ved=\"2ahUKEwjG1KzzlrXyAhUEYysKHf7_BawQkAgoADB2egQISxAD\">213-213-0000<\/a><\/h4>\n<h4><span style=\"color: #880000;\">\u00bfQu\u00e9 es la discriminaci\u00f3n ilegal?<\/span><\/h4>\n<p>La discriminaci\u00f3n laboral ilegal implica tratar de manera desfavorable a un empleado o solicitante de empleo debido a su pertenencia a una clase particular, como su <strong>raza, edad, sexo, orientaci\u00f3n sexual, nacionalidad o discapacidad.<\/strong> Esto significa que, para que una acci\u00f3n califique como discriminaci\u00f3n, el empleador debe tratar a un empleado o solicitante de empleo de manera diferente por pertenecer a una categor\u00eda protegida por la ley.<\/p>\n<p><span class=\"bio-inner-heading\">La discriminaci\u00f3n laboral<strong> es ilegal<\/strong> y ocurre cuando los empleadores tratan a los empleados de manera diferente en el trabajo debido a:  <\/p>\n<ul class=\"david-education license mainColor\">\n<li><strong>Discapacidad<\/strong><\/li>\n<li><strong>Sexo, G\u00e9nero o Identidad de G\u00e9nero<\/strong><\/li>\n<li><strong>Orientaci\u00f3n Sexual<\/strong><\/li>\n<li><strong>Embarazo<\/strong><\/li>\n<li><strong>Raza y Origen Nacional<\/strong><\/li>\n<li><strong>Edad<\/strong><\/li>\n<li><strong>Religi\u00f3n<\/strong><\/li>\n<li><strong>U otra clase protegida<\/strong><\/li>\n<\/ul>\n<p>Un gerente o supervisor act\u00faa ilegalmente cuando toma una acci\u00f3n laboral adversa basada en la discriminaci\u00f3n por una de estas categor\u00edas protegidas.<\/p>\n<h4><span style=\"color: #880000;\">\u00bfQu\u00e9 es una acci\u00f3n laboral adversa?<\/span><\/h4>\n<p>Para presentar exitosamente una reclamaci\u00f3n por discriminaci\u00f3n laboral, un empleado debe demostrar que el empleador tom\u00f3 una acci\u00f3n laboral adversa contra \u00e9l y que dicha acci\u00f3n fue motivada por la discriminaci\u00f3n.<\/p>\n<p><span class=\"bio-inner-heading\">Bajo las leyes de California y federales, las acciones laborales adversas incluyen:  <\/p>\n<ul class=\"david-education license mainColor\">\n<li><strong>Terminaci\u00f3n o despido<\/strong><\/li>\n<li><strong>Despido constructivo<\/strong> (cuando el ambiente laboral se vuelve tan intolerable que la renuncia se vuelve apropiada)<\/li>\n<li><strong>Degradaci\u00f3n, transferencia,<\/strong> o asignaci\u00f3n laboral desfavorable<\/li>\n<li><strong>Reducci\u00f3n de salario<\/strong><\/li>\n<li><strong>Negativa a entrevistar o contratar<\/strong><\/li>\n<li><strong>Negar un ascenso<\/strong> o promoci\u00f3n<\/li>\n<li>Cualquier otra decisi\u00f3n laboral que afecte materialmente los t\u00e9rminos y condiciones de empleo<\/li>\n<\/ul>\n<h4><span style=\"color: #880000;\">\u00bfQu\u00e9 pasos pueden tomar los empleados que han sido objeto de discriminaci\u00f3n para protegerse?<\/span><\/h4>\n<p>Los empleados que hayan sido discriminados deber\u00edan considerar reportarlo a sus empleadores. Aunque un empleado puede expresar sus preocupaciones verbalmente, a menudo es recomendable hacerlo tambi\u00e9n por escrito. Recuerde que la ley proh\u00edbe que los empleadores tomen represalias contra empleados que reporten discriminaci\u00f3n. Un empleador que tome represalias podr\u00eda ser responsable por represalia.<\/p>\n<p>Los empleados discriminados tambi\u00e9n pueden <strong>presentar una queja de discriminaci\u00f3n ante el Departamento de Vivienda y Empleo Justo de California (DFEH) o ante la Comisi\u00f3n para la Igualdad de Oportunidades en el Empleo (EEOC) a nivel federal.<\/strong> Existen<strong> plazos estrictos<\/strong> para presentar una queja ante cualquiera de estas agencias. Generalmente, un empleado en California tiene un a\u00f1o desde el acto discriminatorio para presentar una queja ante el DFEH y 300 d\u00edas para presentar ante la EEOC.<\/p>\n<p>Es recomendable que los empleados hablen primero con un abogado para determinar qu\u00e9 opciones tienen disponibles, y as\u00ed considerar los pros y contras de cada opci\u00f3n antes de tomar una decisi\u00f3n.<\/p>\n<p>Aunque los empleados pueden tener pocos recursos si un supervisor trata mal a todos por igual, s\u00ed tienen opciones cuando ese maltrato es resultado de discriminaci\u00f3n basada en una categor\u00eda protegida legalmente, como discapacidad, sexo, g\u00e9nero, orientaci\u00f3n sexual o edad.<\/p>\n<h1>Conf\u00ede su caso a E&amp;L, LLP<\/h1>\n<p class=\"employmentFamilyContent\">Si ha sido tratado injustamente por su empleador, contacte a <a href=\"https:\/\/www.google.com\/maps?cid=7806570807902756572\"><strong>E&amp;L, LLP<\/strong><\/a> al <a href=\"tel:2132130000\" data-dtype=\"d3ifr\" data-local-attribute=\"d3ph\" data-ved=\"2ahUKEwjG1KzzlrXyAhUEYysKHf7_BawQkAgoADB2egQISxAD\">213-213-0000<\/a> para una evaluaci\u00f3n y consulta gratuita de su caso.<\/p>\n<p class=\"employmentFamilyContent\"><strong>\u00a1No paga hasta que ganemos! Esa es nuestra garant\u00eda.<\/strong><\/p>\n","protected":false},"excerpt":{"rendered":"<p>Abogados de Discriminaci\u00f3n Racial en California Los abogados de discriminaci\u00f3n de E&amp;L, LLP representan a empleados que han sido objeto de discriminaci\u00f3n en el trabajo debido a su g\u00e9nero, raza, discapacidad, orientaci\u00f3n sexual, edad u otras caracter\u00edsticas protegidas. Nuestros abogados senior han sido nominados como Super Lawyers Rising Stars, un reconocimiento otorgado al 2.5% superior de los abogados, lo que significa que el 97.5% de otros abogados del sur de California no califican. Para programar una evaluaci\u00f3n gratuita de su caso, contacte a E&amp;L, LLP, al 213-213-0000 \u00bfQu\u00e9 es la discriminaci\u00f3n ilegal? La discriminaci\u00f3n laboral ilegal implica tratar de manera <\/p>\n","protected":false},"author":1,"featured_media":0,"parent":282,"menu_order":0,"comment_status":"closed","ping_status":"closed","template":"","meta":{"footnotes":""},"class_list":["post-286","page","type-page","status-publish","hentry"],"_links":{"self":[{"href":"https:\/\/ebralavi.com\/tusabogadoslaborales\/wp-json\/wp\/v2\/pages\/286","targetHints":{"allow":["GET"]}}],"collection":[{"href":"https:\/\/ebralavi.com\/tusabogadoslaborales\/wp-json\/wp\/v2\/pages"}],"about":[{"href":"https:\/\/ebralavi.com\/tusabogadoslaborales\/wp-json\/wp\/v2\/types\/page"}],"author":[{"embeddable":true,"href":"https:\/\/ebralavi.com\/tusabogadoslaborales\/wp-json\/wp\/v2\/users\/1"}],"replies":[{"embeddable":true,"href":"https:\/\/ebralavi.com\/tusabogadoslaborales\/wp-json\/wp\/v2\/comments?post=286"}],"version-history":[{"count":3,"href":"https:\/\/ebralavi.com\/tusabogadoslaborales\/wp-json\/wp\/v2\/pages\/286\/revisions"}],"predecessor-version":[{"id":1478,"href":"https:\/\/ebralavi.com\/tusabogadoslaborales\/wp-json\/wp\/v2\/pages\/286\/revisions\/1478"}],"up":[{"embeddable":true,"href":"https:\/\/ebralavi.com\/tusabogadoslaborales\/wp-json\/wp\/v2\/pages\/282"}],"wp:attachment":[{"href":"https:\/\/ebralavi.com\/tusabogadoslaborales\/wp-json\/wp\/v2\/media?parent=286"}],"curies":[{"name":"wp","href":"https:\/\/api.w.org\/{rel}","templated":true}]}}