{"id":1336,"date":"2025-02-06T17:37:02","date_gmt":"2025-02-06T17:37:02","guid":{"rendered":"https:\/\/tusabogadoslaboral.com\/?page_id=1336"},"modified":"2025-04-29T15:08:58","modified_gmt":"2025-04-29T15:08:58","slug":"what-is-the-law-for-workers-compensation","status":"publish","type":"page","link":"https:\/\/ebralavi.com\/tusabogadoslaborales\/what-is-the-law-for-workers-compensation\/","title":{"rendered":"\u00bfQu\u00e9 es la ley de compensaci\u00f3n laboral?"},"content":{"rendered":"<div class=\"dm-service-section \"><div class=\"dm-container\"><div class=\"dm-flex\">\n<div class=\"dm-full wow fadeInRight\">\n<p><span>Si ha sufrido una lesi\u00f3n en el trabajo, es posible que se pregunte si su lesi\u00f3n califica para la compensaci\u00f3n de trabajadores o quiera saber cu\u00e1les son las leyes espec\u00edficas en su estado. Nadie quiere lidiar con la frustraci\u00f3n y la carga financiera de una lesi\u00f3n laboral que no est\u00e1 completamente compensada.<\/span><\/p>\n<p><span>Entender las leyes de compensaci\u00f3n de trabajadores es crucial para asegurarse de obtener los beneficios que merece. Sin embargo, navegar por estas leyes puede ser complicado, por lo que se recomienda consultar a un abogado con experiencia. En E&amp;L, LLP, nuestros abogados de compensaci\u00f3n laboral tienen d\u00e9cadas de experiencia y est\u00e1n comprometidos a luchar por los trabajadores lesionados.<\/span><\/p>\n<p style=\"text-align: center;\"><b>LLAME A NUESTROS ABOGADOS PARA UNA CONSULTA GRATUITA Y SIN OBLIGACI\u00d3N<\/b><b><br \/>\n<\/b><b>(213) 213-0000<\/b><\/p>\n<p><b>PREGUNTAS FRECUENTES<\/b><\/p>\n<ol>\n<li><b> \u00bfQu\u00e9 es la compensaci\u00f3n de trabajadores?<\/b><\/li>\n<\/ol>\n<p><span>La compensaci\u00f3n de trabajadores es un tipo de seguro que proporciona apoyo financiero a los empleados que sufren lesiones o enfermedades relacionadas con el trabajo. Este programa cubre costos m\u00e9dicos, salarios perdidos y otros gastos relacionados, garantizando que los trabajadores puedan recuperarse sin el estr\u00e9s adicional de una carga financiera.<\/span><\/p>\n<ol start=\"2\">\n<li><b> \u00bfQu\u00e9 cubre la compensaci\u00f3n de trabajadores?<\/b><\/li>\n<\/ol>\n<p><span>La compensaci\u00f3n de trabajadores normalmente cubre:<\/span><\/p>\n<ul>\n<li><span>Gastos m\u00e9dicos: Visitas al hospital, cirug\u00edas, medicamentos y rehabilitaci\u00f3n.<\/span><\/li>\n<li><span>Salarios perdidos: Un porcentaje del ingreso mientras no pueda trabajar.<\/span><\/li>\n<li><span>Rehabilitaci\u00f3n vocacional: Asistencia para aprender nuevas habilidades si no puede volver a su trabajo anterior.<\/span><\/li>\n<li><span>Beneficios por fallecimiento: Asistencia financiera para los dependientes en caso de una muerte relacionada con el trabajo.<\/span><\/li>\n<\/ul>\n<ol start=\"3\">\n<li><b> \u00bfC\u00f3mo funciona?<\/b><\/li>\n<\/ol>\n<p><span>Cuando un trabajador se lesiona o se enferma debido a su trabajo, el proceso generalmente implica:<\/span><\/p>\n<ul>\n<li><span>Presentar un reclamo al seguro de compensaci\u00f3n de trabajadores del empleador.<\/span><\/li>\n<li><span>La compa\u00f1\u00eda de seguros investiga el reclamo para determinar su validez.<\/span><\/li>\n<li><span>Si se aprueba, el proveedor de seguros paga el tratamiento m\u00e9dico, reemplazo de salario y otros beneficios.<\/span><\/li>\n<li><span>Algunos casos pueden incluir servicios adicionales, como rehabilitaci\u00f3n vocacional, si la lesi\u00f3n impide que el empleado regrese a su puesto anterior.<\/span><\/li>\n<\/ul>\n<ol start=\"4\">\n<li><b> \u00bfQu\u00e9 no est\u00e1 cubierto por la compensaci\u00f3n de trabajadores?<\/b><\/li>\n<\/ol>\n<p><span>Aunque la compensaci\u00f3n de trabajadores cubre muchos escenarios, ciertas situaciones est\u00e1n excluidas, como:<\/span><\/p>\n<ul>\n<li><span>Lesiones autoinfligidas: Da\u00f1os intencionales o conducta indebida.<\/span><\/li>\n<li><span>Lesiones al violar reglas de la empresa: Por ejemplo, operar maquinaria bajo los efectos del alcohol.<\/span><\/li>\n<li><span>Lesiones por juegos bruscos: Lesiones derivadas de actividades imprudentes o no relacionadas con el trabajo.<\/span><\/li>\n<li><span>Lesiones durante el viaje: Accidentes durante el trayecto hacia o desde el trabajo, a menos que estuviera realizando una tarea relacionada con el trabajo.<\/span><\/li>\n<\/ul>\n<p><span>Conocer estas excepciones es esencial, ya que pueden afectar su elegibilidad para recibir beneficios.<\/span><\/p>\n<p style=\"text-align: center;\"><b>LLAME A NUESTROS ABOGADOS PARA UNA CONSULTA GRATUITA Y SIN OBLIGACI\u00d3N<\/b><b><br \/>\n<\/b><b>(213) 213-0000<\/b><\/p>\n<ol start=\"5\">\n<li><b> \u00bfCu\u00e1les son los beneficios de contratar a un abogado de compensaci\u00f3n de trabajadores?<\/b><\/li>\n<\/ol>\n<p><span>Contratar a un abogado para su reclamo de compensaci\u00f3n de trabajadores puede marcar una gran diferencia. Aqu\u00ed le explicamos c\u00f3mo:<\/span><\/p>\n<ul>\n<li><span>Experiencia y conocimiento: Los abogados entienden el sistema legal y los errores comunes, asegurando que evite errores que podr\u00edan poner en riesgo su reclamo.<\/span><\/li>\n<li><span>Trato con las compa\u00f1\u00edas de seguros: Las aseguradoras a menudo intentan minimizar los pagos o negar reclamos v\u00e1lidos. Un abogado puede defender sus derechos y oponerse a un trato injusto.<\/span><\/li>\n<li><span>Reducci\u00f3n del estr\u00e9s: Navegar el proceso de reclamos solo puede ser abrumador. Un abogado garantiza que todo se maneje profesionalmente y con precisi\u00f3n.<\/span><\/li>\n<li><span>Honorarios de contingencia: La mayor\u00eda de los abogados de compensaci\u00f3n de trabajadores trabajan con honorarios de contingencia, lo que significa que no paga a menos que ganen su caso.<\/span><\/li>\n<\/ul>\n<ol start=\"6\">\n<li><b> \u00bfCu\u00e1l es la diferencia entre un reclamo de compensaci\u00f3n de trabajadores y una demanda?<\/b><\/li>\n<\/ol>\n<p><span>La diferencia clave est\u00e1 en la necesidad de probar culpa:<\/span><\/p>\n<ul>\n<li><span>Reclamo de compensaci\u00f3n de trabajadores: No necesita probar culpa. Siempre que la lesi\u00f3n haya ocurrido en el trabajo y est\u00e9 cubierta, tiene derecho a beneficios.<\/span><\/li>\n<li><span>Demanda: Debe probar negligencia o descuido por parte de otra persona para recuperar da\u00f1os. Las demandas a menudo permiten compensaci\u00f3n por dolor y sufrimiento, lo cual no est\u00e1 disponible a trav\u00e9s de la compensaci\u00f3n de trabajadores.<\/span><\/li>\n<\/ul>\n<ol start=\"7\">\n<li><b> C\u00f3mo puede ayudar E&amp;L, LLP con su reclamo de compensaci\u00f3n<\/b><\/li>\n<\/ol>\n<p><span>Presentaci\u00f3n de su reclamo<\/span><\/p>\n<p><span>El proceso de compensaci\u00f3n de trabajadores puede implicar papeleo complicado y plazos estrictos. Nuestros abogados pueden manejar todos los aspectos de su reclamo para garantizar precisi\u00f3n y cumplimiento.<\/span><\/p>\n<p><span>Protecci\u00f3n de sus derechos<\/span><\/p>\n<p><span>Si su empleador o su compa\u00f1\u00eda de seguros disputan su reclamo, lucharemos para proteger sus derechos y asegurar los beneficios que merece.<\/span><\/p>\n<p><span>Negociaci\u00f3n de un acuerdo<\/span><\/p>\n<p><span>En casos donde se ofrece un acuerdo, nos aseguraremos de que refleje el valor real de sus gastos m\u00e9dicos, salarios perdidos y necesidades a largo plazo.<\/span><\/p>\n<p><span>Apelaciones y audiencias<\/span><\/p>\n<p><span>Si su reclamo es denegado, nuestros abogados con experiencia pueden representarlo durante el proceso de apelaci\u00f3n y en cualquier procedimiento legal posterior.<\/span><\/p>\n<p><b>Contacte a E&amp;L, LLP para recibir asistencia con su lesi\u00f3n relacionada con el trabajo<\/b><\/p>\n<p><span>Entender las leyes de compensaci\u00f3n de trabajadores es esencial para obtener los beneficios a los que tiene derecho despu\u00e9s de una lesi\u00f3n laboral. Ya sea que est\u00e9 presentando su primer reclamo o enfrentando una denegaci\u00f3n, E&amp;L, LLP puede brindarle la orientaci\u00f3n y representaci\u00f3n que necesita.<\/span><\/p>\n<p style=\"text-align: center;\"><b>LLAME A NUESTROS ABOGADOS PARA UNA CONSULTA GRATUITA Y SIN OBLIGACI\u00d3N<\/b><b><br \/>\n<\/b><b>(213) 213-0000<\/b><\/p>\n<p style=\"text-align: center;\"><b>NO NOS PAGAN HASTA QUE USTED RECIBA SU PAGO. ESA ES NUESTRA GARANT\u00cdA.<\/b><\/p>\n<\/div>\n<\/div><\/div><\/div>\n","protected":false},"excerpt":{"rendered":"","protected":false},"author":1,"featured_media":0,"parent":0,"menu_order":0,"comment_status":"closed","ping_status":"closed","template":"","meta":{"footnotes":""},"class_list":["post-1336","page","type-page","status-publish","hentry"],"_links":{"self":[{"href":"https:\/\/ebralavi.com\/tusabogadoslaborales\/wp-json\/wp\/v2\/pages\/1336","targetHints":{"allow":["GET"]}}],"collection":[{"href":"https:\/\/ebralavi.com\/tusabogadoslaborales\/wp-json\/wp\/v2\/pages"}],"about":[{"href":"https:\/\/ebralavi.com\/tusabogadoslaborales\/wp-json\/wp\/v2\/types\/page"}],"author":[{"embeddable":true,"href":"https:\/\/ebralavi.com\/tusabogadoslaborales\/wp-json\/wp\/v2\/users\/1"}],"replies":[{"embeddable":true,"href":"https:\/\/ebralavi.com\/tusabogadoslaborales\/wp-json\/wp\/v2\/comments?post=1336"}],"version-history":[{"count":3,"href":"https:\/\/ebralavi.com\/tusabogadoslaborales\/wp-json\/wp\/v2\/pages\/1336\/revisions"}],"predecessor-version":[{"id":1518,"href":"https:\/\/ebralavi.com\/tusabogadoslaborales\/wp-json\/wp\/v2\/pages\/1336\/revisions\/1518"}],"wp:attachment":[{"href":"https:\/\/ebralavi.com\/tusabogadoslaborales\/wp-json\/wp\/v2\/media?parent=1336"}],"curies":[{"name":"wp","href":"https:\/\/api.w.org\/{rel}","templated":true}]}}