{"id":1335,"date":"2025-02-06T17:36:32","date_gmt":"2025-02-06T17:36:32","guid":{"rendered":"https:\/\/tusabogadoslaboral.com\/?page_id=1335"},"modified":"2025-04-29T15:03:52","modified_gmt":"2025-04-29T15:03:52","slug":"what-you-need-to-know-about-workers-compensation","status":"publish","type":"page","link":"https:\/\/ebralavi.com\/tusabogadoslaborales\/what-you-need-to-know-about-workers-compensation\/","title":{"rendered":"Lo que necesita saber sobre la compensaci\u00f3n laboral"},"content":{"rendered":"<div class=\"dm-service-section \"><div class=\"dm-container\"><div class=\"dm-flex\">\n<div class=\"dm-full wow fadeInRight\">\n<p>Si sufri\u00f3 una lesi\u00f3n o enfermedad en el trabajo, podr\u00eda tener derecho a beneficios m\u00e9dicos y un reemplazo salarial a trav\u00e9s de la compensaci\u00f3n laboral. Sin embargo, el proceso de reclamo no siempre es sencillo: los empleadores y las compa\u00f1\u00edas de seguros a veces intentan minimizar o incluso negar los pagos que les corresponden a los empleados lesionados.<\/p>\n<p>En E&amp;L, LLP, nuestros dedicados abogados luchan incansablemente por los trabajadores de todos los sectores. Esto es lo que necesita saber sobre la compensaci\u00f3n laboral y c\u00f3mo podemos ayudarle.<\/p>\n<p style=\"text-align: center;\"><b>LLAME A NUESTROS ABOGADOS PARA UNA CONSULTA GRATUITA Y SIN COMPROMISO<\/b><b><br \/>\n<\/b><b>(213) 213-0000<\/b><\/p>\n<p><b>Preguntas frecuentes<\/b><\/p>\n<ol>\n<li><b>\u00bfQu\u00e9 es la compensaci\u00f3n laboral?<\/b><\/li>\n<\/ol>\n<p>La compensaci\u00f3n laboral es un tipo de seguro que proporciona beneficios m\u00e9dicos y reemplazo salarial a los empleados que sufren lesiones o enfermedades a causa de su trabajo. A cambio, los empleados generalmente pierden el derecho a demandar a su empleador por negligencia.<\/p>\n<ol start=\"2\">\n<li><b>\u00bfC\u00f3mo presentar una reclamaci\u00f3n de indemnizaci\u00f3n laboral?<\/b><\/li>\n<\/ol>\n<p>Presentar una reclamaci\u00f3n implica varios pasos:<\/p>\n<ul>\n<li>Reportar el incidente: Los empleados deben reportar la lesi\u00f3n o enfermedad a su empleador de inmediato.<\/li>\n<li>Completar formularios: El empleador debe proporcionar formularios para que el trabajador los complete. Estos formularios capturan detalles clave, como cu\u00e1ndo, d\u00f3nde y c\u00f3mo ocurri\u00f3 el accidente.<\/li>\n<li>Presentaci\u00f3n del empleador: El empleador generalmente presenta la reclamaci\u00f3n a su compa\u00f1\u00eda de seguros.<\/li>\n<li>Aprobaci\u00f3n de la reclamaci\u00f3n: Si se aprueba, el empleado recibir\u00e1 beneficios que cubren los costos m\u00e9dicos, la rehabilitaci\u00f3n y la p\u00e9rdida de salarios.<\/li>\n<li>Denegaci\u00f3n de la reclamaci\u00f3n: Si se deniega la reclamaci\u00f3n, el empleado tiene derecho a presentar una apelaci\u00f3n.\n<ol start=\"3\">\n<li><b>\u00bfQu\u00e9 sucede si se deniega su reclamaci\u00f3n?<\/b><\/li>\n<\/ol>\n<\/li>\n<\/ol>\n<p>Las aseguradoras pueden denegar las reclamaciones de compensaci\u00f3n laboral por diversas razones, entre ellas:<\/p>\n<ul>\n<li>Disputar que la lesi\u00f3n ocurri\u00f3 en el trabajo.<\/li>\n<li>Alegar que el empleado tergivers\u00f3 la Lesi\u00f3n.<\/li>\n<li>Atribuir la lesi\u00f3n a una condici\u00f3n preexistente.<\/li>\n<li>Alegar que el trabajador es un contratista independiente.<\/li>\n<\/ul>\n<\/li>\n<\/ol>\n<\/li>\n<\/ol>\n<p>Cada estado tiene un proceso de apelaci\u00f3n espec\u00edfico para reclamos denegados. Este proceso puede ser complejo y, a menudo, es mejor que lo gestione un abogado con experiencia en compensaci\u00f3n laboral.<\/p>\n<ol start=\"4\">\n<li><b>\u00bfQui\u00e9nes son elegibles para la compensaci\u00f3n laboral?<\/b><\/li>\n<\/ol>\n<\/li>\n<\/ol>\n<\/li>\n<\/ol>\n<p>La elegibilidad para la compensaci\u00f3n laboral var\u00eda seg\u00fan factores como:<\/p>\n<ul>\n<li>Situaci\u00f3n laboral: Si el trabajador est\u00e1 clasificado como empleado o contratista independiente.<\/li>\n<li>Leyes estatales: Las leyes de compensaci\u00f3n laboral difieren seg\u00fan el estado.<\/li>\n<li>Industria: Algunas industrias tienen normas y regulaciones \u00fanicas.<\/li>\n<li>Tipo de empleador: Los empleados federales pueden tener sistemas de compensaci\u00f3n laboral separados.<\/li>\n<\/ul>\n<\/li>\n<\/ol>\n<\/li>\n<\/ol>\n<p>La mayor\u00eda de los empleados est\u00e1n cubiertos por las leyes de compensaci\u00f3n laboral, que los protegen contra lesiones, enfermedades, accidentes y muertes en el lugar de trabajo. La compensaci\u00f3n laboral es un sistema sin culpa, por lo que los empleados no necesitan demostrar negligencia para tener derecho a los beneficios.<\/p>\n<ol start=\"5\">\n<li><b>\u00bfC\u00f3mo puede ayudarle un abogado especializado en compensaci\u00f3n laboral?<\/b><\/li>\n<\/ol>\n<\/li>\n<\/ol>\n<\/li>\n<\/ol>\n<p>Si sufri\u00f3 una lesi\u00f3n en el trabajo, un abogado experto puede guiarlo a trav\u00e9s del proceso y garantizar la protecci\u00f3n de sus derechos. En E&amp;L, LLP, nosotros:<\/p>\n<ul>\n<li>Le ayudamos a presentar su reclamo de forma precisa y puntual.<\/li>\n<li>Le representamos en apelaciones si su reclamo es denegado.<\/li>\n<li>Luchamos para asegurar los beneficios m\u00e9dicos y el reemplazo salarial a los que tiene derecho.Nuestros abogados cuentan con el conocimiento y la experiencia necesarios para abordar las complejidades de los reclamos de compensaci\u00f3n laboral y obtener la compensaci\u00f3n financiera que merece.\n<p><b>No espere para obtener la ayuda que necesita.<\/b><\/p>\n<p>Si sufri\u00f3 una lesi\u00f3n laboral, podr\u00eda tener derecho a una compensaci\u00f3n financiera significativa. No enfrente el proceso de reclamo solo. Deje que los abogados de E&amp;L, LLP luchen por sus derechos y obtengan los beneficios que merece.<\/p>\n<p style=\"text-align: center;\"><b>LLAME A NUESTROS ABOGADOS PARA UNA CONSULTA GRATUITA Y SIN COMPROMISO<\/b><b><br \/>\n<\/b><b>(213) 213-0000<\/b><\/p>\n<p style=\"text-align: center;\"><b>NO COBRAMOS HASTA QUE USTED COBRE. ESA ES NUESTRA GARANT\u00cdA.<\/b><\/p>\n<\/div>\n<\/div><\/div><\/div>\n","protected":false},"excerpt":{"rendered":"","protected":false},"author":1,"featured_media":0,"parent":0,"menu_order":0,"comment_status":"closed","ping_status":"closed","template":"","meta":{"footnotes":""},"class_list":["post-1335","page","type-page","status-publish","hentry"],"_links":{"self":[{"href":"https:\/\/ebralavi.com\/tusabogadoslaborales\/wp-json\/wp\/v2\/pages\/1335","targetHints":{"allow":["GET"]}}],"collection":[{"href":"https:\/\/ebralavi.com\/tusabogadoslaborales\/wp-json\/wp\/v2\/pages"}],"about":[{"href":"https:\/\/ebralavi.com\/tusabogadoslaborales\/wp-json\/wp\/v2\/types\/page"}],"author":[{"embeddable":true,"href":"https:\/\/ebralavi.com\/tusabogadoslaborales\/wp-json\/wp\/v2\/users\/1"}],"replies":[{"embeddable":true,"href":"https:\/\/ebralavi.com\/tusabogadoslaborales\/wp-json\/wp\/v2\/comments?post=1335"}],"version-history":[{"count":8,"href":"https:\/\/ebralavi.com\/tusabogadoslaborales\/wp-json\/wp\/v2\/pages\/1335\/revisions"}],"predecessor-version":[{"id":1516,"href":"https:\/\/ebralavi.com\/tusabogadoslaborales\/wp-json\/wp\/v2\/pages\/1335\/revisions\/1516"}],"wp:attachment":[{"href":"https:\/\/ebralavi.com\/tusabogadoslaborales\/wp-json\/wp\/v2\/media?parent=1335"}],"curies":[{"name":"wp","href":"https:\/\/api.w.org\/{rel}","templated":true}]}}