{"id":1332,"date":"2025-02-06T17:34:57","date_gmt":"2025-02-06T17:34:57","guid":{"rendered":"https:\/\/tusabogadoslaboral.com\/?page_id=1332"},"modified":"2025-04-29T16:06:06","modified_gmt":"2025-04-29T16:06:06","slug":"types-of-workers-compensation-claims","status":"publish","type":"page","link":"https:\/\/ebralavi.com\/tusabogadoslaborales\/types-of-workers-compensation-claims\/","title":{"rendered":"Tipos de reclamaciones de compensaci\u00f3n laboral"},"content":{"rendered":"<div class=\"dm-service-section \"><div class=\"dm-container\"><div class=\"dm-flex\">\n<div class=\"dm-full wow fadeInRight\">\n<p><span>Los accidentes laborales pueden sucederle a cualquiera, sin importar cu\u00e1n cauteloso o responsable sea. Afortunadamente, existe el seguro de compensaci\u00f3n laboral para ayudar a los empleados a recuperar apoyo financiero despu\u00e9s de una lesi\u00f3n o enfermedad relacionada con el trabajo. En E&amp;L, LLP, nuestros abogados tienen experiencia manejando todo tipo de reclamaciones de compensaci\u00f3n laboral y est\u00e1n aqu\u00ed para asistirte.<\/span><\/p>\n<p style=\"text-align: center;\"><b>LLAMA A NUESTROS ABOGADOS PARA UNA CONSULTA GRATUITA SIN OBLIGACI\u00d3N<\/b><b><br \/>\n<\/b><b>(213) 213-0000<\/b><\/p>\n<p><b>Tipos Comunes de Reclamaciones de Compensaci\u00f3n Laboral<\/b><\/p>\n<p><span>En E&amp;L, LLP, manejamos frecuentemente casos relacionados con los siguientes tipos de lesiones laborales y reclamaciones:<\/span><\/p>\n<ul>\n<li style=\"list-style-type: none;\">\n<ul>\n<li><b>Exceso de esfuerzo:<\/b><b><br \/>\n<\/b><span>Las lesiones en la espalda, los m\u00fasculos estirados y otras lesiones por exceso de esfuerzo son comunes en industrias f\u00edsicamente demandantes como la construcci\u00f3n, la manufactura y el trabajo en f\u00e1bricas.<\/span><\/li>\n<\/ul>\n<\/li>\n<\/ul>\n<ul>\n<li aria-level=\"1\"><b>Accidentes por resbalones y ca\u00eddas:<\/b><b><br \/>\n<\/b><span>Las superficies resbaladizas causadas por derrames o pisos reci\u00e9n limpiados a menudo resultan en lesiones por resbalones y ca\u00eddas, que son comunes en restaurantes, oficinas, espacios comerciales y entornos industriales.<\/span><\/li>\n<\/ul>\n<ul>\n<li style=\"list-style-type: none;\">\n<ul>\n<li><b>Accidentes por objetos ca\u00eddos:<\/b><b><br \/>\n<\/b><span>Los objetos que caen de estanter\u00edas, los art\u00edculos ca\u00eddos o los proyectiles voladores pueden causar lesiones graves. Estos incidentes son particularmente comunes en oficinas, tiendas comerciales, sitios de construcci\u00f3n y almacenes.<\/span><\/li>\n<li><b>Ca\u00eddas desde alturas:<\/b><b><br \/>\n<\/b><span>Los empleados que trabajan en escaleras, andamios o plataformas elevadas corren el riesgo de ca\u00eddas, que pueden provocar lesiones graves que requieran un tiempo de recuperaci\u00f3n extenso.<\/span><\/li>\n<\/ul>\n<\/li>\n<\/ul>\n<ul>\n<li aria-level=\"1\"><b>Exposici\u00f3n a materiales peligrosos:<\/b><b><br \/>\n<\/b><span>Los trabajadores expuestos a productos qu\u00edmicos o sustancias t\u00f3xicas sin el equipo de protecci\u00f3n adecuado (como guantes, gafas y ropa) pueden sufrir quemaduras, enfermedades respiratorias, infecciones en la piel u otras condiciones graves.<\/span><\/li>\n<\/ul>\n<ul>\n<li aria-level=\"1\"><b>Lesiones por movimientos repetitivos:<\/b><b><br \/>\n<\/b><span>Los movimientos repetidos, como escribir o operar maquinaria, pueden provocar condiciones como el s\u00edndrome del t\u00fanel carpiano. Estas lesiones afectan com\u00fanmente a los trabajadores de oficina, especialistas en ingreso de datos y empleados de l\u00edneas de ensamblaje.<\/span><\/li>\n<\/ul>\n<p><b>Lo que Cubren las Reclamaciones de Compensaci\u00f3n Laboral<\/b><\/p>\n<p><span>No importa el tipo de lesi\u00f3n o enfermedad laboral, presentar una reclamaci\u00f3n de compensaci\u00f3n laboral puede permitirte recuperar:<\/span><\/p>\n<ul>\n<li style=\"list-style-type: none;\">\n<ul>\n<li><b>Gastos m\u00e9dicos:<\/b><b><br \/>\n<\/b><span>La cobertura t\u00edpicamente incluye visitas al hospital, atenci\u00f3n de emergencia, citas con el m\u00e9dico, medicamentos y equipos m\u00e9dicos necesarios.<\/span><\/li>\n<li><b>Beneficios por discapacidad temporal o permanente:<\/b><b><br \/>\n<\/b><span>Compensaci\u00f3n por los salarios perdidos debido a la incapacidad temporal o permanente para trabajar.<\/span><\/li>\n<\/ul>\n<\/li>\n<\/ul>\n<ul>\n<li aria-level=\"1\"><b>Costos de rehabilitaci\u00f3n:<\/b><b><br \/>\n<\/b><span>Incluye fisioterapia, terapia ocupacional u otros tratamientos necesarios para la recuperaci\u00f3n.<\/span><\/li>\n<\/ul>\n<ul>\n<li aria-level=\"1\"><b>Beneficios por muerte:<\/b><b><br \/>\n<\/b><span>En el lamentable caso de una muerte relacionada con el trabajo, los miembros de la familia dependientes financieramente pueden ser elegibles para compensaci\u00f3n, incluidos los costos funerarios y de entierro.<\/span><\/li>\n<\/ul>\n<p><b>Contacta a un Abogado de Compensaci\u00f3n Laboral<\/b><\/p>\n<p><span>Si has sido lesionado o te has enfermado debido a tu trabajo, puedes tener derecho a los beneficios de compensaci\u00f3n laboral. Navegar por el proceso de reclamaciones puede ser desafiante, especialmente cuando los empleadores o las compa\u00f1\u00edas de seguros intentan negar o minimizar tu reclamaci\u00f3n.<\/span><\/p>\n<p><span>En E&amp;L, LLP, nuestros abogados dedicados est\u00e1n aqu\u00ed para ayudarte a recuperar los beneficios que te corresponden.<\/span><\/p>\n<p style=\"text-align: center;\"><b>LLAMA A NUESTROS ABOGADOS PARA UNA CONSULTA GRATUITA SIN OBLIGACI\u00d3N<\/b><b><br \/>\n<\/b><b>(213) 213-0000<\/b><\/p>\n<p style=\"text-align: center;\"><b>No RECIBIMOS PAGO HASTA QUE T\u00da RECIBAS EL TUYO. ESA ES NUESTRA GARANT\u00cdA.<\/b><\/p>\n<\/div>\n<\/div><\/div><\/div>\n","protected":false},"excerpt":{"rendered":"","protected":false},"author":1,"featured_media":0,"parent":0,"menu_order":0,"comment_status":"closed","ping_status":"closed","template":"","meta":{"footnotes":""},"class_list":["post-1332","page","type-page","status-publish","hentry"],"_links":{"self":[{"href":"https:\/\/ebralavi.com\/tusabogadoslaborales\/wp-json\/wp\/v2\/pages\/1332","targetHints":{"allow":["GET"]}}],"collection":[{"href":"https:\/\/ebralavi.com\/tusabogadoslaborales\/wp-json\/wp\/v2\/pages"}],"about":[{"href":"https:\/\/ebralavi.com\/tusabogadoslaborales\/wp-json\/wp\/v2\/types\/page"}],"author":[{"embeddable":true,"href":"https:\/\/ebralavi.com\/tusabogadoslaborales\/wp-json\/wp\/v2\/users\/1"}],"replies":[{"embeddable":true,"href":"https:\/\/ebralavi.com\/tusabogadoslaborales\/wp-json\/wp\/v2\/comments?post=1332"}],"version-history":[{"count":3,"href":"https:\/\/ebralavi.com\/tusabogadoslaborales\/wp-json\/wp\/v2\/pages\/1332\/revisions"}],"predecessor-version":[{"id":1540,"href":"https:\/\/ebralavi.com\/tusabogadoslaborales\/wp-json\/wp\/v2\/pages\/1332\/revisions\/1540"}],"wp:attachment":[{"href":"https:\/\/ebralavi.com\/tusabogadoslaborales\/wp-json\/wp\/v2\/media?parent=1332"}],"curies":[{"name":"wp","href":"https:\/\/api.w.org\/{rel}","templated":true}]}}