{"id":1319,"date":"2025-02-06T17:12:20","date_gmt":"2025-02-06T17:12:20","guid":{"rendered":"https:\/\/tusabogadoslaboral.com\/?page_id=1319"},"modified":"2025-04-29T16:02:22","modified_gmt":"2025-04-29T16:02:22","slug":"workers-compensation-claim-checklist","status":"publish","type":"page","link":"https:\/\/ebralavi.com\/tusabogadoslaborales\/workers-compensation-claim-checklist\/","title":{"rendered":"Lista de verificaci\u00f3n de reclamos de compensaci\u00f3n laboral"},"content":{"rendered":"<div class=\"dm-service-section \"><div class=\"dm-container\"><div class=\"dm-flex\">\n<div class=\"dm-full wow fadeInRight\">\n<p><span style=\"font-weight: 400;\">En E&amp;L, LLP, nuestros abogados experimentados en compensaci\u00f3n laboral est\u00e1n comprometidos a ayudar a los trabajadores lesionados o enfermos a obtener una compensaci\u00f3n financiera por salarios perdidos, facturas m\u00e9dicas y otros beneficios esenciales. Si est\u00e1s planeando presentar una reclamaci\u00f3n, usa esta lista de verificaci\u00f3n para asegurarte de seguir todos los pasos necesarios:<\/span><\/p>\n<ol>\n<li><b> Reporta el Incidente<\/b><\/li>\n<\/ol>\n<p><b>Para presentar una reclamaci\u00f3n de compensaci\u00f3n laboral, tu lesi\u00f3n o enfermedad debe estar relacionada con el trabajo. Esto <\/b><span style=\"font-weight: 400;\">incluye una amplia variedad de escenarios, tales como:<\/span><\/p>\n<ul>\n<li style=\"font-weight: 400;\" aria-level=\"1\"><span style=\"font-weight: 400;\">Accidentes por resbalones y ca\u00eddas<\/span><\/li>\n<li style=\"font-weight: 400;\" aria-level=\"1\"><span style=\"font-weight: 400;\">Exposici\u00f3n a sustancias peligrosas<\/span><\/li>\n<li style=\"font-weight: 400;\" aria-level=\"1\"><span style=\"font-weight: 400;\">Lesiones por movimientos repetitivos<\/span><\/li>\n<\/ul>\n<p><span style=\"font-weight: 400;\">Independientemente del tipo de incidente, es crucial reportar la lesi\u00f3n a tu empleador lo antes posible. Informar r\u00e1pidamente ayuda a proteger tus derechos y fortalece tu reclamaci\u00f3n.<\/span><\/p>\n<ol start=\"2\">\n<li><b> Busca Tratamiento M\u00e9dico<\/b><\/li>\n<\/ol>\n<p><span style=\"font-weight: 400;\">Prioriza tu salud y busca atenci\u00f3n m\u00e9dica de inmediato. Las lesiones suelen responder mejor al tratamiento temprano, y retrasar la atenci\u00f3n m\u00e9dica puede dificultar la conexi\u00f3n de tu lesi\u00f3n con el accidente laboral.<\/span><\/p>\n<p><span style=\"font-weight: 400;\">La mayor\u00eda de los estados requieren que los empleados visiten a un proveedor m\u00e9dico aprobado por su empleador o la aseguradora de compensaci\u00f3n laboral. Si deseas obtener una segunda opini\u00f3n, ten en cuenta que pueden aplicarse restricciones seg\u00fan las leyes de tu estado.<\/span><\/p>\n<ol start=\"3\">\n<li><b> Presenta la Documentaci\u00f3n Requerida<\/b><\/li>\n<\/ol>\n<p><span style=\"font-weight: 400;\">Tu empleador es responsable de proporcionar los formularios necesarios para tu reclamaci\u00f3n de compensaci\u00f3n laboral. Esto incluye los formularios para:<\/span><\/p>\n<ul>\n<li style=\"font-weight: 400;\" aria-level=\"1\"><span style=\"font-weight: 400;\">El proveedor de seguro de compensaci\u00f3n laboral<\/span><\/li>\n<li style=\"font-weight: 400;\" aria-level=\"1\"><span style=\"font-weight: 400;\">La junta estatal de compensaci\u00f3n laboral<\/span><\/li>\n<\/ul>\n<p><span style=\"font-weight: 400;\">Tu empleador tambi\u00e9n debe informarte sobre tus derechos, los beneficios potenciales y las pautas para regresar al trabajo. Aseg\u00farate de completar todos los formularios de manera precisa y enviarlos dentro del plazo requerido.<\/span><\/p>\n<ol start=\"4\">\n<li><b> Mant\u00e9n a tu Empleador Actualizado<\/b><\/li>\n<\/ol>\n<p><span style=\"font-weight: 400;\">Mant\u00e9n una comunicaci\u00f3n abierta con tu empleador durante tu recuperaci\u00f3n. Comparte actualizaciones de citas de seguimiento, resultados de pruebas y cualquier otra evaluaci\u00f3n m\u00e9dica. Estas actualizaciones no solo documentan tu cumplimiento con los consejos m\u00e9dicos, sino que tambi\u00e9n demuestran que tu condici\u00f3n est\u00e1 afectando tu capacidad para trabajar.<\/span><\/p>\n<ol start=\"5\">\n<li><b> Presenta una Apelaci\u00f3n si es Necesario<\/b><\/li>\n<\/ol>\n<p><span style=\"font-weight: 400;\">Si tu reclamaci\u00f3n de compensaci\u00f3n laboral es denegada, no pierdas la esperanza. Tienes derecho a apelar la decisi\u00f3n. Un abogado experimentado en compensaci\u00f3n laboral puede ayudarte a construir un caso s\u00f3lido y a navegar por el proceso de apelaci\u00f3n para maximizar tus posibilidades de asegurar los beneficios que mereces.<\/span><\/p>\n<ol start=\"6\">\n<li><b> Contacta a un Abogado de Compensaci\u00f3n Laboral<\/b><\/li>\n<\/ol>\n<p><span style=\"font-weight: 400;\">Navegar por el proceso de compensaci\u00f3n laboral puede ser abrumador, especialmente mientras te recuperas de una lesi\u00f3n o enfermedad. Un abogado experimentado puede guiarte en cada paso, proteger tus derechos y asegurarse de que recibas la compensaci\u00f3n a la que tienes derecho.<\/span><\/p>\n<p><span style=\"font-weight: 400;\">En E&amp;L, LLP, estamos aqu\u00ed para ayudarte. Si has sido lesionado o te has enfermado en el trabajo, no dudes en contactarnos para una consulta gratuita.<\/span><\/p>\n<p style=\"text-align: center;\"><b>LLAMA A NUESTROS ABOGADOS PARA UNA CONSULTA GRATUITA SIN OBLIGACI\u00d3N<\/b><b><br \/>\n<\/b><b>(213) 213-0000<\/b><\/p>\n<p style=\"text-align: center;\"><b>NO RECIBIMOS PAGO HASTA QUE T\u00da RECIBAS EL TUYO. ESA ES NUESTRA GARANT\u00cdA.<\/b><\/p>\n<\/div>\n<\/div><\/div><\/div>\n","protected":false},"excerpt":{"rendered":"","protected":false},"author":1,"featured_media":0,"parent":0,"menu_order":0,"comment_status":"closed","ping_status":"closed","template":"","meta":{"footnotes":""},"class_list":["post-1319","page","type-page","status-publish","hentry"],"_links":{"self":[{"href":"https:\/\/ebralavi.com\/tusabogadoslaborales\/wp-json\/wp\/v2\/pages\/1319","targetHints":{"allow":["GET"]}}],"collection":[{"href":"https:\/\/ebralavi.com\/tusabogadoslaborales\/wp-json\/wp\/v2\/pages"}],"about":[{"href":"https:\/\/ebralavi.com\/tusabogadoslaborales\/wp-json\/wp\/v2\/types\/page"}],"author":[{"embeddable":true,"href":"https:\/\/ebralavi.com\/tusabogadoslaborales\/wp-json\/wp\/v2\/users\/1"}],"replies":[{"embeddable":true,"href":"https:\/\/ebralavi.com\/tusabogadoslaborales\/wp-json\/wp\/v2\/comments?post=1319"}],"version-history":[{"count":4,"href":"https:\/\/ebralavi.com\/tusabogadoslaborales\/wp-json\/wp\/v2\/pages\/1319\/revisions"}],"predecessor-version":[{"id":1538,"href":"https:\/\/ebralavi.com\/tusabogadoslaborales\/wp-json\/wp\/v2\/pages\/1319\/revisions\/1538"}],"wp:attachment":[{"href":"https:\/\/ebralavi.com\/tusabogadoslaborales\/wp-json\/wp\/v2\/media?parent=1319"}],"curies":[{"name":"wp","href":"https:\/\/api.w.org\/{rel}","templated":true}]}}