{"id":1299,"date":"2025-02-03T19:34:27","date_gmt":"2025-02-03T19:34:27","guid":{"rendered":"https:\/\/tusabogadoslaboral.com\/?page_id=1299"},"modified":"2025-04-30T09:46:34","modified_gmt":"2025-04-30T09:46:34","slug":"disability-classification-information","status":"publish","type":"page","link":"https:\/\/ebralavi.com\/tusabogadoslaborales\/disability-classification-information\/","title":{"rendered":"Informaci\u00f3n sobre la clasificaci\u00f3n de discapacidad"},"content":{"rendered":"<div class=\"dm-service-section \"><div class=\"dm-container\"><div class=\"dm-flex\">\n<div class=\"dm-full wow fadeInRight\">\n<p> Las lesiones graves en el lugar de trabajo pueden tener consecuencias de por vida, limitando su capacidad para trabajar o incluso para realizar tareas b\u00e1sicas del d\u00eda a d\u00eda. La combinaci\u00f3n de facturas m\u00e9dicas crecientes y terapia continua puede ser financieramente devastadora, causando dificultades prolongadas para usted y su familia despu\u00e9s de un accidente que no fue su culpa. Buscar una compensaci\u00f3n por su lesi\u00f3n laboral podr\u00eda brindarle el alivio econ\u00f3mico que necesita para cubrir estos gastos y recuperar la estabilidad.<\/p>\n<p> Desafortunadamente, las compa\u00f1\u00edas de seguros a menudo priorizan sus ganancias y pueden intentar minimizar sus lesiones para reducir los pagos. Si una aseguradora intenta aprovecharse de usted, los abogados experimentados de E&amp;L, LLP est\u00e1n aqu\u00ed para ayudarle a luchar por la compensaci\u00f3n que merece.<\/p>\n<p style=\"text-align: center;\"><b>LLAME A NUESTROS ABOGADOS PARA UNA CONSULTA GRATUITA Y SIN OBLIGACI\u00d3N<\/b><b><br \/>\n<\/b><b>(213) 213-0000<\/b><\/p>\n<p><b>Preguntas Frecuentes<\/b><\/p>\n<p> \u00bfCu\u00e1les son las Diferentes Clasificaciones de Discapacidad?<\/p>\n<p> Su clasificaci\u00f3n de discapacidad es determinada por el profesional m\u00e9dico que supervisa su atenci\u00f3n. Estas clasificaciones juegan un papel cr\u00edtico en la determinaci\u00f3n de la cantidad de compensaci\u00f3n que puede recibir. Comprender su clasificaci\u00f3n es esencial para asegurarse de recibir los beneficios a los que tiene derecho. Las cuatro principales clasificaciones de discapacidad son:<\/p>\n<ul>\n<li> Discapacidad Parcial Temporal: Sus lesiones sanar\u00e1n con el tiempo, permiti\u00e9ndole volver a su capacidad total.<\/li>\n<li> Discapacidad Total Temporal: Su discapacidad es temporal pero le impide realizar sus tareas laborales.<\/li>\n<li> Discapacidad Parcial Permanente: Sus lesiones limitan su capacidad para realizar ciertas tareas, pero no le impiden trabajar completamente.<\/li>\n<li> Discapacidad Total Permanente: No puede realizar ning\u00fan tipo de trabajo que hac\u00eda antes del accidente.<\/li>\n<\/ul>\n<p> Las discapacidades se categorizan adem\u00e1s por su gravedad\u2014leve, moderada, marcada o total\u2014seg\u00fan el porcentaje de discapacidad que experimente. Este porcentaje puede ser debatido durante las negociaciones, por lo que es crucial contar con registros m\u00e9dicos detallados que documenten su condici\u00f3n.<\/p>\n<p><b>\u00bfQu\u00e9 Hay Sobre la Incapacidad?<\/b><\/p>\n<p> Los accidentes laborales tambi\u00e9n pueden resultar en incapacidades, incluyendo da\u00f1os mentales o emocionales. Las incapacidades se clasifican en dos categor\u00edas:<\/p>\n<ul>\n<li> Incapacidad Temporal: Se espera que la lesi\u00f3n sane con el tiempo.<\/li>\n<li> Incapacidad Permanente: La condici\u00f3n ha llegado a un punto m\u00e1ximo, y es poco probable que el tratamiento adicional la mejore.<\/li>\n<\/ul>\n<p> Cuando el tratamiento ya no puede mejorar la condici\u00f3n, se dice que la persona lesionada ha alcanzado la Mejor\u00eda M\u00e9dica M\u00e1xima (MMI). Los casos de incapacidad permanente requieren el estado de MMI y pueden calificar para tasas de compensaci\u00f3n m\u00e1s altas.<\/p>\n<p style=\"text-align: center;\"><b>LLAME A NUESTROS ABOGADOS PARA UNA CONSULTA GRATUITA Y SIN OBLIGACI\u00d3N<\/b><b><br \/>\n<\/b><b>(213) 213-0000<\/b><\/p>\n<p><b>\u00bfC\u00f3mo Puede Ayudar un Abogado de Compensaci\u00f3n Laboral?<\/b><\/p>\n<p> Las compa\u00f1\u00edas de seguros tienen un largo historial de pr\u00e1cticas poco \u00e9ticas, a menudo subvalorando las lesiones o presionando a los reclamantes para que acepten ofertas de liquidaci\u00f3n bajas. Al contratar a un abogado experimentado en compensaci\u00f3n laboral, usted puede:<\/p>\n<ul>\n<li> Asegurarse de que sus lesiones sean clasificadas y compensadas correctamente.<\/li>\n<li> Evitar aceptar menos de lo que vale su reclamaci\u00f3n.<\/li>\n<li> Tomar decisiones informadas sobre si recibir un pago \u00fanico o beneficios semanales.<\/li>\n<li> Navegar por el complejo proceso legal con un profesional que ha manejado casos similares.<\/li>\n<\/ul>\n<p> En E&amp;L, LLP, nuestros abogados capacitados se especializan en asegurar acuerdos justos para trabajadores lesionados. Lo guiaremos en cada paso del proceso y lucharemos para asegurarnos de que reciba la compensaci\u00f3n que merece.<\/p>\n<p><b>C\u00f3mo Empezar con E&amp;L, LLP<\/b><\/p>\n<p> Una discapacidad que cambia la vida nunca fue parte de su descripci\u00f3n laboral, y no deber\u00eda tener que cargar con el peso financiero de un accidente causado por su trabajo. En E&amp;L, LLP, estamos dedicados a aliviar su estr\u00e9s manejando las complejidades legales de su caso mientras usted se enfoca en su recuperaci\u00f3n.<\/p>\n<p> No todos los bufetes de abogados son iguales\u2014E&amp;L, LLP tiene la experiencia, los recursos y la compasi\u00f3n para darle a su caso la atenci\u00f3n que merece.<\/p>\n<p style=\"text-align: center;\"><b>LLAME A NUESTROS ABOGADOS PARA UNA CONSULTA GRATUITA Y SIN OBLIGACI\u00d3N<\/b><b><br \/>\n<\/b><b>(213) 213-0000<\/b><\/p>\n<p style=\"text-align: center;\">\n<p style=\"text-align: center;\"><b>NO NOS PAGAN HASTA QUE USTED RECIBA SU PAGO. ESA ES NUESTRA GARANT\u00cdA.<\/b><\/p>\n<\/div>\n<\/div><\/div><\/div>\n","protected":false},"excerpt":{"rendered":"","protected":false},"author":1,"featured_media":0,"parent":0,"menu_order":0,"comment_status":"closed","ping_status":"closed","template":"","meta":{"footnotes":""},"class_list":["post-1299","page","type-page","status-publish","hentry"],"_links":{"self":[{"href":"https:\/\/ebralavi.com\/tusabogadoslaborales\/wp-json\/wp\/v2\/pages\/1299","targetHints":{"allow":["GET"]}}],"collection":[{"href":"https:\/\/ebralavi.com\/tusabogadoslaborales\/wp-json\/wp\/v2\/pages"}],"about":[{"href":"https:\/\/ebralavi.com\/tusabogadoslaborales\/wp-json\/wp\/v2\/types\/page"}],"author":[{"embeddable":true,"href":"https:\/\/ebralavi.com\/tusabogadoslaborales\/wp-json\/wp\/v2\/users\/1"}],"replies":[{"embeddable":true,"href":"https:\/\/ebralavi.com\/tusabogadoslaborales\/wp-json\/wp\/v2\/comments?post=1299"}],"version-history":[{"count":2,"href":"https:\/\/ebralavi.com\/tusabogadoslaborales\/wp-json\/wp\/v2\/pages\/1299\/revisions"}],"predecessor-version":[{"id":1577,"href":"https:\/\/ebralavi.com\/tusabogadoslaborales\/wp-json\/wp\/v2\/pages\/1299\/revisions\/1577"}],"wp:attachment":[{"href":"https:\/\/ebralavi.com\/tusabogadoslaborales\/wp-json\/wp\/v2\/media?parent=1299"}],"curies":[{"name":"wp","href":"https:\/\/api.w.org\/{rel}","templated":true}]}}