{"id":1294,"date":"2025-02-03T19:33:07","date_gmt":"2025-02-03T19:33:07","guid":{"rendered":"https:\/\/tusabogadoslaboral.com\/?page_id=1294"},"modified":"2025-04-30T09:35:16","modified_gmt":"2025-04-30T09:35:16","slug":"permanent-partial-disability-settlement","status":"publish","type":"page","link":"https:\/\/ebralavi.com\/tusabogadoslaborales\/permanent-partial-disability-settlement\/","title":{"rendered":"Liquidaci\u00f3n por incapacidad parcial permanente"},"content":{"rendered":"<div class=\"dm-service-section \"><div class=\"dm-container\"><div class=\"dm-flex\">\n<div class=\"dm-full wow fadeInRight\">\n<p>Si ha sufrido una lesi\u00f3n permanente que limita parcialmente su capacidad para trabajar, puede tener derecho a recibir compensaci\u00f3n. Navegar por el proceso para asegurar un acuerdo justo puede ser un desaf\u00edo, especialmente cuando se trata con compa\u00f1\u00edas de seguros que a menudo intentan minimizar los pagos. Ah\u00ed es donde entramos nosotros. Un abogado experimentado puede negociar en su nombre y ayudarlo a recuperar la compensaci\u00f3n que se merece por su discapacidad parcial permanente.<\/span><\/p>\n<p>Una discapacidad parcial permanente (DPP) se define como una lesi\u00f3n que impide permanentemente a un trabajador volver al tipo de trabajo que realizaba antes del accidente. Lamentablemente, este tipo de discapacidad es uno de los resultados m\u00e1s comunes de las lesiones laborales. De hecho, m\u00e1s de la mitad de todas las reclamaciones de compensaci\u00f3n laboral en los Estados Unidos cada a\u00f1o involucran discapacidades parciales permanentes.<\/span><\/p>\n<p>Las compa\u00f1\u00edas de seguros a menudo dificultan la obtenci\u00f3n de una compensaci\u00f3n completa y justa para las reclamaciones de DPP. Contratar a un abogado especializado en compensaci\u00f3n laboral puede marcar la diferencia para asegurarse de recibir el acuerdo que se merece.<\/span><\/p>\n<p style=\"text-align: center;\"><b>LLAME A NUESTROS ABOGADOS PARA UNA CONSULTA GRATUITA Y SIN OBLIGACI\u00d3N<\/b><b><br \/>\n<\/b><b>(213) 213-0000<\/b><\/p>\n<p><b>Preguntas Frecuentes<\/b><\/p>\n<p><b>\u00bfCu\u00e1les son las discapacidades parciales permanentes m\u00e1s comunes?<\/b><\/p>\n<p>La DPP puede resultar de diversas lesiones laborales, y las lesiones espec\u00edficas cubiertas por la compensaci\u00f3n laboral pueden variar. Sin embargo, algunas de las lesiones m\u00e1s comunes reportadas como DPP incluyen:<\/span><\/p>\n<ul>\n<li> Amputaci\u00f3n de una parte del cuerpo<\/span><\/li>\n<li> Lesiones en la espalda que causan dolor a largo plazo o movilidad limitada<\/span><\/li>\n<li> S\u00edndrome del t\u00fanel carpiano debido a movimientos repetitivos<\/span><\/li>\n<li> P\u00e9rdida de audici\u00f3n causada por exposici\u00f3n al ruido en el lugar de trabajo<\/span><\/li>\n<li> Lesiones en las rodillas por trabajo f\u00edsico o accidentes<\/span><\/li>\n<li> Da\u00f1o a los nervios por accidentes laborales o esfuerzo repetitivo<\/span><\/li>\n<li> Trastorno de Estr\u00e9s Postraum\u00e1tico (TEPT) debido a eventos traum\u00e1ticos en el trabajo<\/span><\/li>\n<li> P\u00e9rdida de visi\u00f3n debido a peligros o lesiones laborales<\/span><\/li>\n<\/ul>\n<p><b>\u00bfCu\u00e1nto ser\u00e1 mi acuerdo por discapacidad parcial permanente?<\/b><\/p>\n<p>El valor de su acuerdo por DPP depende de varios factores, ya que los beneficios de compensaci\u00f3n laboral se administran a nivel estatal. Si bien la compensaci\u00f3n laboral generalmente cubre los costos m\u00e9dicos y los salarios perdidos, la cantidad adicional que puede recibir por su acuerdo de DPP est\u00e1 influenciada por los siguientes factores:<\/span><\/p>\n<ul>\n<li> Su Calificaci\u00f3n de Discapacidad: Asignada por el m\u00e9dico que realice su Examen M\u00e9dico Independiente (IME), esta calificaci\u00f3n eval\u00faa la gravedad de su discapacidad y su impacto en su capacidad para trabajar.<\/span><\/li>\n<li> Su Edad: Los trabajadores m\u00e1s j\u00f3venes pueden recibir acuerdos m\u00e1s altos debido a su mayor esperanza de vida laboral.<\/span><\/li>\n<li> Educaci\u00f3n e Historia Laboral: Su capacidad para cambiar a un nuevo trabajo o carrera puede afectar el monto de su acuerdo.<\/span><\/li>\n<li> Oportunidades de Empleo Futuro: Si su discapacidad le impide trabajar en su capacidad anterior, su acuerdo puede reflejar esta limitaci\u00f3n.<\/span><\/li>\n<li> Salud Mental y Emocional: La junta de compensaci\u00f3n laboral puede considerar el impacto mental de su lesi\u00f3n.<\/span><\/li>\n<li> Apoyo Familiar y Financiero: La capacidad de su hogar para manejarse sin sus ingresos anteriores puede ser un factor a considerar.<\/span><\/li>\n<\/ul>\n<p>Cada caso es \u00fanico, por lo que es esencial contar con un abogado experimentado para evaluar y maximizar su reclamaci\u00f3n de manera precisa.<\/span><\/p>\n<p style=\"text-align: center;\"><b>LLAME A NUESTROS ABOGADOS PARA UNA CONSULTA GRATUITA Y SIN OBLIGACI\u00d3N<\/b><b><br \/>\n<\/b><b>(213) 213-0000<\/b><\/p>\n<p><b>\u00bfC\u00f3mo puede ayudarle E&amp;L, LLP?<\/b><\/p>\n<p>En E&amp;L, LLP, entendemos lo que puede cambiarle la vida una discapacidad parcial permanente. Estamos aqu\u00ed para guiarlo a trav\u00e9s del complejo proceso de compensaci\u00f3n laboral y luchar por el acuerdo que se merece. Nuestro equipo:<\/span><\/p>\n<ul>\n<li> Revisar\u00e1 su caso para evaluar su valor<\/span><\/li>\n<li> Le ayudar\u00e1 a navegar el proceso de Examen M\u00e9dico Independiente (IME)<\/span><\/li>\n<li> Recopilar\u00e1 y presentar\u00e1 pruebas para fortalecer su reclamaci\u00f3n<\/span><\/li>\n<li> Negociar\u00e1 con la compa\u00f1\u00eda de seguros para obtener un acuerdo justo<\/span><\/li>\n<li> Lo representar\u00e1 en audiencias, si es necesario<\/span><\/li>\n<\/ul>\n<p>Nuestros abogados trabajan con un sistema de honorarios bajo contingencia, lo que significa que no paga nada a menos que ganemos su caso.<\/span><\/p>\n<p style=\"text-align: center;\"><b>LLAME A NUESTROS ABOGADOS PARA UNA CONSULTA GRATUITA Y SIN OBLIGACI\u00d3N<\/b><b><br \/>\n<\/b><b>(213) 213-0000<\/b><\/p>\n<p><b>\u00bfPor qu\u00e9 elegir E&amp;L, LLP?<\/b><\/p>\n<ul>\n<li> Experiencia: Contamos con un historial comprobado en el manejo de casos complejos de DPP y en la obtenci\u00f3n de resultados favorables.<\/span><\/li>\n<li> Atenci\u00f3n Personalizada: Cada caso es \u00fanico, y adaptamos nuestro enfoque para satisfacer sus necesidades.<\/span><\/li>\n<li> Sin Tarifas Iniciales: Solo paga si ganamos su caso\u2014nuestro \u00e9xito depende del suyo.<\/span><\/li>\n<li> Representaci\u00f3n Centrada en el Cliente: Tratamos a nuestros clientes como familia y siempre priorizamos sus mejores intereses.<\/span><\/li>\n<\/ul>\n<p><b>Nuestra Garant\u00eda<\/b><\/p>\n<p><b>NO RECIBIMOS PAGO HASTA QUE USTED RECIBA EL SUYO. ESA ES NUESTRA GARANT\u00cdA.<\/b><\/p>\n<p>No permita que una discapacidad parcial permanente descarrile su vida. Contacte a E&amp;L, LLP hoy mismo para el apoyo y la representaci\u00f3n que necesita.<\/span><\/p>\n<p style=\"text-align: center;\"><b>LLAME A NUESTROS ABOGADOS PARA UNA CONSULTA GRATUITA Y SIN OBLIGACI\u00d3N<\/b><b><br \/>\n<\/b><b>(213) 213-0000<\/b><\/p>\n<\/div>\n<\/div><\/div><\/div>\n","protected":false},"excerpt":{"rendered":"","protected":false},"author":1,"featured_media":0,"parent":0,"menu_order":0,"comment_status":"closed","ping_status":"closed","template":"","meta":{"footnotes":""},"class_list":["post-1294","page","type-page","status-publish","hentry"],"_links":{"self":[{"href":"https:\/\/ebralavi.com\/tusabogadoslaborales\/wp-json\/wp\/v2\/pages\/1294","targetHints":{"allow":["GET"]}}],"collection":[{"href":"https:\/\/ebralavi.com\/tusabogadoslaborales\/wp-json\/wp\/v2\/pages"}],"about":[{"href":"https:\/\/ebralavi.com\/tusabogadoslaborales\/wp-json\/wp\/v2\/types\/page"}],"author":[{"embeddable":true,"href":"https:\/\/ebralavi.com\/tusabogadoslaborales\/wp-json\/wp\/v2\/users\/1"}],"replies":[{"embeddable":true,"href":"https:\/\/ebralavi.com\/tusabogadoslaborales\/wp-json\/wp\/v2\/comments?post=1294"}],"version-history":[{"count":2,"href":"https:\/\/ebralavi.com\/tusabogadoslaborales\/wp-json\/wp\/v2\/pages\/1294\/revisions"}],"predecessor-version":[{"id":1571,"href":"https:\/\/ebralavi.com\/tusabogadoslaborales\/wp-json\/wp\/v2\/pages\/1294\/revisions\/1571"}],"wp:attachment":[{"href":"https:\/\/ebralavi.com\/tusabogadoslaborales\/wp-json\/wp\/v2\/media?parent=1294"}],"curies":[{"name":"wp","href":"https:\/\/api.w.org\/{rel}","templated":true}]}}