{"id":1292,"date":"2025-02-03T19:31:01","date_gmt":"2025-02-03T19:31:01","guid":{"rendered":"https:\/\/tusabogadoslaboral.com\/?page_id=1292"},"modified":"2025-04-30T09:15:44","modified_gmt":"2025-04-30T09:15:44","slug":"nursing-medical-assistants-workers-compensation","status":"publish","type":"page","link":"https:\/\/ebralavi.com\/tusabogadoslaborales\/nursing-medical-assistants-workers-compensation\/","title":{"rendered":"Compensaci\u00f3n laboral para asistentes m\u00e9dicos y de enfermer\u00eda"},"content":{"rendered":"<div class=\"dm-service-section \"><div class=\"dm-container\"><div class=\"dm-flex\">\n<div class=\"dm-full wow fadeInRight\">\n<p>Las enfermeras y asistentes m\u00e9dicos a menudo son testigos de los momentos m\u00e1s desafiantes y vulnerables de los pacientes. En estas situaciones de alto estr\u00e9s, las enfermeras no solo est\u00e1n expuestas a demandas f\u00edsicas y fatiga emocional, sino que tambi\u00e9n pueden convertirse en v\u00edctimas de abuso verbal o incluso violencia f\u00edsica. Las demandas de sus roles, combinadas con el maltrato que a veces enfrentan, hacen que la enfermer\u00eda sea una profesi\u00f3n que requiere resiliencia y una adecuada protecci\u00f3n legal cuando las cosas salen mal.<\/span><\/p>\n<p>Si eres una enfermera o asistente m\u00e9dico que ha sufrido abuso o lesiones en el trabajo, E&amp;L, LLP est\u00e1 aqu\u00ed para ayudarte. Cont\u00e1ctanos hoy para una consulta gratuita y sin compromiso para discutir tus opciones de obtener la compensaci\u00f3n que mereces.<\/span><\/p>\n<p>&nbsp;<\/p>\n<p style=\"text-align: center;\"><b>LL\u00c1MANOS PARA UNA CONSULTA GRATUITA Y SIN COMPROMISO<\/b><b><br \/>\n<\/b><b>(213) 213-0000<\/b><\/p>\n<p><b>La Realidad del Abuso en la Enfermer\u00eda<\/b><\/p>\n<p>La violencia laboral contra las enfermeras es sorprendentemente com\u00fan. Muchas enfermeras se enfrentan a comportamientos como:<\/span><\/p>\n<ul>\n<li> Pellizcos, bofetadas o patadas<\/span><\/li>\n<li> Abuso verbal de pacientes o sus familiares<\/span><\/li>\n<li> Agresiones f\u00edsicas graves<\/span><\/li>\n<li> Acoso o agresi\u00f3n sexual<\/span><\/li>\n<\/ul>\n<p>En muchos casos, este abuso se vuelve tan frecuente que algunas enfermeras no lo reconocen como anormal o sienten la obligaci\u00f3n de tolerarlo. Sin embargo, ninguno de estos comportamientos es aceptable. Las enfermeras merecen condiciones de trabajo seguras, y es crucial identificar y reportar el abuso para garantizar la seguridad.<\/span><\/p>\n<p>Si has experimentado violencia o abuso laboral, nuestros abogados pueden ayudarte a tomar acciones legales y buscar una compensaci\u00f3n por tu sufrimiento.<\/span><\/p>\n<p><b>Las Responsabilidades Expandidas de las Enfermeras y los Riesgos Asociados<\/b><\/p>\n<p>A lo largo de los a\u00f1os, el rol de las enfermeras y asistentes m\u00e9dicos ha crecido significativamente. Hoy en d\u00eda, juegan un papel cr\u00edtico en el cuidado de los pacientes, y sus responsabilidades a menudo incluyen:<\/span><\/p>\n<ul>\n<li> Evaluar y monitorear a los pacientes.<\/span><\/li>\n<li> Usar equipos m\u00e9dicos de manera segura y responsable.<\/span><\/li>\n<li> Comunicarse con los pacientes y sus familias.<\/span><\/li>\n<li> Documentar el cuidado y mantener los registros m\u00e9dicos.<\/span><\/li>\n<li> Actuar como defensores de los pacientes y adherirse a la cadena de mando.<\/span><\/li>\n<\/ul>\n<p>Lamentablemente, al cumplir con estas responsabilidades, las enfermeras est\u00e1n expuestas a numerosos peligros laborales, incluidos:<\/span><\/p>\n<ul>\n<li> Violencia y abuso laboral (verbal, f\u00edsico o sexual).<\/span><\/li>\n<li> Lesiones por pinchazos con agujas y exposici\u00f3n a enfermedades infecciosas.<\/span><\/li>\n<li> Sustancias t\u00f3xicas (por ejemplo, productos qu\u00edmicos de limpieza, medicamentos).<\/span><\/li>\n<li> Peligros f\u00edsicos (por ejemplo, levantar objetos pesados, resbalones y ca\u00eddas).<\/span><\/li>\n<li> Estr\u00e9s psicol\u00f3gico debido a la escasez de personal, turnos largos y ambientes de alta presi\u00f3n.<\/span><\/li>\n<\/ul>\n<p>Los hospitales y las instalaciones de salud tienen el deber de proporcionar un lugar de trabajo seguro para su personal. Cuando no cumplen con esta obligaci\u00f3n, las enfermeras y los asistentes m\u00e9dicos tienen derecho a hacerlos responsables.<\/span><\/p>\n<p>&nbsp;<\/p>\n<p style=\"text-align: center;\"><b>LL\u00c1MANOS PARA UNA CONSULTA GRATUITA Y SIN COMPROMISO<\/b><b><br \/>\n<\/b><b>(213) 213-0000<\/b><\/p>\n<p>&nbsp;<\/p>\n<p><b>C\u00f3mo Podemos Ayudar a las Enfermeras que Han Sufrido Lesiones o Abuso<\/b><\/p>\n<p>En E&amp;L, LLP, estamos comprometidos con la protecci\u00f3n de los derechos de las enfermeras y los asistentes m\u00e9dicos. Nuestros abogados experimentados se especializan en manejar reclamaciones por lesiones y abuso laboral en entornos de atenci\u00f3n m\u00e9dica.<\/span><\/p>\n<p>Esto es lo que podemos hacer:<\/span><\/p>\n<ol>\n<li> Evaluar tu Caso<\/span><br \/>\n<\/span> Revisaremos los detalles de tu situaci\u00f3n para determinar si tienes derecho a una compensaci\u00f3n bajo las leyes de compensaci\u00f3n laboral o a trav\u00e9s de una reclamaci\u00f3n por lesiones personales.<\/span><\/li>\n<li> Construir un Caso Fuerte<\/span><br \/>\n<\/span> Nuestro equipo reunir\u00e1 las pruebas necesarias para respaldar tu reclamaci\u00f3n, incluidos los registros m\u00e9dicos, informes de incidentes y declaraciones de testigos.<\/span><\/li>\n<li> Presentar y Negociar Reclamaciones<\/span><br \/>\n<\/span> Nos encargaremos de todos los aspectos de la presentaci\u00f3n de tu reclamaci\u00f3n de compensaci\u00f3n laboral o por lesiones, asegurando que tu caso est\u00e9 debidamente documentado y representado. Si es necesario, negociaremos con las compa\u00f1\u00edas de seguros o tu empleador para obtener un acuerdo justo.<\/span><\/li>\n<li> Perseguir Acci\u00f3n Legal<\/span><br \/>\n<\/span> Si tu reclamaci\u00f3n es rechazada o subestimada, estamos preparados para llevar tu caso a los tribunales para luchar por tus derechos.<\/span><\/li>\n<\/ol>\n<p><b>Contacta con E&amp;L, LLP Hoy<\/b><\/p>\n<p>Dedicas tu vida al cuidado de los dem\u00e1s\u2014d\u00e9janos cuidar de ti. En E&amp;L, LLP, entendemos el impacto f\u00edsico, emocional y financiero que las lesiones y el abuso laboral pueden tener en las enfermeras y los asistentes m\u00e9dicos. Nuestro equipo est\u00e1 aqu\u00ed para garantizar que recibas la compensaci\u00f3n y el apoyo que mereces.<\/span><\/p>\n<p>&nbsp;<\/p>\n<p style=\"text-align: center;\"><b>LL\u00c1MANOS PARA UNA CONSULTA GRATUITA Y SIN COMPROMISO<\/b><b><br \/>\n<\/b><b>(213) 213-0000<\/b><\/p>\n<p><b>\u00bfPor Qu\u00e9 Elegir E&amp;L, LLP?<\/b><\/p>\n<ul>\n<li> Experiencia Especializada: Tenemos una amplia experiencia manejando reclamaciones por lesiones laborales y abuso para profesionales de la salud.<\/span><\/li>\n<li> Sin Costos Iniciales: Trabajamos bajo una tarifa de contingencia, lo que significa que no pagas nada a menos que ganemos tu caso.<\/span><\/li>\n<li> Defensa Compasiva: Tu bienestar es nuestra principal prioridad, y lucharemos incansablemente para proteger tus derechos.<\/span><\/li>\n<\/ul>\n<p>&nbsp;<\/p>\n<p style=\"text-align: center;\"><b>LL\u00c1MANOS PARA UNA CONSULTA GRATUITA Y SIN COMPROMISO<\/b><b><br \/>\n<\/b><b>(213) 213-0000<\/b><\/p>\n<p style=\"text-align: center;\"><b>NO NOS PAGAN HASTA QUE TE PAGUEN A TI. ESA ES NUESTRA GARANT\u00cdA.<\/b><\/p>\n<p>&nbsp;<\/p>\n<\/div>\n<\/div><\/div><\/div>\n","protected":false},"excerpt":{"rendered":"","protected":false},"author":1,"featured_media":0,"parent":0,"menu_order":0,"comment_status":"closed","ping_status":"closed","template":"","meta":{"footnotes":""},"class_list":["post-1292","page","type-page","status-publish","hentry"],"_links":{"self":[{"href":"https:\/\/ebralavi.com\/tusabogadoslaborales\/wp-json\/wp\/v2\/pages\/1292","targetHints":{"allow":["GET"]}}],"collection":[{"href":"https:\/\/ebralavi.com\/tusabogadoslaborales\/wp-json\/wp\/v2\/pages"}],"about":[{"href":"https:\/\/ebralavi.com\/tusabogadoslaborales\/wp-json\/wp\/v2\/types\/page"}],"author":[{"embeddable":true,"href":"https:\/\/ebralavi.com\/tusabogadoslaborales\/wp-json\/wp\/v2\/users\/1"}],"replies":[{"embeddable":true,"href":"https:\/\/ebralavi.com\/tusabogadoslaborales\/wp-json\/wp\/v2\/comments?post=1292"}],"version-history":[{"count":2,"href":"https:\/\/ebralavi.com\/tusabogadoslaborales\/wp-json\/wp\/v2\/pages\/1292\/revisions"}],"predecessor-version":[{"id":1560,"href":"https:\/\/ebralavi.com\/tusabogadoslaborales\/wp-json\/wp\/v2\/pages\/1292\/revisions\/1560"}],"wp:attachment":[{"href":"https:\/\/ebralavi.com\/tusabogadoslaborales\/wp-json\/wp\/v2\/media?parent=1292"}],"curies":[{"name":"wp","href":"https:\/\/api.w.org\/{rel}","templated":true}]}}