{"id":1290,"date":"2025-02-03T19:29:42","date_gmt":"2025-02-03T19:29:42","guid":{"rendered":"https:\/\/tusabogadoslaboral.com\/?page_id=1290"},"modified":"2025-04-30T09:40:42","modified_gmt":"2025-04-30T09:40:42","slug":"do-i-qualify-for-a-permanent-disability-settlement","status":"publish","type":"page","link":"https:\/\/ebralavi.com\/tusabogadoslaborales\/do-i-qualify-for-a-permanent-disability-settlement\/","title":{"rendered":"\u00bfCalifico para un acuerdo por incapacidad permanente?"},"content":{"rendered":"<div class=\"dm-service-section \"><div class=\"dm-container\"><div class=\"dm-flex\">\n<div class=\"dm-full wow fadeInRight\">\n<h3>Compensaci\u00f3n Laboral: \u00bfCalifico para un Acuerdo por Discapacidad Permanente?<\/h3>\n<p>Es posible que sus m\u00e9dicos inicialmente hayan cre\u00eddo que sus lesiones sanar\u00edan con el tiempo, pero despu\u00e9s de meses de recuperaci\u00f3n, se encuentra luchando por llevar una vida normal. El tratamiento m\u00e9dico solo puede hacer tanto, y los efectos duraderos de una lesi\u00f3n laboral pueden resultar en una discapacidad permanente. Si se encuentra en esta situaci\u00f3n, puede ser elegible para los beneficios de compensaci\u00f3n laboral, incluyendo la compensaci\u00f3n por discapacidad permanente.<\/span><\/p>\n<p>Sin embargo, las compa\u00f1\u00edas de seguros a menudo priorizan sus ganancias sobre su bienestar, lo que puede llevar a minimizar o negar su discapacidad para evitar pagarle la compensaci\u00f3n que merece. Si esto sucede, los abogados experimentados de E&amp;L, LLP est\u00e1n listos para luchar por sus derechos.<\/span><\/p>\n<p style=\"text-align: center;\"><b>LLAME A NUESTROS ABOGADOS PARA UNA CONSULTA GRATUITA Y SIN OBLIGACI\u00d3N<\/b><b><br \/>\n<\/b><b>(213) 213-0000<\/b><\/p>\n<p><b>Preguntas Frecuentes<\/b><\/p>\n<p><b>\u00bfSoy Elegible para los Beneficios por Discapacidad Permanente?<\/b><\/p>\n<p>La elegibilidad para los beneficios por discapacidad permanente depende del grado en que su lesi\u00f3n limita su capacidad para trabajar y funcionar. Las discapacidades se clasifican como temporales o permanentes, otorg\u00e1ndose beneficios permanentes por lesiones que causan restricciones a largo plazo o irreversibles.<\/span><\/p>\n<p>Incluso si se esperaba que su lesi\u00f3n mejorara inicialmente, el proceso de recuperaci\u00f3n puede estancarse, dej\u00e1ndolo con limitaciones duraderas. La discapacidad permanente se clasifica en dos categor\u00edas:<\/span><\/p>\n<ul>\n<li> Discapacidad Parcial Permanente: Para individuos cuyas lesiones reducen su capacidad de ganancia pero no la eliminan por completo. Por ejemplo, puede ser incapaz de caminar largas distancias o levantar objetos pesados.<\/span><\/li>\n<li> Discapacidad Total Permanente: Para las discapacidades m\u00e1s graves, que le impiden realizar cualquier trabajo que anteriormente pod\u00eda hacer. Esta clasificaci\u00f3n puede incluir pensiones vitalicias adem\u00e1s de los pagos de compensaci\u00f3n.<\/span><\/li>\n<\/ul>\n<p>Un profesional m\u00e9dico debe determinar si ha alcanzado la Mejor\u00eda M\u00e9dica M\u00e1xima (MMI, por sus siglas en ingl\u00e9s)\u2014el punto en el que el tratamiento adicional ya no mejorar\u00e1 su condici\u00f3n. El tiempo necesario para alcanzar la MMI puede variar considerablemente.<\/span><\/p>\n<p>Una vez que se establece la MMI, puede comenzar el proceso para determinar su elegibilidad para los beneficios por discapacidad permanente. Este proceso puede involucrar una evaluaci\u00f3n m\u00e9dica independiente solicitada por la compa\u00f1\u00eda de seguros. Si no est\u00e1 de acuerdo con su evaluaci\u00f3n, tiene el derecho de contratar a un examinador independiente para obtener una segunda opini\u00f3n.<\/span><\/p>\n<p><b>\u00bfQu\u00e9 Puedo Recuperar a Trav\u00e9s de un Acuerdo por Discapacidad Permanente?<\/b><\/p>\n<p>La compensaci\u00f3n que reciba se determina por el porcentaje de discapacidad asignado por su proveedor m\u00e9dico. Aunque una calificaci\u00f3n de discapacidad del 100% puede llevar a un acuerdo significativo, incluso los porcentajes m\u00e1s bajos pueden resultar en una compensaci\u00f3n significativa por las dificultades que ha soportado.<\/span><\/p>\n<p>Las personas elegibles para los beneficios por discapacidad permanente pueden recuperar:<\/span><\/p>\n<ul>\n<li> Gastos M\u00e9dicos: Incluyendo medicamentos, equipos y tratamiento continuo.<\/span><\/li>\n<li> Salarios Perdidos: Por los ingresos que ha dejado de recibir debido a su lesi\u00f3n.<\/span><\/li>\n<li> Rehabilitaci\u00f3n Vocacional: Para ayudarlo a hacer la transici\u00f3n a un nuevo trabajo si es necesario.<\/span><\/li>\n<li> Beneficios por Discapacidad Permanente: Por los efectos duraderos de su lesi\u00f3n.<\/span><\/li>\n<\/ul>\n<p>Lamentablemente, las compa\u00f1\u00edas de seguros pueden intentar disputar su calificaci\u00f3n de discapacidad o disminuir sus beneficios. En E&amp;L, LLP, estamos aqu\u00ed para asegurarnos de que reciba la compensaci\u00f3n completa y justa que merece.<\/span><\/p>\n<p style=\"text-align: center;\"><b>LLAME A NUESTROS ABOGADOS PARA UNA CONSULTA GRATUITA Y SIN OBLIGACI\u00d3N<\/b><b><br \/>\n<\/b><b>(213) 213-0000<\/b><\/p>\n<p><b>Comenzando con E&amp;L, LLP<\/b><\/p>\n<p>En tiempos dif\u00edciles, E&amp;L, LLP est\u00e1 aqu\u00ed para apoyarlo. Las compa\u00f1\u00edas de seguros a menudo se aprovechan de los trabajadores lesionados, suponiendo que son demasiado vulnerables para defenderse. Nuestra firma est\u00e1 dedicada a abogar por usted y proteger sus derechos.<\/span><\/p>\n<p>Sin Costos Iniciales:<\/span><br \/>\nEntendemos que las preocupaciones financieras pueden hacer que sea dif\u00edcil buscar ayuda legal. Por eso trabajamos con un sistema de honorarios bajo contingencia: no nos paga nada a menos que obtengamos un acuerdo favorable o una compensaci\u00f3n del jurado.<\/span><\/p>\n<p>Abogac\u00eda Centrada en el Cliente:<\/span><br \/>\nEn E&amp;L, LLP, tratamos a nuestros clientes como familia. Nunca aceptaremos menos de lo que usted merece y lucharemos incansablemente para ayudarlo a recuperar la compensaci\u00f3n que necesita para seguir adelante con su vida.<\/span><\/p>\n<p style=\"text-align: center;\"><b>LLAME A NUESTROS ABOGADOS PARA UNA CONSULTA GRATUITA Y SIN OBLIGACI\u00d3N<\/b><b><br \/>\n<\/b><b>(213) 213-0000<\/b><\/p>\n<p style=\"text-align: center;\"><b>NO RECIBIMOS PAGO HASTA QUE USTED RECIBA EL SUYO. ESA ES NUESTRA GARANT\u00cdA.<\/b><\/p>\n<\/div>\n<\/div><\/div><\/div>\n","protected":false},"excerpt":{"rendered":"","protected":false},"author":1,"featured_media":0,"parent":0,"menu_order":0,"comment_status":"closed","ping_status":"closed","template":"","meta":{"footnotes":""},"class_list":["post-1290","page","type-page","status-publish","hentry"],"_links":{"self":[{"href":"https:\/\/ebralavi.com\/tusabogadoslaborales\/wp-json\/wp\/v2\/pages\/1290","targetHints":{"allow":["GET"]}}],"collection":[{"href":"https:\/\/ebralavi.com\/tusabogadoslaborales\/wp-json\/wp\/v2\/pages"}],"about":[{"href":"https:\/\/ebralavi.com\/tusabogadoslaborales\/wp-json\/wp\/v2\/types\/page"}],"author":[{"embeddable":true,"href":"https:\/\/ebralavi.com\/tusabogadoslaborales\/wp-json\/wp\/v2\/users\/1"}],"replies":[{"embeddable":true,"href":"https:\/\/ebralavi.com\/tusabogadoslaborales\/wp-json\/wp\/v2\/comments?post=1290"}],"version-history":[{"count":2,"href":"https:\/\/ebralavi.com\/tusabogadoslaborales\/wp-json\/wp\/v2\/pages\/1290\/revisions"}],"predecessor-version":[{"id":1572,"href":"https:\/\/ebralavi.com\/tusabogadoslaborales\/wp-json\/wp\/v2\/pages\/1290\/revisions\/1572"}],"wp:attachment":[{"href":"https:\/\/ebralavi.com\/tusabogadoslaborales\/wp-json\/wp\/v2\/media?parent=1290"}],"curies":[{"name":"wp","href":"https:\/\/api.w.org\/{rel}","templated":true}]}}