{"id":1286,"date":"2025-02-03T19:27:46","date_gmt":"2025-02-03T19:27:46","guid":{"rendered":"https:\/\/tusabogadoslaboral.com\/?page_id=1286"},"modified":"2025-05-06T16:09:28","modified_gmt":"2025-05-06T16:09:28","slug":"state-workers-compensation-laws","status":"publish","type":"page","link":"https:\/\/ebralavi.com\/tusabogadoslaborales\/state-workers-compensation-laws\/","title":{"rendered":"Leyes estatales de compensaci\u00f3n laboral"},"content":{"rendered":"<div class=\"dm-service-section \"><div class=\"dm-container\"><div class=\"dm-flex\">\n<div class=\"dm-full wow fadeInRight\">\n<p>Si eres oficial de polic\u00eda, bombero, maestro u otro empleado estatal lesionado mientras realizas tu trabajo, navegar los beneficios a los que tienes derecho puede ser desafiante. Los empleados estatales generalmente son elegibles para los beneficios de compensaci\u00f3n laboral por lesiones o enfermedades relacionadas con el trabajo, pero el proceso y las regulaciones pueden ser complejos.<\/span><\/p>\n<p>En E&amp;L, LLP, nuestros abogados experimentados en compensaci\u00f3n laboral est\u00e1n aqu\u00ed para guiar a los empleados estatales lesionados a trav\u00e9s del proceso, asegur\u00e1ndose de que reciban los beneficios y la compensaci\u00f3n que merecen.<\/span><\/p>\n<p style=\"text-align: center;\"><b>LLAMA A NUESTROS ABOGADOS PARA UNA CONSULTA GRATUITA SIN OBLIGACI\u00d3N<\/b><b><br \/>\n<\/b><b>(213) 213-0000<\/b><\/p>\n<p><b>Ocupaciones Comunes para Trabajadores Estatales<\/b><\/p>\n<p>Los empleados del gobierno estatal y local sirven en varios roles, incluyendo:<\/span><\/p>\n<ul>\n<li aria-level=\"1\"><b>Maestros y personal escolar<\/b><\/li>\n<\/ul>\n<ul>\n<li aria-level=\"1\"><b>Oficiales de polic\u00eda<\/b><\/li>\n<\/ul>\n<ul>\n<li aria-level=\"1\"><b>Bomberos<\/b><\/li>\n<\/ul>\n<ul>\n<li aria-level=\"1\"><b>Oficiales de correcciones<\/b><\/li>\n<\/ul>\n<ul>\n<li aria-level=\"1\"><b>Trabajadores de salud en instalaciones p\u00fablicas<\/b><\/li>\n<\/ul>\n<ul>\n<li aria-level=\"1\"><b>Personal de educaci\u00f3n superior<\/b><\/li>\n<\/ul>\n<ul>\n<li aria-level=\"1\"><b>Trabajadores del transporte p\u00fablico (por ejemplo, operadores de autobuses y trenes)<\/b><\/li>\n<\/ul>\n<ul>\n<li aria-level=\"1\"><b>Trabajadores de mantenimiento de carreteras<\/b><\/li>\n<\/ul>\n<p>Los empleados estatales tambi\u00e9n trabajan en campos como bienestar, servicios legales, administraci\u00f3n financiera, recursos ambientales y m\u00e1s.<\/span><\/p>\n<p><b>Riesgos Ocupacionales para los Empleados Estatales<\/b><\/p>\n<p>Los empleados estatales enfrentan una variedad de peligros f\u00edsicos y emocionales en sus roles. Los riesgos comunes relacionados con el trabajo incluyen:<\/span><\/p>\n<ul>\n<li> Accidentes por ser golpeado por objetos<\/span><\/li>\n<li> Exposici\u00f3n a productos qu\u00edmicos t\u00f3xicos<\/span><\/li>\n<li> Disparos o incidentes violentos<\/span><\/li>\n<li> Resbalones, tropiezos y ca\u00eddas<\/span><\/li>\n<li> Accidentes vehiculares<\/span><\/li>\n<li> Equipos defectuosos o inseguros<\/span><\/li>\n<\/ul>\n<p>La compensaci\u00f3n laboral cubre lesiones de accidentes agudos, as\u00ed como enfermedades y condiciones que se desarrollan con el tiempo, como lesiones por esfuerzo repetitivo, problemas de espalda y problemas de salud mental.<\/span><\/p>\n<p><b>Lesiones Cubiertas por la Compensaci\u00f3n Laboral<\/b><\/p>\n<p>La compensaci\u00f3n laboral generalmente cubre lesiones significativas relacionadas con el trabajo, incluyendo:<\/span><\/p>\n<ul>\n<li> Lesiones f\u00edsicas: Fracturas, quemaduras, desgarros, lesiones musculoesquel\u00e9ticas y p\u00e9rdida de extremidades<\/span><\/li>\n<li> Condiciones cr\u00f3nicas: Lesiones por esfuerzo repetitivo, dolor de espalda y enfermedades causadas por sustancias t\u00f3xicas<\/span><\/li>\n<li> Problemas de salud mental: PTSD, depresi\u00f3n y ansiedad resultantes de condiciones laborales<\/span><\/li>\n<\/ul>\n<p>Si eres un empleado estatal que est\u00e1 experimentando una lesi\u00f3n o enfermedad relacionada con el trabajo, puedes tener derecho a compensaci\u00f3n. Actuar r\u00e1pidamente e informar sobre tu lesi\u00f3n es esencial, incluso si parece menor al principio.<\/span><\/p>\n<p style=\"text-align: center;\"><b>LLAMA A NUESTROS ABOGADOS PARA UNA CONSULTA GRATUITA SIN OBLIGACI\u00d3N<\/b><b><br \/>\n<\/b><b>(213) 213-0000<\/b><\/p>\n<p><b>Leyes de Compensaci\u00f3n Laboral para Empleados Estatales<\/b><\/p>\n<p>Las leyes de compensaci\u00f3n laboral para empleados estatales var\u00edan seg\u00fan el estado. Seg\u00fan el Departamento de Trabajo de EE. UU., los empleados del gobierno estatal y local deben trabajar con su junta de compensaci\u00f3n laboral estatal espec\u00edfica para determinar la elegibilidad y los beneficios.<\/span><\/p>\n<p>Si tu reclamaci\u00f3n es denegada o enfrentas dificultades para asegurar tus beneficios, E&amp;L, LLP puede ayudarte. Lucharemos por tus derechos, asistiremos con apelaciones y nos aseguraremos de que recibas los beneficios a los que tienes derecho.<\/span><\/p>\n<p><b>Beneficios Disponibles para Trabajadores Estatales<\/b><\/p>\n<p>Los empleados estatales que sufren lesiones relacionadas con el trabajo pueden calificar para varios beneficios, incluyendo:<\/span><\/p>\n<ul>\n<li aria-level=\"1\"><b>Gastos M\u00e9dicos<\/b><\/li>\n<\/ul>\n<p>La compensaci\u00f3n laboral generalmente cubre todos los tratamientos m\u00e9dicos necesarios, tales como:<\/span><\/p>\n<ul>\n<li> Visitas al m\u00e9dico y estancias hospitalarias<\/span><\/li>\n<li> Cirug\u00edas y pruebas de diagn\u00f3stico<\/span><\/li>\n<li> Terapia f\u00edsica y rehabilitaci\u00f3n<\/span><\/li>\n<\/ul>\n<p>Si bien los trabajadores estatales suelen tener la libertad de elegir su m\u00e9dico, es posible que necesiten autorizar la elecci\u00f3n a trav\u00e9s de su programa de compensaci\u00f3n laboral.<\/span><\/p>\n<ul>\n<li aria-level=\"1\"><b>Beneficios de Reemplazo de Salarios<\/b><\/li>\n<\/ul>\n<p>Los empleados estatales lesionados pueden recibir beneficios de reemplazo de salarios si no pueden trabajar o deben trabajar en una capacidad reducida. A diferencia de los trabajadores del sector privado que normalmente reciben dos tercios de su ingreso semanal, los empleados estatales en ciertas jurisdicciones pueden calificar para el pago completo.<\/span><\/p>\n<ul>\n<li aria-level=\"1\"><b>Beneficios por Trabajo en Condiciones Peligrosas<\/b><\/li>\n<\/ul>\n<p>En algunos estados, los empleados en roles de trabajo en condiciones peligrosas, como los oficiales de la ley, los oficiales de correcciones y los trabajadores ambientales, pueden calificar para reemplazo de salarios al 100% si quedan completamente discapacitados.<\/span><\/p>\n<ul>\n<li aria-level=\"1\"><b>Compensaci\u00f3n por Discapacidad Permanente<\/b><\/li>\n<\/ul>\n<p>Los empleados estatales con discapacidades permanentes, como la p\u00e9rdida de extremidades, pueden calificar para un pago global.<\/span><\/p>\n<ul>\n<li aria-level=\"1\"><b>Beneficios Vocacionales<\/b><\/li>\n<\/ul>\n<p>Si una lesi\u00f3n te impide regresar a tu trabajo anterior, puedes calificar para beneficios vocacionales, incluyendo:<\/span><\/p>\n<ul>\n<li> Reentrenamiento laboral<\/span><\/li>\n<li> Gastos educativos<\/span><\/li>\n<li> Servicios de colocaci\u00f3n<\/span><\/li>\n<\/ul>\n<ul>\n<li aria-level=\"1\"><b>Beneficios por Fallecimiento<\/b><\/li>\n<\/ul>\n<p>Si un empleado estatal muere debido a una lesi\u00f3n relacionada con el trabajo, los familiares sobrevivientes pueden recibir beneficios por fallecimiento, tales como:<\/span><\/p>\n<ul>\n<li> Gastos funerarios y de entierro<\/span><\/li>\n<li> Pagos de reemplazo de salarios para dependientes<\/span><\/li>\n<\/ul>\n<p><b>Presentar una Reclamaci\u00f3n de Compensaci\u00f3n Laboral<\/b><\/p>\n<p>Si eres un trabajador estatal lesionado en el trabajo, sigue los siguientes pasos de inmediato:<\/span><\/p>\n<ol>\n<li> Reporta tu Lesi\u00f3n: Notifica a tu supervisor o al departamento de recursos humanos lo antes posible.<\/span><\/li>\n<li> Busca Atenci\u00f3n M\u00e9dica: Obt\u00e9n tratamiento m\u00e9dico inmediato y guarda los registros de todos los diagn\u00f3sticos y procedimientos.<\/span><\/li>\n<li> Presenta una Reclamaci\u00f3n de Compensaci\u00f3n Laboral: Completa la documentaci\u00f3n necesaria y env\u00edala a trav\u00e9s de tu empleador.<\/span><\/li>\n<\/ol>\n<p>No informar tu lesi\u00f3n o presentar la reclamaci\u00f3n de manera oportuna podr\u00eda poner en peligro tu elegibilidad para los beneficios.<\/span><\/p>\n<p style=\"text-align: center;\">\n<p style=\"text-align: center;\"><b>LLAMA A NUESTROS ABOGADOS PARA UNA CONSULTA GRATUITA SIN OBLIGACI\u00d3N<\/b><b><br \/>\n<\/b><b>(213) 213-0000<\/b><\/p>\n<p><b>\u00bfCu\u00e1ndo Puedes Presentar una Demanda por una Lesi\u00f3n en el Trabajo?<\/b><\/p>\n<p>Los gobiernos estatales no son completamente inmunes a la responsabilidad. Puedes tener bases para presentar una demanda por lesiones personales si:<\/span><\/p>\n<ul>\n<li> Tu empleador actu\u00f3 con negligencia grave<\/span><\/li>\n<li> Una tercera parte (por ejemplo, un contratista o fabricante de equipo) caus\u00f3 tu lesi\u00f3n<\/span><\/li>\n<\/ul>\n<p>Presentar una demanda por lesiones personales te permite recuperar compensaci\u00f3n adicional, incluyendo:<\/span><\/p>\n<ul>\n<li> Dolor y sufrimiento<\/span><\/li>\n<li> Angustia emocional<\/span><\/li>\n<li> P\u00e9rdida de disfrute de la vida<\/span><\/li>\n<li> Da\u00f1os punitivos<\/span><\/li>\n<\/ul>\n<p>En E&amp;L, LLP, nuestros abogados pueden evaluar tu caso y determinar si una demanda es el camino adecuado para ti.<\/span><\/p>\n<p><b>Preguntas Frecuentes<\/b><\/p>\n<ul>\n<li aria-level=\"1\"><b>\u00bfQu\u00e9 Debo Hacer Si Mi Reclamaci\u00f3n de Compensaci\u00f3n Laboral Es Denegada?<\/b><\/li>\n<\/ul>\n<p>Si tu reclamaci\u00f3n es denegada, act\u00faa r\u00e1pidamente para presentar una apelaci\u00f3n. Un abogado especializado en compensaci\u00f3n laboral puede guiarte a trav\u00e9s del proceso, ayud\u00e1ndote a reunir pruebas y presentar un caso s\u00f3lido.<\/span><\/p>\n<ul>\n<li aria-level=\"1\"><b>\u00bfPuedo Recibir Beneficios por una Condici\u00f3n Preexistente?<\/b><\/li>\n<\/ul>\n<p>Puedes calificar para beneficios si tu trabajo agrav\u00f3 o empeor\u00f3 una condici\u00f3n preexistente. Sin embargo, demostrar esto puede ser desafiante, por lo que consultar a un abogado experimentado es crucial.<\/span><\/p>\n<ul>\n<li aria-level=\"1\"><b>\u00bfNecesito un Abogado para Mi Reclamaci\u00f3n de Compensaci\u00f3n Laboral?<\/b><\/li>\n<\/ul>\n<p>Aunque no est\u00e1s obligado a contratar un abogado, trabajar con un abogado es recomendable si:<\/span><\/p>\n<ul>\n<li> Tu reclamaci\u00f3n es denegada o subestimada<\/span><\/li>\n<li> Tu lesi\u00f3n resulta en una discapacidad permanente<\/span><\/li>\n<li> Una tercera parte contribuy\u00f3 a tu lesi\u00f3n<\/span><\/li>\n<\/ul>\n<p><b>E&amp;L, LLP Lucha por los Empleados Estatales<\/b><\/p>\n<p>En E&amp;L, LLP, entendemos lo frustrante y abrumador que puede ser el proceso de compensaci\u00f3n laboral. Ya sea que necesites ayuda para presentar una reclamaci\u00f3n, apelar una denegaci\u00f3n o buscar beneficios adicionales, estamos aqu\u00ed para luchar por ti.<\/span><\/p>\n<p style=\"text-align: center;\"><b>LLAMA A NUESTROS ABOGADOS PARA UNA CONSULTA GRATUITA SIN OBLIGACI\u00d3N<\/b><b><br \/>\n<\/b><b>(213) 213-0000<\/b><\/p>\n<p style=\"text-align: center;\"><b>NO RECIBIMOS PAGO HASTA QUE T\u00da RECIBAS EL TUYO. ESA ES NUESTRA GARANT\u00cdA.<\/b><\/p>\n<\/div>\n<\/div><\/div><\/div>\n","protected":false},"excerpt":{"rendered":"","protected":false},"author":1,"featured_media":0,"parent":0,"menu_order":0,"comment_status":"closed","ping_status":"closed","template":"","meta":{"footnotes":""},"class_list":["post-1286","page","type-page","status-publish","hentry"],"_links":{"self":[{"href":"https:\/\/ebralavi.com\/tusabogadoslaborales\/wp-json\/wp\/v2\/pages\/1286","targetHints":{"allow":["GET"]}}],"collection":[{"href":"https:\/\/ebralavi.com\/tusabogadoslaborales\/wp-json\/wp\/v2\/pages"}],"about":[{"href":"https:\/\/ebralavi.com\/tusabogadoslaborales\/wp-json\/wp\/v2\/types\/page"}],"author":[{"embeddable":true,"href":"https:\/\/ebralavi.com\/tusabogadoslaborales\/wp-json\/wp\/v2\/users\/1"}],"replies":[{"embeddable":true,"href":"https:\/\/ebralavi.com\/tusabogadoslaborales\/wp-json\/wp\/v2\/comments?post=1286"}],"version-history":[{"count":4,"href":"https:\/\/ebralavi.com\/tusabogadoslaborales\/wp-json\/wp\/v2\/pages\/1286\/revisions"}],"predecessor-version":[{"id":1648,"href":"https:\/\/ebralavi.com\/tusabogadoslaborales\/wp-json\/wp\/v2\/pages\/1286\/revisions\/1648"}],"wp:attachment":[{"href":"https:\/\/ebralavi.com\/tusabogadoslaborales\/wp-json\/wp\/v2\/media?parent=1286"}],"curies":[{"name":"wp","href":"https:\/\/api.w.org\/{rel}","templated":true}]}}