{"id":1253,"date":"2025-01-29T19:23:50","date_gmt":"2025-01-29T19:23:50","guid":{"rendered":"https:\/\/tusabogadoslaboral.com\/?page_id=1253"},"modified":"2025-04-30T09:32:11","modified_gmt":"2025-04-30T09:32:11","slug":"what-is-the-average-workers-comp-settlement-for-shoulder-surgery","status":"publish","type":"page","link":"https:\/\/ebralavi.com\/tusabogadoslaborales\/what-is-the-average-workers-comp-settlement-for-shoulder-surgery\/","title":{"rendered":"\u00bfCu\u00e1l es la indemnizaci\u00f3n promedio por compensaci\u00f3n laboral por cirug\u00eda de hombro?"},"content":{"rendered":"<div class=\"dm-service-section \"><div class=\"dm-container\"><div class=\"dm-flex\">\n<div class=\"dm-full wow fadeInRight\">\n<p>Si ha sufrido una lesi\u00f3n en el hombro en el trabajo que requiri\u00f3 cirug\u00eda, puede preguntarse qu\u00e9 tipo de acuerdo de compensaci\u00f3n laboral podr\u00eda estar autorizado a recibir. Las lesiones en el hombro pueden afectar significativamente su capacidad para trabajar y, a menudo, requieren un tratamiento extenso, incluida la cirug\u00eda, la fisioterapia y la rehabilitaci\u00f3n.<\/p>\n<p><span>En E&amp;L, LLP, entendemos los desaf\u00edos que enfrenta y estamos aqu\u00ed para ayudarlo. A continuaci\u00f3n, le explicamos el acuerdo promedio de compensaci\u00f3n laboral para cirug\u00eda de hombro y los factores que pueden afectar su reclamaci\u00f3n.<\/span><\/p>\n<p style=\"text-align: center;\"><b>LLAME A NUESTROS ABOGADOS PARA UNA CONSULTA GRATUITA Y SIN OBLIGACI\u00d3N<\/b><br \/>\n<\/b>(213) 213-0000<\/b><\/p>\n<p><b>PREMIERAS PREGUNTAS FRECUENTES<\/b><\/p>\n<ol>\n<li><b>\u00bfCu\u00e1nto debo esperar recibir de compensaci\u00f3n laboral por mi cirug\u00eda de hombro?<\/b><\/li>\n<\/ol>\n<p><span>No existe una respuesta \u00fanica para esta pregunta porque cada caso es \u00fanico. Los acuerdos dependen de varios factores, incluidos:<\/span><\/p>\n<ul>\n<li><span>Gravedad de la lesi\u00f3n  <\/li>\n<li><span>Costo del tratamiento m\u00e9dico  <\/li>\n<li><span>Impacto en su capacidad para trabajar  <\/li>\n<li><span>Leyes de compensaci\u00f3n laboral espec\u00edficas de cada estado  <\/li>\n<\/ul>\n<p><span>Los acuerdos de compensaci\u00f3n laboral por cirug\u00eda de hombro pueden variar desde varios miles hasta cientos de miles de d\u00f3lares. Las lesiones graves y los per\u00edodos de recuperaci\u00f3n prolongados generalmente resultan en acuerdos m\u00e1s altos.<\/span><\/p>\n<p><span>Dado que los montos de los acuerdos se negocian entre el empleado lesionado y el proveedor de seguros, tener un abogado experimentado en compensaci\u00f3n laboral es crucial. Ellos pueden asegurarse de que reciba una compensaci\u00f3n justa por los gastos m\u00e9dicos, salarios perdidos y costos de rehabilitaci\u00f3n.<\/span><\/p>\n<ol start=\"2\">\n<li><b>\u00bfCu\u00e1les son las causas comunes de las lesiones en el hombro en el lugar de trabajo?<\/b><\/li>\n<\/ol>\n<p><span>Las lesiones en el hombro en el lugar de trabajo pueden ser el resultado de una variedad de factores, incluidos:<\/span><\/p>\n<ul>\n<li><span>Movimiento repetitivo: Los trabajos que requieren tareas repetitivas, como levantar, alcanzar o trabajos por encima de la cabeza, pueden causar distensiones, esguinces o tendinitis.  <\/li>\n<li><span>Exceso de esfuerzo: Levantar objetos pesados, empujar o tirar puede causar lesiones por exceso de esfuerzo.  <\/li>\n<li><span>Ca\u00eddas: Resbalones y ca\u00eddas, ya sea desde alturas o en terreno nivelado, son una causa principal de lesiones en el hombro.  <\/li>\n<li><span>Accidentes de veh\u00edculos motorizados: Los trabajadores que conducen como parte de su trabajo pueden sufrir lesiones en el hombro en accidentes.  <\/li>\n<li><span>Lesiones por contacto: Ser golpeado por objetos que caen o quedar atrapado en maquinaria puede causar da\u00f1os significativos en el hombro.  <\/li>\n<li><span>Posturas inc\u00f3modas: Las tareas que requieren alcanzar por encima de la cabeza o mantener posiciones inc\u00f3modas pueden tensionar los m\u00fasculos y tendones del hombro con el tiempo.  <\/li>\n<\/ul>\n<ol start=\"3\">\n<li><b>\u00bfLa cirug\u00eda aumenta los acuerdos de compensaci\u00f3n laboral?<\/b><\/li>\n<\/ol>\n<p><span>S\u00ed, la cirug\u00eda a menudo aumenta los acuerdos de compensaci\u00f3n laboral porque:<\/span><\/p>\n<ul>\n<li><span>La cirug\u00eda es costosa. El costo del procedimiento, la atenci\u00f3n postoperatoria y la fisioterapia pueden aumentar los montos del acuerdo.  <\/li>\n<li><span>La recuperaci\u00f3n lleva tiempo. Los per\u00edodos extensos de recuperaci\u00f3n a menudo resultan en salarios perdidos adicionales y beneficios.  <\/li>\n<\/ul>\n<p><span>Sin embargo, los acuerdos tambi\u00e9n est\u00e1n influenciados por otros factores, como las circunstancias que rodean la lesi\u00f3n. Por ejemplo, si la lesi\u00f3n ocurri\u00f3 debido a negligencia grave por parte del empleador, el acuerdo podr\u00eda ser m\u00e1s alto. Por el contrario, si la lesi\u00f3n fue causada por conducta indebida del empleado (por ejemplo, operar maquinaria bajo los efectos de sustancias), la reclamaci\u00f3n podr\u00eda ser denegada.<\/span><\/p>\n<ol start=\"4\">\n<li><b>\u00bfPor qu\u00e9 las compa\u00f1\u00edas de seguros niegan las reclamaciones de compensaci\u00f3n laboral?<\/b><\/li>\n<\/ol>\n<p><span>Las razones comunes para la denegaci\u00f3n de reclamaciones incluyen:<\/span><\/p>\n<ul>\n<li><span>La lesi\u00f3n no ocurri\u00f3 en el trabajo. Si el asegurador cree que la lesi\u00f3n ocurri\u00f3 fuera de las tareas relacionadas con el trabajo, puede negar su reclamaci\u00f3n.  <\/li>\n<li><span>Falta de pruebas. Las reclamaciones sin testigos o documentaci\u00f3n m\u00e9dica pueden ser impugnadas.  <\/li>\n<li><span>Condiciones preexistentes. Las aseguradoras a menudo argumentan que las lesiones no est\u00e1n relacionadas con el trabajo si tiene una condici\u00f3n preexistente.  <\/li>\n<li><span>No informar la lesi\u00f3n a tiempo. Las reclamaciones de compensaci\u00f3n laboral son sensibles al tiempo, y los retrasos en el informe pueden resultar en denegaciones.  <\/li>\n<li><span>No buscar atenci\u00f3n m\u00e9dica. Los retrasos en el tratamiento o ignorar el consejo m\u00e9dico pueden poner en peligro su reclamaci\u00f3n.  <\/li>\n<\/ul>\n<ol start=\"5\">\n<li><b>\u00bfCu\u00e1nto tiempo despu\u00e9s de una lesi\u00f3n laboral debo buscar atenci\u00f3n m\u00e9dica?<\/b><\/li>\n<\/ol>\n<p><span>Busque atenci\u00f3n m\u00e9dica de inmediato o dentro de las primeras 48 horas despu\u00e9s de su lesi\u00f3n. El tratamiento r\u00e1pido garantiza mejores resultados de salud y fortalece su reclamaci\u00f3n de compensaci\u00f3n laboral. Retrasar la atenci\u00f3n puede resultar en la denegaci\u00f3n de la reclamaci\u00f3n.<\/span><\/p>\n<ol start=\"6\">\n<li><b>\u00bfC\u00f3mo puede ayudar un abogado de compensaci\u00f3n laboral si necesito cirug\u00eda?<\/b><\/li>\n<\/ol>\n<p><span>Un abogado de compensaci\u00f3n laboral ofrece una valiosa asistencia mediante:<\/span><\/p>\n<ul>\n<li><span>Presentaci\u00f3n de su reclamaci\u00f3n: Asegur\u00e1ndose de que toda la documentaci\u00f3n se complete y env\u00ede de manera precisa y a tiempo.  <\/li>\n<li><span>Defensa de sus derechos: Luchando para obtener los beneficios y la atenci\u00f3n m\u00e9dica que merece.  <\/li>\n<li><span>Negociaci\u00f3n de un acuerdo: Trabajando para maximizar su compensaci\u00f3n por cirug\u00eda, salarios perdidos y otros gastos.  <\/li>\n<li><span>Asistencia con apelaciones: Represent\u00e1ndolo si su reclamaci\u00f3n es denegada y gui\u00e1ndolo a trav\u00e9s del proceso de apelaci\u00f3n.  <\/li>\n<li><span>Proporcionando orientaci\u00f3n legal: Ofreciendo estrategias y consejos para ayudarlo a navegar por las leyes de compensaci\u00f3n laboral.  <\/li>\n<\/ul>\n<p><span>Tener un abogado experimentado asegura que sus derechos est\u00e9n protegidos y que su reclamaci\u00f3n se maneje de manera eficiente.<\/span><\/p>\n<p style=\"text-align: center;\"><b>LLAME A NUESTROS ABOGADOS PARA UNA CONSULTA GRATUITA Y SIN OBLIGACI\u00d3N<\/b><br \/>\n<\/b>(213) 213-0000<\/b><\/p>\n<ol start=\"7\">\n<li><b>\u00bfPor qu\u00e9 los acuerdos de compensaci\u00f3n laboral que involucran cirug\u00eda son dif\u00edciles de resolver?<\/b><\/li>\n<\/ol>\n<p><span>Las reclamaciones que involucran cirug\u00eda suelen ser m\u00e1s complejas porque:<\/span><\/p>\n<ul>\n<li><span>Altos costos m\u00e9dicos: Las aseguradoras pueden disputar la necesidad o el costo de la cirug\u00eda.  <\/li>\n<li><span>Largos per\u00edodos de recuperaci\u00f3n: El tiempo prolongado fuera del trabajo aumenta los pagos de reemplazo de salario, lo que las aseguradoras pueden impugnar.  <\/li>\n<li><span>Lesiones disputadas: Las aseguradoras pueden argumentar que la cirug\u00eda no es necesaria o que la lesi\u00f3n no est\u00e1 relacionada con el trabajo.  <\/li>\n<\/ul>\n<p><span>Un abogado experimentado puede superar estos obst\u00e1culos y luchar por un acuerdo justo.<\/span><\/p>\n<p><b>C\u00f3mo E&amp;L, LLP Puede Ayudar<\/b><\/p>\n<p><span>En E&amp;L, LLP, nuestros abogados se especializan en manejar reclamaciones complejas de compensaci\u00f3n laboral, incluidas aquellas que involucran cirug\u00edas. Nosotros:<\/span><\/p>\n<ul>\n<li><span>Investigamos su reclamaci\u00f3n a fondo.  <\/li>\n<li><span>Trabajamos con expertos m\u00e9dicos para construir un caso s\u00f3lido.  <\/li>\n<li><span>Negociamos agresivamente con los proveedores de seguros.  <\/li>\n<li><span>Llevamos su caso a juicio, si es necesario, para obtener la compensaci\u00f3n m\u00e1xima.  <\/li>\n<\/ul>\n<p><span>Sin tarifas iniciales y con un sistema basado en contingencia, usted no paga nada a menos que ganemos su caso.<\/span><\/p>\n<p><b>\u00bfLesionado en el trabajo? Deje que E&amp;L, LLP luche por usted<\/b><\/p>\n<p><span>Si usted o un ser querido ha sufrido una lesi\u00f3n laboral que requiere cirug\u00eda, sabemos lo abrumador que puede ser el proceso. Deje que E&amp;L, LLP maneje las complejidades legales mientras usted se concentra en su recuperaci\u00f3n.<\/span><\/p>\n<p style=\"text-align: center;\"><b>LLAME A NUESTROS ABOGADOS PARA UNA CONSULTA GRATUITA Y SIN OBLIGACI\u00d3N<\/b><br \/>\n<\/b>(213) 213-0000<\/b><\/p>\n<p style=\"text-align: center;\"><b>NO RECIBIMOS PAGO HASTA QUE USTED RECIBA EL SUYO. ESA ES NUESTRA GARANT\u00cdA.<\/b><\/p>\n<\/div>\n<\/div><\/div><\/div>\n","protected":false},"excerpt":{"rendered":"","protected":false},"author":1,"featured_media":0,"parent":0,"menu_order":0,"comment_status":"closed","ping_status":"closed","template":"","meta":{"footnotes":""},"class_list":["post-1253","page","type-page","status-publish","hentry"],"_links":{"self":[{"href":"https:\/\/ebralavi.com\/tusabogadoslaborales\/wp-json\/wp\/v2\/pages\/1253","targetHints":{"allow":["GET"]}}],"collection":[{"href":"https:\/\/ebralavi.com\/tusabogadoslaborales\/wp-json\/wp\/v2\/pages"}],"about":[{"href":"https:\/\/ebralavi.com\/tusabogadoslaborales\/wp-json\/wp\/v2\/types\/page"}],"author":[{"embeddable":true,"href":"https:\/\/ebralavi.com\/tusabogadoslaborales\/wp-json\/wp\/v2\/users\/1"}],"replies":[{"embeddable":true,"href":"https:\/\/ebralavi.com\/tusabogadoslaborales\/wp-json\/wp\/v2\/comments?post=1253"}],"version-history":[{"count":3,"href":"https:\/\/ebralavi.com\/tusabogadoslaborales\/wp-json\/wp\/v2\/pages\/1253\/revisions"}],"predecessor-version":[{"id":1570,"href":"https:\/\/ebralavi.com\/tusabogadoslaborales\/wp-json\/wp\/v2\/pages\/1253\/revisions\/1570"}],"wp:attachment":[{"href":"https:\/\/ebralavi.com\/tusabogadoslaborales\/wp-json\/wp\/v2\/media?parent=1253"}],"curies":[{"name":"wp","href":"https:\/\/api.w.org\/{rel}","templated":true}]}}