{"id":1251,"date":"2025-01-29T19:22:57","date_gmt":"2025-01-29T19:22:57","guid":{"rendered":"https:\/\/tusabogadoslaboral.com\/?page_id=1251"},"modified":"2025-04-29T14:35:03","modified_gmt":"2025-04-29T14:35:03","slug":"work-injury-what-you-need-to-know","status":"publish","type":"page","link":"https:\/\/ebralavi.com\/tusabogadoslaborales\/work-injury-what-you-need-to-know\/","title":{"rendered":"Compensaci\u00f3n laboral: lo que necesita saber"},"content":{"rendered":"<p><b>Compensaci\u00f3n laboral: lo que necesita saber<\/b><\/p>\n<p><img loading=\"lazy\" decoding=\"async\" class=\"alignnone wp-image-1391\" src=\"https:\/\/ebralavi.com\/tusabogadoslaborales\/wp-content\/uploads\/2025\/02\/THE-BASICS-300x201.jpg\" alt=\"\" width=\"507\" height=\"340\" srcset=\"https:\/\/ebralavi.com\/tusabogadoslaborales\/wp-content\/uploads\/2025\/02\/THE-BASICS-300x200.jpg 300w, https:\/\/ebralavi.com\/tusabogadoslaborales\/wp-content\/uploads\/2025\/02\/THE-BASICS-768x515.jpg 768w, https:\/\/ebralavi.com\/tusabogadoslaborales\/wp-content\/uploads\/2025\/02\/THE-BASICS.jpg 1000w\" sizes=\"auto, (max-width: 507px) 100vw, 507px\" \/><\/p>\n<p>Si se lesiona en el trabajo, \u00bfcu\u00e1les son sus opciones? \u00bfPuede presentar una demanda para recuperar las p\u00e9rdidas financieras o se enfrenta a facturas m\u00e9dicas exorbitantes que debe pagar de su bolsillo? Afortunadamente, existe una tercera opci\u00f3n: las prestaciones de compensaci\u00f3n laboral, dise\u00f1adas para ayudar a los empleados a cubrir los costos de los accidentes laborales.<\/p>\n<p>Hist\u00f3ricamente, los trabajadores estadounidenses contaban con pocos recursos tras sufrir lesiones laborales, lo que los dejaba vulnerables a la explotaci\u00f3n por parte de los empleadores. Hace m\u00e1s de un siglo, se promulgaron las primeras leyes de compensaci\u00f3n laboral, que brindaban a los empleados protecciones cruciales. Hoy en d\u00eda, 49 de los 50 estados tienen leyes que exigen a los empleadores contar con un seguro de compensaci\u00f3n laboral.<\/p>\n<p>Incluso con estas protecciones, las reclamaciones de compensaci\u00f3n laboral no siempre son sencillas. Las denegaciones son frecuentes y el proceso puede ser abrumador. Si su reclamaci\u00f3n ha sido denegada o si desea asegurarse de recibir los beneficios a los que tiene derecho, es fundamental consultar con un abogado especializado en compensaci\u00f3n laboral. En E&#038;L, LLP, estamos aqu\u00ed para ayudarle a obtener la compensaci\u00f3n que merece. <\/p>\n<p style=\"text-align: center;\"><b>LLAME A NUESTROS ABOGADOS PARA UNA CONSULTA GRATUITA Y SIN COMPROMISO<\/b><b><br \/>\n<\/b><b>(213) 213-0000<\/b><\/p>\n<p><b>Preguntas frecuentes<\/b><\/p>\n<ol>\n<li><b>\u00bfCu\u00e1les son los tipos m\u00e1s comunes de accidentes laborales?<\/b><\/li>\n<\/ol>\n<p>Seg\u00fan nuestra experiencia, tres tipos de accidentes laborales ocurren con mayor frecuencia:<\/p>\n<ul>\n<li><b>Accidentes por resbalones y ca\u00eddas<\/b><br \/>\nLos resbalones y ca\u00eddas son los accidentes laborales m\u00e1s comunes. Ya sean causados \u200b\u200bpor pisos mojados en interiores o por placas de hielo en exteriores, estos accidentes suelen ocurrir inesperadamente, dejando a las v\u00edctimas con lesiones como fracturas, da\u00f1o espinal o traumatismos craneoencef\u00e1licos.<\/li>\n<li><b>T\u00e9cnicas de levantamiento inseguras<\/b><br \/>\nLevantar objetos de forma incorrecta puede provocar lesiones graves, como hernias discales o dislocaciones de hombro. Incluso si la t\u00e9cnica de levantamiento de un empleado es incorrecta, a\u00fan podr\u00eda calificar para los beneficios de compensaci\u00f3n laboral.<\/li>\n<li><b>Lesiones por Movimientos Repetitivos<\/b><br \/>\nAlgunas lesiones se desarrollan con el tiempo debido a tareas repetitivas, como escribir a m\u00e1quina u operar maquinaria. Afecciones como el s\u00edndrome del t\u00fanel carpiano y el dolor articular cr\u00f3nico son ejemplos comunes.<\/li>\n<\/ul>\n<ol start=\"2\">\n<li><b>\u00bfCu\u00e1l es el proceso para presentar una reclamaci\u00f3n de compensaci\u00f3n laboral?<\/b><\/li>\n<\/ol>\n<p>Presentar una reclamaci\u00f3n de compensaci\u00f3n laboral puede ser complejo, pero seguir estos pasos le garantiza cumplir con los requisitos legales:<\/p>\n<ul>\n<li><b>Busque atenci\u00f3n m\u00e9dica<\/b><br \/>\nBusque atenci\u00f3n m\u00e9dica de inmediato, incluso si sus lesiones no parecen graves. Las pruebas de diagn\u00f3stico pueden identificar s\u00edntomas tard\u00edos, y su historial m\u00e9dico servir\u00e1 como evidencia crucial para su reclamaci\u00f3n.<\/li>\n<li><b>Notifique a su empleador<\/b><br \/>\nInforme su lesi\u00f3n a su empleador lo antes posible. Reportar con retraso puede poner en riesgo su reclamo.<\/li>\n<li><b>Complete y env\u00ede el formulario de reclamo<\/b><br \/>\nSu empleador le proporcionar\u00e1 un formulario de reclamo de compensaci\u00f3n laboral. Es fundamental completarlo de forma precisa y completa. Un solo error puede resultar en una denegaci\u00f3n, as\u00ed que considere que un abogado revise su documentaci\u00f3n.<\/li>\n<li><b>Espere la decisi\u00f3n de la compa\u00f1\u00eda de seguros<br \/>\n<\/b>La compa\u00f1\u00eda de seguros revisar\u00e1 su reclamo, pero no se garantiza la aprobaci\u00f3n. Las aseguradoras podr\u00edan solicitar una segunda evaluaci\u00f3n m\u00e9dica o denegar los reclamos para minimizar los costos.<\/li>\n<li><b>Regreso al trabajo<br \/>\n<\/b>Los beneficios de compensaci\u00f3n laboral generalmente est\u00e1n destinados a brindar asistencia financiera temporal. Una vez que se haya recuperado, su empleador debe proporcionarle adaptaciones razonables para ayudarle a reincorporarse al trabajo.<\/li>\n<\/ul>\n<p style=\"text-align: center;\"><b>LLAME A NUESTROS ABOGADOS PARA UNA CONSULTA GRATUITA Y SIN COMPROMISO<\/b><b><br \/>\n<\/b><b>(213) 213-0000<\/b><\/p>\n<ol start=\"3\">\n<li><b>\u00bfQu\u00e9 debo buscar en un abogado de compensaci\u00f3n laboral?<\/b><\/li>\n<\/ol>\n<p>Elegir al abogado adecuado es fundamental para el \u00e9xito de su reclamaci\u00f3n. Aqu\u00ed tiene cinco factores clave a considerar:<\/p>\n<ul>\n<li><b>Representaci\u00f3n exclusiva de los empleados<br \/>\n<\/b>Evite a los abogados que han representado a empleadores en casos de compensaci\u00f3n laboral. Sus prioridades podr\u00edan no coincidir con las suyas.<\/li>\n<li><b>Trayectoria Comprobada<br \/>\n<\/b>Busque un abogado con experiencia en el manejo exitoso de casos de compensaci\u00f3n laboral y la obtenci\u00f3n de acuerdos sustanciales.<\/li>\n<li><b>Apoyo Legal Integral<br \/>\n<\/b>Elija un bufete que le brinde apoyo durante todo el proceso, desde la consulta inicial hasta la resoluci\u00f3n de la reclamaci\u00f3n.<\/li>\n<li><b>Comunicaci\u00f3n Efectiva<br \/>\n<\/b>Su abogado debe responder con prontitud a sus preguntas y mantenerlo informado sobre el progreso de su caso.<\/li>\n<\/ul>\n<ol start=\"4\">\n<li><b>Obtenga la Compensaci\u00f3n Laboral que Merece<\/b><\/li>\n<\/ol>\n<p>En E&#038;L, LLP, nos comprometemos a ayudar a los trabajadores lesionados a obtener los beneficios que necesitan para recuperarse. Nuestros abogados realizan investigaciones exhaustivas, recopilan pruebas y se aseguran de que su formulario de reclamaci\u00f3n sea preciso y completo.<\/p>\n<p>No navegue este proceso solo; perm\u00edtanos ayudarle a obtener la compensaci\u00f3n que merece. <\/p>\n<p style=\"text-align: center;\"><b>LLAME A NUESTROS ABOGADOS PARA UNA CONSULTA GRATUITA Y SIN COMPROMISO<\/b><b><br \/>\n<\/b><b>(213) 213-0000<\/b><\/p>\n<p style=\"text-align: center;\"><b>NO COBRAMOS HASTA QUE USTED COBRE. ESA ES NUESTRA GARANT\u00cdA.<\/b><\/p>\n","protected":false},"excerpt":{"rendered":"<p>Compensaci\u00f3n laboral: lo que necesita saber Si se lesiona en el trabajo, \u00bfcu\u00e1les son sus opciones? \u00bfPuede presentar una demanda para recuperar las p\u00e9rdidas financieras o se enfrenta a facturas m\u00e9dicas exorbitantes que debe pagar de su bolsillo? Afortunadamente, existe una tercera opci\u00f3n: las prestaciones de compensaci\u00f3n laboral, dise\u00f1adas para ayudar a los empleados a cubrir los costos de los accidentes laborales. Hist\u00f3ricamente, los trabajadores estadounidenses contaban con pocos recursos tras sufrir lesiones laborales, lo que los dejaba vulnerables a la explotaci\u00f3n por parte de los empleadores. Hace m\u00e1s de un siglo, se promulgaron las primeras leyes de compensaci\u00f3n laboral, <\/p>\n","protected":false},"author":1,"featured_media":0,"parent":0,"menu_order":0,"comment_status":"closed","ping_status":"closed","template":"","meta":{"footnotes":""},"class_list":["post-1251","page","type-page","status-publish","hentry"],"_links":{"self":[{"href":"https:\/\/ebralavi.com\/tusabogadoslaborales\/wp-json\/wp\/v2\/pages\/1251","targetHints":{"allow":["GET"]}}],"collection":[{"href":"https:\/\/ebralavi.com\/tusabogadoslaborales\/wp-json\/wp\/v2\/pages"}],"about":[{"href":"https:\/\/ebralavi.com\/tusabogadoslaborales\/wp-json\/wp\/v2\/types\/page"}],"author":[{"embeddable":true,"href":"https:\/\/ebralavi.com\/tusabogadoslaborales\/wp-json\/wp\/v2\/users\/1"}],"replies":[{"embeddable":true,"href":"https:\/\/ebralavi.com\/tusabogadoslaborales\/wp-json\/wp\/v2\/comments?post=1251"}],"version-history":[{"count":7,"href":"https:\/\/ebralavi.com\/tusabogadoslaborales\/wp-json\/wp\/v2\/pages\/1251\/revisions"}],"predecessor-version":[{"id":1494,"href":"https:\/\/ebralavi.com\/tusabogadoslaborales\/wp-json\/wp\/v2\/pages\/1251\/revisions\/1494"}],"wp:attachment":[{"href":"https:\/\/ebralavi.com\/tusabogadoslaborales\/wp-json\/wp\/v2\/media?parent=1251"}],"curies":[{"name":"wp","href":"https:\/\/api.w.org\/{rel}","templated":true}]}}