{"id":1244,"date":"2025-01-29T19:12:11","date_gmt":"2025-01-29T19:12:11","guid":{"rendered":"https:\/\/tusabogadoslaboral.com\/?page_id=1244"},"modified":"2025-04-30T09:23:32","modified_gmt":"2025-04-30T09:23:32","slug":"why-should-i-get-a-lawyer-for-a-workers-compensation-issue","status":"publish","type":"page","link":"https:\/\/ebralavi.com\/tusabogadoslaborales\/why-should-i-get-a-lawyer-for-a-workers-compensation-issue\/","title":{"rendered":"\u00bfPor qu\u00e9 deber\u00eda contratar un abogado para un problema de compensaci\u00f3n laboral?"},"content":{"rendered":"<div class=\"dm-service-section \"><div class=\"dm-container\"><div class=\"dm-flex\">\n<div class=\"dm-full wow fadeInRight\">\n<p>La compensaci\u00f3n laboral es un sistema dise\u00f1ado para ayudar a los empleados a recuperar los gastos m\u00e9dicos y los salarios perdidos despu\u00e9s de sufrir una lesi\u00f3n o enfermedad relacionada con el trabajo. Aunque este sistema est\u00e1 dise\u00f1ado para proteger a los trabajadores, navegar por el proceso de reclamaciones a menudo puede ser frustrante, llevar mucho tiempo y estar lleno de obst\u00e1culos. Los empleadores y las compa\u00f1\u00edas de seguros pueden minimizar o incluso negar reclamaciones v\u00e1lidas, dejando a los trabajadores lesionados luchando por obtener el apoyo que merecen.<\/p>\n<p>Si se est\u00e1 preguntando, \u201c\u00bfPor qu\u00e9 deber\u00eda contratar a un abogado para mi reclamaci\u00f3n de compensaci\u00f3n laboral?\u201d, la respuesta es simple: Tener un abogado experimentado a su lado asegura que sus derechos est\u00e9n protegidos y aumenta significativamente sus posibilidades de recibir los beneficios que necesita. Los abogados de compensaci\u00f3n laboral de E&amp;L, LLP tienen d\u00e9cadas de experiencia ayudando a los trabajadores lesionados a luchar por la justicia y la compensaci\u00f3n.<\/p>\n<p style=\"text-align: center;\"><strong>LLAME A NUESTROS ABOGADOS PARA UNA CONSULTA GRATUITA Y SIN OBLIGACI\u00d3N<\/strong><br \/>\n<strong>(213) 213-0000<\/strong><\/p>\n<h3>\u00bfPor Qu\u00e9 es Importante un Abogado en un Caso de Compensaci\u00f3n Laboral?<\/h3>\n<h3>1. Navegar por un Sistema Complejo<\/h3>\n<p>Las reclamaciones de compensaci\u00f3n laboral implican varios pasos, desde presentar un informe inicial hasta asistir a evaluaciones m\u00e9dicas y posiblemente apelar una reclamaci\u00f3n denegada. El proceso puede ser abrumador, especialmente cuando se est\u00e1 recuperando de una lesi\u00f3n. Un abogado asegura que se cumplan los plazos, se presenten los documentos correctamente y el caso avance sin problemas.<\/p>\n<h3>2. Superar Negativas y Retrasos<\/h3>\n<p>Incluso las reclamaciones v\u00e1lidas pueden ser denegadas o retrasadas. Las compa\u00f1\u00edas de seguros pueden argumentar:<\/p>\n<ul>\n<li>La lesi\u00f3n no fue relacionada con el trabajo.<\/li>\n<li>Usted tiene una condici\u00f3n preexistente.<\/li>\n<li>No cumpli\u00f3 con el plazo de reporte.<\/li>\n<\/ul>\n<p>Un abogado de compensaci\u00f3n laboral investigar\u00e1 su reclamaci\u00f3n, recopilar\u00e1 pruebas y luchar\u00e1 contra las negativas o retrasos injustos para obtener los beneficios que usted merece.<\/p>\n<h3>3. Nivelar el Campo de Juego<\/h3>\n<p>Las compa\u00f1\u00edas de seguros tienen equipos de profesionales cuyo objetivo es minimizar los pagos. Sin representaci\u00f3n legal, puede resultar dif\u00edcil negociar un acuerdo justo. Un abogado calificado iguala las condiciones y aboga por sus mejores intereses.<\/p>\n<h3>4. Maximizar Sus Beneficios<\/h3>\n<p>Un abogado puede ayudarle a comprender el alcance completo de los beneficios disponibles, incluidos atenci\u00f3n m\u00e9dica, reemplazo de salarios, rehabilitaci\u00f3n vocacional y beneficios por discapacidad permanente. Ellos asegurar\u00e1n que su reclamaci\u00f3n tenga en cuenta todos los gastos actuales y futuros, para que no se conforme con menos de lo que necesita.<\/p>\n<h3>Desaf\u00edos Comunes en Casos de Compensaci\u00f3n Laboral<\/h3>\n<h3>Evaluaciones M\u00e9dicas<\/h3>\n<p>El seguro de compensaci\u00f3n laboral a menudo requiere que los empleados lesionados asistan a evaluaciones m\u00e9dicas con un m\u00e9dico elegido por la aseguradora. Estos m\u00e9dicos pueden restar importancia a sus lesiones para reducir los pagos. Un abogado puede ayudar a impugnar evaluaciones injustas y abogar por su derecho a recibir tratamiento m\u00e9dico imparcial.<\/p>\n<h3>Represalias por Parte del Empleador<\/h3>\n<p>Algunos empleadores toman represalias contra los trabajadores que presentan reclamaciones de compensaci\u00f3n, como degradarlos, despedirlos o discriminar contra ellos. Un abogado puede ayudar a proteger sus derechos y responsabilizar a su empleador por acciones ilegales.<\/p>\n<h3>Procedimientos Legales Confusos<\/h3>\n<p>Desde los plazos de presentaci\u00f3n hasta los procesos de apelaci\u00f3n, las leyes de compensaci\u00f3n laboral var\u00edan seg\u00fan el estado y pueden ser confusas. Un abogado experimentado entiende estas leyes y asegura que su caso cumpla con todos los requisitos.<\/p>\n<p><strong>LLAME A NUESTROS ABOGADOS PARA UNA CONSULTA GRATUITA Y SIN OBLIGACI\u00d3N<\/strong><br \/>\n(213) 213-0000<\/p>\n<h3>\u00bfQu\u00e9 Puede Hacer un Abogado por Usted?<\/h3>\n<ul>\n<li><strong>Evaluar Su Caso:<\/strong> Determinar la solidez de su reclamaci\u00f3n y calcular los beneficios a los que tiene derecho.<\/li>\n<li><strong>Presentar Su Reclamaci\u00f3n:<\/strong> Asegurarse de que todos los documentos sean precisos y se presenten a tiempo.<\/li>\n<li><strong>Recopilar Pruebas:<\/strong> Recopilar registros m\u00e9dicos, declaraciones de testigos y otra documentaci\u00f3n para respaldar su reclamaci\u00f3n.<\/li>\n<li><strong>Manejar Apelaciones:<\/strong> Luchar contra reclamaciones denegadas presentando pruebas y argumentos s\u00f3lidos en audiencias o tribunales.<\/li>\n<li><strong>Negociar Acuerdos:<\/strong> Abogar por un acuerdo justo que cubra todos sus gastos y necesidades.<\/li>\n<li><strong>Proporcionar Tranquilidad:<\/strong> Manejar las complejidades legales para que pueda concentrarse en su recuperaci\u00f3n.<\/li>\n<\/ul>\n<h3>Preguntas Frecuentes<\/h3>\n<h3>1. \u00bfCu\u00e1ndo Debo Presentar una Reclamaci\u00f3n de Compensaci\u00f3n Laboral?<\/h3>\n<p>Debe reportar su lesi\u00f3n a su empleador y presentar una reclamaci\u00f3n lo antes posible. Los retrasos pueden poner en peligro sus beneficios y dificultar la recopilaci\u00f3n de pruebas.<\/p>\n<h3>2. \u00bfQu\u00e9 Hago Si Mi Reclamaci\u00f3n es Denegada?<\/h3>\n<p>Las negativas son comunes, pero no son el fin del camino. Puede apelar la decisi\u00f3n con la ayuda de un abogado que recopilar\u00e1 pruebas adicionales, desafiar\u00e1 las negativas injustas y lo representar\u00e1 en las audiencias.<\/p>\n<h3>3. \u00bfQu\u00e9 Hago Si Mi Empleador Toma Represalias Contra M\u00ed?<\/h3>\n<p>Las represalias son ilegales. Si su empleador lo castiga por presentar una reclamaci\u00f3n, como despedirlo o degradarlo, un abogado de compensaci\u00f3n laboral puede ayudarlo a tomar medidas legales para proteger sus derechos y buscar da\u00f1os adicionales.<\/p>\n<h3>4. \u00bfQu\u00e9 Preguntas Debo Hacerle a un Abogado de Compensaci\u00f3n Laboral?<\/h3>\n<p>Cuando se re\u00fana con un abogado, considere hacerle estas preguntas:<\/p>\n<ul>\n<li>\u00bfHa manejado casos similares al m\u00edo?<\/li>\n<li>\u00bfC\u00f3mo aborda las negociaciones con las compa\u00f1\u00edas de seguros?<\/li>\n<li>\u00bfCu\u00e1les son los desaf\u00edos potenciales en mi caso?<\/li>\n<li>\u00bfTendr\u00e9 que pagar honorarios si no ganamos el caso?<\/li>\n<\/ul>\n<p style=\"text-align: center;\"><strong>LLAME A NUESTROS ABOGADOS PARA UNA CONSULTA GRATUITA Y SIN OBLIGACI\u00d3N<\/strong><br \/>\n<strong>(213) 213-0000<\/strong><\/p>\n<h3>Obteniendo Ayuda con Su Reclamaci\u00f3n de Compensaci\u00f3n Laboral<\/h3>\n<p>En E&amp;L, LLP, creemos que todo trabajador lesionado merece justicia. Nuestros abogados experimentados est\u00e1n aqu\u00ed para guiarlo durante todo el proceso, desde presentar una reclamaci\u00f3n hasta apelar una denegaci\u00f3n.<\/p>\n<p>Trabajamos bajo un sistema de honorarios contingentes, lo que significa que no paga nada a menos que ganemos su caso.<\/p>\n<p style=\"text-align: center;\"><strong>LLAME A NUESTROS ABOGADOS PARA UNA CONSULTA GRATUITA Y SIN OBLIGACI\u00d3N<\/strong><br \/>\n<strong>(213) 213-0000<\/strong><\/p>\n<p style=\"text-align: center;\"><strong>NO RECIBIMOS PAGO HASTA QUE USTED RECIBA EL SUYO. ESA ES NUESTRA GARANT\u00cdA.<\/strong><\/p>\n<\/div><br \/>\n<\/div><\/div><\/div>\n","protected":false},"excerpt":{"rendered":"","protected":false},"author":1,"featured_media":0,"parent":0,"menu_order":0,"comment_status":"closed","ping_status":"closed","template":"","meta":{"footnotes":""},"class_list":["post-1244","page","type-page","status-publish","hentry"],"_links":{"self":[{"href":"https:\/\/ebralavi.com\/tusabogadoslaborales\/wp-json\/wp\/v2\/pages\/1244","targetHints":{"allow":["GET"]}}],"collection":[{"href":"https:\/\/ebralavi.com\/tusabogadoslaborales\/wp-json\/wp\/v2\/pages"}],"about":[{"href":"https:\/\/ebralavi.com\/tusabogadoslaborales\/wp-json\/wp\/v2\/types\/page"}],"author":[{"embeddable":true,"href":"https:\/\/ebralavi.com\/tusabogadoslaborales\/wp-json\/wp\/v2\/users\/1"}],"replies":[{"embeddable":true,"href":"https:\/\/ebralavi.com\/tusabogadoslaborales\/wp-json\/wp\/v2\/comments?post=1244"}],"version-history":[{"count":5,"href":"https:\/\/ebralavi.com\/tusabogadoslaborales\/wp-json\/wp\/v2\/pages\/1244\/revisions"}],"predecessor-version":[{"id":1565,"href":"https:\/\/ebralavi.com\/tusabogadoslaborales\/wp-json\/wp\/v2\/pages\/1244\/revisions\/1565"}],"wp:attachment":[{"href":"https:\/\/ebralavi.com\/tusabogadoslaborales\/wp-json\/wp\/v2\/media?parent=1244"}],"curies":[{"name":"wp","href":"https:\/\/api.w.org\/{rel}","templated":true}]}}