{"id":1241,"date":"2025-01-29T19:09:50","date_gmt":"2025-01-29T19:09:50","guid":{"rendered":"https:\/\/tusabogadoslaboral.com\/?page_id=1241"},"modified":"2025-04-29T14:51:28","modified_gmt":"2025-04-29T14:51:28","slug":"workers-compensation-violations","status":"publish","type":"page","link":"https:\/\/ebralavi.com\/tusabogadoslaborales\/workers-compensation-violations\/","title":{"rendered":"Violaciones de la compensaci\u00f3n laboral"},"content":{"rendered":"<p>Infracciones a la Compensaci\u00f3n Laboral<\/p>\n<p><img loading=\"lazy\" decoding=\"async\" class=\"alignnone wp-image-1401\" src=\"https:\/\/ebralavi.com\/tusabogadoslaborales\/wp-content\/uploads\/2025\/02\/GROUP-HURT-AT-WORK-300x127.jpeg\" alt=\"\" width=\"607\" height=\"257\" srcset=\"https:\/\/ebralavi.com\/tusabogadoslaborales\/wp-content\/uploads\/2025\/02\/GROUP-HURT-AT-WORK-300x127.jpeg 300w, https:\/\/ebralavi.com\/tusabogadoslaborales\/wp-content\/uploads\/2025\/02\/GROUP-HURT-AT-WORK.jpeg 616w\" sizes=\"auto, (max-width: 607px) 100vw, 607px\" \/><\/p>\n<p>Los accidentes y las lesiones pueden ocurrir en cualquier entorno laboral, desde oficinas hasta obras de construcci\u00f3n. Si bien algunos trabajos exponen a los trabajadores a mayores riesgos que otros, todo empleado lesionado merece justicia y los beneficios que le corresponden seg\u00fan las leyes de compensaci\u00f3n laboral.<\/p>\n<p>La mayor\u00eda de los empleados en Estados Unidos tienen derecho a recibir beneficios de compensaci\u00f3n laboral despu\u00e9s de una lesi\u00f3n laboral. Estos beneficios pueden ayudar a cubrir la atenci\u00f3n m\u00e9dica, la p\u00e9rdida de salarios y otros gastos asociados. Sin embargo, algunos empleadores y compa\u00f1\u00edas de seguros pueden intentar eludir las regulaciones para ahorrar dinero, lo que perjudica a los trabajadores lesionados.<\/p>\n<p>En E&#038;L, LLP, creemos que todo trabajador merece respeto y un trato justo. Si sufri\u00f3 una lesi\u00f3n laboral, no permita que empleadores sin escr\u00fapulos o compa\u00f1\u00edas de seguros codiciosas le nieguen la compensaci\u00f3n que merece. Hable hoy mismo con un abogado especializado en compensaci\u00f3n laboral de E&#038;L, LLP para una consulta gratuita.<\/p>\n<p style=\"text-align: center;\"><b>LLAME A NUESTROS ABOGADOS PARA UNA CONSULTA GRATUITA Y SIN COMPROMISO<\/b><br \/>\n(213) 213-0000<\/p>\n<p><b>Requisitos del seguro de compensaci\u00f3n laboral<\/b><\/p>\n<p>El seguro de compensaci\u00f3n laboral est\u00e1 dise\u00f1ado para brindar protecci\u00f3n financiera a los empleados que se lesionen o enfermen en el trabajo. Si bien los requisitos var\u00edan seg\u00fan el estado, todos los empleadores en California est\u00e1n obligados por ley a contratar un seguro de compensaci\u00f3n laboral para sus empleados.<\/p>\n<p>Desafortunadamente, algunas empresas incumplen estas leyes, lo que deja a los empleados en situaci\u00f3n de vulnerabilidad.<\/p>\n<p><b>Infracciones comunes de la compensaci\u00f3n laboral<\/b><\/p>\n<p>Adem\u00e1s de no contar con un seguro de compensaci\u00f3n laboral, existen otras maneras en que los empleadores pueden infringir las regulaciones de compensaci\u00f3n laboral:<\/p>\n<ol>\n<li><b>Incumplimiento de la obligaci\u00f3n de informar a los trabajadores sobre sus derechos<\/b><\/li>\n<\/ol>\n<p>Los empleadores deben mostrar avisos que informen a los empleados sobre sus derechos de compensaci\u00f3n laboral, incluyendo el nombre de la aseguradora y detalles sobre las opciones de tratamiento m\u00e9dico cubiertas.<\/p>\n<p>Si su empleador no le ha proporcionado esta informaci\u00f3n, es importante consultar con un abogado especializado en compensaci\u00f3n laboral para garantizar la protecci\u00f3n de sus derechos. <\/p>\n<ol start=\"2\">\n<li><b>No proporcionar los formularios de reclamaci\u00f3n de compensaci\u00f3n laboral<\/b><\/li>\n<\/ol>\n<p>Cuando reporta una lesi\u00f3n laboral, su empleador debe proporcionarle los formularios de reclamaci\u00f3n correspondientes y detalles sobre sus derechos de compensaci\u00f3n laboral.<\/p>\n<p>No proporcionar estos formularios viola sus derechos y podr\u00eda retrasar o poner en riesgo su capacidad para recibir beneficios. Un abogado puede ayudarle a abordar este problema y a presentar su reclamaci\u00f3n correctamente.<\/p>\n<ol start=\"3\">\n<li><b>Discriminaci\u00f3n o represalias<\/b><\/li>\n<\/ol>\n<p>Los empleadores tienen prohibido discriminar o tomar represalias contra los empleados que presenten reclamaciones de compensaci\u00f3n laboral. Ejemplos de represalias incluyen:<\/p>\n<ul>\n<li>Reducci\u00f3n de horas o salario<\/li>\n<li>Descensos injustos<\/li>\n<li>Despido injustificado<\/li>\n<li>Asignaci\u00f3n de tareas indeseables al empleado<\/li>\n<\/ul>\n<p>Si ha sufrido represalias tras presentar una reclamaci\u00f3n de compensaci\u00f3n laboral, los abogados de E&#038;L, LLP est\u00e1n listos para defenderlo. <\/p>\n<p style=\"text-align: center;\"><b>LLAME A NUESTROS ABOGADOS PARA UNA CONSULTA GRATUITA Y SIN COMPROMISO<\/b><br \/>\n(213) 213-0000<\/p>\n<p><b>Preguntas frecuentes<\/b><\/p>\n<ol>\n<li><b>\u00bfQu\u00e9 cubre el seguro de compensaci\u00f3n laboral?<\/b><\/li>\n<\/ol>\n<p>Los beneficios de compensaci\u00f3n laboral cubren:<\/p>\n<ul>\n<li>Gastos m\u00e9dicos: Esto incluye hospitalizaciones, consultas m\u00e9dicas, cirug\u00edas, medicamentos recetados y servicios de rehabilitaci\u00f3n.<\/li>\n<li>P\u00e9rdida de ingresos: Los trabajadores lesionados pueden recibir beneficios de reemplazo salarial si la lesi\u00f3n les impide trabajar. Normalmente, esto equivale a un porcentaje de su salario semanal promedio.<\/li>\n<li>Gastos m\u00e9dicos recurrentes: La compensaci\u00f3n laboral tambi\u00e9n puede cubrir tratamientos a largo plazo, como fisioterapia, para lesiones graves.<\/li>\n<\/ul>\n<ol start=\"2\">\n<li><b>\u00bfQu\u00e9 sucede con las lesiones fatales en el trabajo?<\/b><\/li>\n<\/ol>\n<p>En casos tr\u00e1gicos en los que un trabajador fallece como resultado de una lesi\u00f3n laboral, su familia puede tener derecho a una compensaci\u00f3n. Los beneficios de la compensaci\u00f3n laboral por lesiones fatales pueden incluir:<\/p>\n<ul>\n<li>Gastos funerarios y de entierro<\/li>\n<li>P\u00e9rdida de ingresos y apoyo financiero para dependientes<\/li>\n<\/ul>\n<p>En E&#038;L, LLP, brindamos representaci\u00f3n legal compasiva a las familias que atraviesan estas dif\u00edciles circunstancias.<\/p>\n<ol start=\"3\">\n<li><b>\u00bfQu\u00e9 pasa con las prestaciones por discapacidad?<\/b><\/li>\n<\/ol>\n<p>La compensaci\u00f3n laboral ofrece prestaciones para diversos niveles de discapacidad, incluyendo:<\/p>\n<ul>\n<li>Incapacidad parcial temporal: Cubre a los trabajadores que temporalmente no pueden realizar algunas tareas laborales.<\/li>\n<li>Incapacidad total temporal: Cubre a los trabajadores que temporalmente no pueden realizar ninguna tarea laboral.<\/li>\n<li>Incapacidad parcial permanente: Ofrece prestaciones a los trabajadores que permanentemente no pueden realizar ciertas tareas.<\/li>\n<li>Incapacidad total permanente: Cubre a los trabajadores que permanentemente no pueden trabajar en ninguna funci\u00f3n.<\/li>\n<\/ul>\n<ol start=\"4\">\n<li><b>\u00bfPuedo demandar a mi empleador despu\u00e9s de una lesi\u00f3n laboral?<\/b><\/li>\n<\/ol>\n<p>En la mayor\u00eda de los casos, las leyes de compensaci\u00f3n laboral impiden que los empleados demanden a sus empleadores por lesiones laborales. Sin embargo, podr\u00eda presentar una demanda si un tercero (por ejemplo, un subcontratista o fabricante de equipos) contribuy\u00f3 a su lesi\u00f3n.<\/p>\n<ol start=\"5\">\n<li><b>\u00bfLa compensaci\u00f3n laboral cubre da\u00f1os generales?<\/b><\/li>\n<\/ol>\n<p>La compensaci\u00f3n laboral solo cubre p\u00e9rdidas financieras, como facturas m\u00e9dicas y salarios perdidos. No cubre da\u00f1os no econ\u00f3micos, como dolor y sufrimiento o angustia emocional. Sin embargo, si un tercero contribuy\u00f3 a su lesi\u00f3n, podr\u00eda obtener una compensaci\u00f3n adicional mediante una demanda por lesiones personales.<\/p>\n<p style=\"text-align: center;\"><b>LLAME A NUESTROS ABOGADOS PARA UNA CONSULTA GRATUITA Y SIN COMPROMISO<\/b><br \/>\n(213) 213-0000<\/p>\n<p><b>C\u00f3mo puede ayudarle E&#038;L, LLP<\/b><\/p>\n<p>Si ha sufrido una lesi\u00f3n o enfermedad laboral, el proceso de compensaci\u00f3n laboral puede ser abrumador. Nuestros abogados expertos le guiar\u00e1n en cada paso del proceso, asegur\u00e1ndose de que reciba todos los beneficios a los que tiene derecho.<\/p>\n<p>Trabajamos con honorarios de contingencia, lo que significa que no nos pagar\u00e1 a menos que obtengamos una compensaci\u00f3n para usted.<\/p>\n<p style=\"text-align: center;\"><b>LLAME A NUESTROS ABOGADOS PARA UNA CONSULTA GRATUITA Y SIN COMPROMISO<\/b><br \/>\n(213) 213-0000<\/p>\n<p style=\"text-align: center;\"><b>NO COBRAMOS HASTA QUE USTED COBRE. ESA ES NUESTRA GARANT\u00cdA.<\/b><\/p>\n","protected":false},"excerpt":{"rendered":"<p>Infracciones a la Compensaci\u00f3n Laboral Los accidentes y las lesiones pueden ocurrir en cualquier entorno laboral, desde oficinas hasta obras de construcci\u00f3n. Si bien algunos trabajos exponen a los trabajadores a mayores riesgos que otros, todo empleado lesionado merece justicia y los beneficios que le corresponden seg\u00fan las leyes de compensaci\u00f3n laboral. La mayor\u00eda de los empleados en Estados Unidos tienen derecho a recibir beneficios de compensaci\u00f3n laboral despu\u00e9s de una lesi\u00f3n laboral. Estos beneficios pueden ayudar a cubrir la atenci\u00f3n m\u00e9dica, la p\u00e9rdida de salarios y otros gastos asociados. Sin embargo, algunos empleadores y compa\u00f1\u00edas de seguros pueden intentar <\/p>\n","protected":false},"author":1,"featured_media":0,"parent":0,"menu_order":0,"comment_status":"closed","ping_status":"closed","template":"","meta":{"footnotes":""},"class_list":["post-1241","page","type-page","status-publish","hentry"],"_links":{"self":[{"href":"https:\/\/ebralavi.com\/tusabogadoslaborales\/wp-json\/wp\/v2\/pages\/1241","targetHints":{"allow":["GET"]}}],"collection":[{"href":"https:\/\/ebralavi.com\/tusabogadoslaborales\/wp-json\/wp\/v2\/pages"}],"about":[{"href":"https:\/\/ebralavi.com\/tusabogadoslaborales\/wp-json\/wp\/v2\/types\/page"}],"author":[{"embeddable":true,"href":"https:\/\/ebralavi.com\/tusabogadoslaborales\/wp-json\/wp\/v2\/users\/1"}],"replies":[{"embeddable":true,"href":"https:\/\/ebralavi.com\/tusabogadoslaborales\/wp-json\/wp\/v2\/comments?post=1241"}],"version-history":[{"count":6,"href":"https:\/\/ebralavi.com\/tusabogadoslaborales\/wp-json\/wp\/v2\/pages\/1241\/revisions"}],"predecessor-version":[{"id":1505,"href":"https:\/\/ebralavi.com\/tusabogadoslaborales\/wp-json\/wp\/v2\/pages\/1241\/revisions\/1505"}],"wp:attachment":[{"href":"https:\/\/ebralavi.com\/tusabogadoslaborales\/wp-json\/wp\/v2\/media?parent=1241"}],"curies":[{"name":"wp","href":"https:\/\/api.w.org\/{rel}","templated":true}]}}