{"id":1240,"date":"2025-01-29T19:09:19","date_gmt":"2025-01-29T19:09:19","guid":{"rendered":"https:\/\/tusabogadoslaboral.com\/?page_id=1240"},"modified":"2025-04-29T15:57:28","modified_gmt":"2025-04-29T15:57:28","slug":"workers-compensation-insurance-claim-disputes","status":"publish","type":"page","link":"https:\/\/ebralavi.com\/tusabogadoslaborales\/workers-compensation-insurance-claim-disputes\/","title":{"rendered":"Disputas sobre reclamaciones de seguros de compensaci\u00f3n laboral"},"content":{"rendered":"<div class=\"dm-service-section \"><div class=\"dm-container\"><div class=\"dm-flex\">\n<div class=\"dm-full wow fadeInRight\">\n<p><span>Cada a\u00f1o, personas y familias invierten cientos o incluso miles de d\u00f3lares en p\u00f3lizas de seguro para proteger sus hogares, veh\u00edculos, salud y futuro financiero. Estas p\u00f3lizas est\u00e1n dise\u00f1adas para brindar seguridad y tranquilidad ante eventos inesperados, como lesiones laborales, desastres naturales, accidentes o lesiones personales.<\/p>\n<p><span>Cuando la vida da un giro inesperado, usted conf\u00eda en que su aseguradora actuar\u00e1 de manera justa y cumplir\u00e1 con sus obligaciones. Desafortunadamente, no todas las aseguradoras act\u00faan de buena fe. Cuando una aseguradora rechaza una reclamaci\u00f3n v\u00e1lida o no cumple con los acuerdos de su p\u00f3liza, usted puede sentirse vulnerable e inseguro de a qui\u00e9n acudir en busca de ayuda.<\/p>\n<p><span>En E&#038;L, LLP, comprendemos la frustraci\u00f3n y la ansiedad que causan las disputas de seguros. Nuestros abogados con experiencia est\u00e1n aqu\u00ed para ayudarle a afrontar estos desaf\u00edos y exigir a las aseguradoras que rindan cuentas por sus acciones. <\/p>\n<p style=\"text-align: center;\"><b>LLAME A NUESTROS ABOGADOS PARA UNA CONSULTA GRATUITA Y SIN COMPROMISO<\/b><br \/>\n<\/b>(213) 213-0000<\/b><\/p>\n<p><b>\u00bfQu\u00e9 es un seguro de mala fe?<\/b><\/p>\n<p><span>Las compa\u00f1\u00edas de seguros est\u00e1n legalmente obligadas a actuar de buena fe al procesar reclamos, lo que significa que deben gestionarlos de manera justa, exhaustiva y en el mejor inter\u00e9s de sus asegurados. Desafortunadamente, algunas aseguradoras incurren en pr\u00e1cticas de mala fe para evitar pagar reclamos v\u00e1lidos.<\/p>\n<p><span>No todas las denegaciones de reclamos constituyen mala fe, pero si sospecha que su aseguradora ha actuado indebidamente, es crucial que un abogado calificado investigue su situaci\u00f3n. En E&#038;L, LLP, nos especializamos en identificar y abordar pr\u00e1cticas de mala fe.<\/p>\n<p>Se\u00f1ales comunes de mala fe en seguros<\/p>\n<p>Algunos de los indicadores m\u00e1s comunes de que una compa\u00f1\u00eda de seguros puede actuar de mala fe incluyen:<\/p>\n<ul>\n<li><span>Investigaci\u00f3n inadecuada de un reclamo: No revisar a fondo las pruebas ni evaluar los da\u00f1os.\n<li><span>Rechazar un reclamo v\u00e1lido: Rechazar un reclamo leg\u00edtimo sin una explicaci\u00f3n razonable.\n<li><span>Negarse a llegar a un acuerdo: Negarse injustamente a negociar o resolver el reclamo.\n<li><span>Ofrecer menos de lo que vale el reclamo: Proponer un monto de acuerdo inadecuado.\n<li><span>Retrasar pagos o investigaciones: Prolongar el proceso innecesariamente para evitar el pago.\n<li><span>Acoso al asegurado: Intimidar o presionar al asegurado durante el proceso de reclamo. <\/li>\n<\/ul>\n<p><span>Si ha experimentado alguno de estos problemas, es posible que est\u00e9 tratando con una aseguradora que act\u00faa de mala fe.<\/p>\n<p><b>C\u00f3mo puede ayudarle E&#038;L, LLP<\/b><\/p>\n<p><span>Cuando se enfrenta a una disputa de seguros, es f\u00e1cil sentirse abrumado por el proceso. Las compa\u00f1\u00edas de seguros a menudo utilizan sus vastos recursos para dificultar que los asegurados obtengan la compensaci\u00f3n que merecen. Pero en E&#038;L, LLP, nos comprometemos a defender sus derechos.<\/p>\n<p><span>As\u00ed es como podemos ayudarle:<\/p>\n<ul>\n<li><span>Investigaciones exhaustivas: Nuestros abogados examinar\u00e1n cuidadosamente su reclamaci\u00f3n y determinar\u00e1n si su aseguradora actu\u00f3 de forma indebida. <\/li>\n<li><span>Defensa firme: Si encontramos pruebas de mala fe, emprenderemos acciones legales en\u00e9rgicas para exigir responsabilidades a la compa\u00f1\u00eda de seguros. <\/li>\n<li><span>Servicios de litigio: De ser necesario, demandaremos a la aseguradora para exigir la informaci\u00f3n y la indemnizaci\u00f3n que le corresponde. <\/li>\n<li><span>Apoyo integral: Nos encargaremos de todos los aspectos de su caso para que usted pueda concentrarse en su recuperaci\u00f3n y seguir adelante. <\/li>\n<\/ul>\n<p><span>Contamos con amplia experiencia en el trato con compa\u00f1\u00edas de seguros y en el manejo de las complejas leyes de seguros. Nuestros abogados no se rendir\u00e1n ante cualquier desaf\u00edo y lucharemos incansablemente para garantizar que su reclamaci\u00f3n sea validada.<\/p>\n<p><b>\u00bfPor qu\u00e9 elegir E&#038;L, LLP?<\/b><\/p>\n<p><span>En E&#038;L, LLP, nuestra prioridad es proteger a su familia, sus inversiones y su futuro. Entendemos lo estresante que puede ser tratar con una compa\u00f1\u00eda de seguros poco cooperativa, pero estamos aqu\u00ed para brindarle el apoyo y la representaci\u00f3n que necesita.<\/p>\n<p>Nuestros servicios est\u00e1n dise\u00f1ados para proteger sus intereses y operamos con honorarios de contingencia, lo que significa que no nos paga a menos que obtengamos una indemnizaci\u00f3n para usted.<\/p>\n<p style=\"text-align: center;\"><b>LLAME A NUESTROS ABOGADOS PARA UNA CONSULTA GRATUITA Y SIN COMPROMISO<\/b><br \/>\n<\/b>(213) 213-0000<\/b><\/p>\n<p style=\"text-align: center;\"><b>NO COBRAMOS HASTA QUE USTED COBRE. ESA ES NUESTRA GARANT\u00cdA.<\/b><\/p>\n<\/div>\n<\/div><\/div><\/div>\n","protected":false},"excerpt":{"rendered":"","protected":false},"author":1,"featured_media":0,"parent":0,"menu_order":0,"comment_status":"closed","ping_status":"closed","template":"","meta":{"footnotes":""},"class_list":["post-1240","page","type-page","status-publish","hentry"],"_links":{"self":[{"href":"https:\/\/ebralavi.com\/tusabogadoslaborales\/wp-json\/wp\/v2\/pages\/1240","targetHints":{"allow":["GET"]}}],"collection":[{"href":"https:\/\/ebralavi.com\/tusabogadoslaborales\/wp-json\/wp\/v2\/pages"}],"about":[{"href":"https:\/\/ebralavi.com\/tusabogadoslaborales\/wp-json\/wp\/v2\/types\/page"}],"author":[{"embeddable":true,"href":"https:\/\/ebralavi.com\/tusabogadoslaborales\/wp-json\/wp\/v2\/users\/1"}],"replies":[{"embeddable":true,"href":"https:\/\/ebralavi.com\/tusabogadoslaborales\/wp-json\/wp\/v2\/comments?post=1240"}],"version-history":[{"count":2,"href":"https:\/\/ebralavi.com\/tusabogadoslaborales\/wp-json\/wp\/v2\/pages\/1240\/revisions"}],"predecessor-version":[{"id":1533,"href":"https:\/\/ebralavi.com\/tusabogadoslaborales\/wp-json\/wp\/v2\/pages\/1240\/revisions\/1533"}],"wp:attachment":[{"href":"https:\/\/ebralavi.com\/tusabogadoslaborales\/wp-json\/wp\/v2\/media?parent=1240"}],"curies":[{"name":"wp","href":"https:\/\/api.w.org\/{rel}","templated":true}]}}