{"id":1239,"date":"2025-01-29T19:08:30","date_gmt":"2025-01-29T19:08:30","guid":{"rendered":"https:\/\/tusabogadoslaboral.com\/?page_id=1239"},"modified":"2025-04-30T09:24:48","modified_gmt":"2025-04-30T09:24:48","slug":"will-workers-compensation-offer-me-a-settlement","status":"publish","type":"page","link":"https:\/\/ebralavi.com\/tusabogadoslaborales\/will-workers-compensation-offer-me-a-settlement\/","title":{"rendered":"\u00bfLa compensaci\u00f3n laboral me ofrecer\u00e1 un acuerdo?"},"content":{"rendered":"<div class=\"dm-service-section \"><div class=\"dm-container\"><div class=\"dm-flex\">\n<div class=\"dm-full wow fadeInRight\">\n<p><span>Cuando un empleado se lesiona en el trabajo, tiene el derecho legal de solicitar los beneficios de compensaci\u00f3n laboral. Estos beneficios est\u00e1n dise\u00f1ados para ayudar a los trabajadores lesionados a recuperarse financieramente de los costos m\u00e9dicos y la p\u00e9rdida de salarios. Sin embargo, el proceso para obtener estos beneficios puede ser complicado, y muchos trabajadores se preguntan: \u201c\u00bfMe ofrecer\u00e1 la compensaci\u00f3n laboral un acuerdo?\u201d<\/span><\/p>\n<p><span>En E&amp;L, LLP, entendemos los desaf\u00edos de navegar por el sistema de compensaci\u00f3n laboral. Nuestros abogados experimentados est\u00e1n aqu\u00ed para guiarlo durante el proceso, asegur\u00e1ndose de que reciba los beneficios y el acuerdo que merece.<\/span><\/p>\n<p style=\"text-align: center;\"><b>LLAME A NUESTROS ABOGADOS PARA UNA CONSULTA GRATUITA Y SIN OBLIGACI\u00d3N<\/b><br \/>\n<\/b>(213) 213-0000<\/b><\/p>\n<p><b>Entendiendo las Reclamaciones de Compensaci\u00f3n Laboral<\/b><\/p>\n<p><span>Las lesiones laborales son comunes en todas las industrias. Mientras que algunos accidentes son inevitables, muchos pueden prevenirse. Solo en 2019, la Oficina de Estad\u00edsticas Laborales de los EE.UU. report\u00f3 m\u00e1s de 2.8 millones de lesiones y enfermedades laborales en empresas del sector privado, lo que le cost\u00f3 a los empleadores estadounidenses miles de millones de d\u00f3lares anualmente.<\/span><\/p>\n<p><span>Casi todos los estados requieren que los empleadores proporcionen seguro de compensaci\u00f3n laboral, un sistema sin culpa dise\u00f1ado para proteger a los trabajadores de dificultades financieras despu\u00e9s de una lesi\u00f3n o enfermedad laboral. La compensaci\u00f3n laboral generalmente cubre:<\/span><\/p>\n<ul>\n<li><span>Gastos m\u00e9dicos (actuales y futuros)<\/span><\/li>\n<li><span>P\u00e9rdida de salarios por d\u00edas de trabajo perdidos<\/span><\/li>\n<li><span>Beneficios por discapacidad (temporal o permanente)<\/span><\/li>\n<\/ul>\n<p><span>Si ha sufrido una lesi\u00f3n, obtener estos beneficios puede ser un desaf\u00edo sin asistencia legal profesional.<\/span><\/p>\n<p><b>Pasos a Seguir Despu\u00e9s de un Accidente Laboral<\/b><\/p>\n<p><span>Para mejorar sus posibilidades de recibir beneficios de compensaci\u00f3n laboral o un acuerdo, siga estos pasos cruciales:<\/span><\/p>\n<ol>\n<li><b>Reporte su lesi\u00f3n de inmediato<\/b><\/li>\n<\/ol>\n<p><span>Notifique a su empleador lo antes posible despu\u00e9s del accidente. Los retrasos en la notificaci\u00f3n pueden poner en riesgo su reclamaci\u00f3n, ya que muchos estados imponen plazos estrictos.<\/span><\/p>\n<ol start=\"2\">\n<li><b>Busque tratamiento m\u00e9dico<\/b><\/li>\n<\/ol>\n<p><span>La atenci\u00f3n m\u00e9dica r\u00e1pida es esencial tanto para su salud como para su reclamaci\u00f3n. Dependiendo de su estado y empleador, puede que se le requiera visitar un proveedor m\u00e9dico aprobado. Para emergencias, visite el hospital m\u00e1s cercano e inf\u00f3rmeles que su lesi\u00f3n est\u00e1 relacionada con el trabajo.<\/span><\/p>\n<ol start=\"3\">\n<li><b>Complete la documentaci\u00f3n necesaria<\/b><\/li>\n<\/ol>\n<p><span>Su empleador le proporcionar\u00e1 los formularios para presentar su reclamaci\u00f3n de compensaci\u00f3n laboral. Aseg\u00farese de que todos los detalles sobre su lesi\u00f3n y el accidente sean precisos.<\/span><\/p>\n<ol start=\"4\">\n<li><b>Consulte a un abogado de compensaci\u00f3n laboral<\/b><\/li>\n<\/ol>\n<p><span>Presentar una reclamaci\u00f3n puede ser abrumador, especialmente al tratar con un empleador o una compa\u00f1\u00eda de seguros. Un abogado de compensaci\u00f3n laboral asegura que su reclamaci\u00f3n se maneje correctamente, ayud\u00e1ndole a evitar errores comunes y maximizando sus beneficios.<\/span><\/p>\n<p style=\"text-align: center;\"><b>LLAME A NUESTROS ABOGADOS PARA UNA CONSULTA GRATUITA Y SIN OBLIGACI\u00d3N<\/b><br \/>\n<\/b>(213) 213-0000<\/b><\/p>\n<p><b>\u00bfMe Ofrecer\u00e1 la Compensaci\u00f3n Laboral un Acuerdo?<\/b><\/p>\n<p><span>Despu\u00e9s de presentar su reclamaci\u00f3n, la compa\u00f1\u00eda de seguros investigar\u00e1 su caso. Ellos revisar\u00e1n:<\/span><\/p>\n<ul>\n<li><span>Registros m\u00e9dicos<\/span><\/li>\n<li><span>Informes de accidentes<\/span><\/li>\n<li><span>Declaraciones de testigos<\/span><\/li>\n<\/ul>\n<p><span>Si su reclamaci\u00f3n es aprobada<\/span><\/p>\n<p><span>Comenzar\u00e1 a recibir beneficios, que incluyen cobertura para gastos m\u00e9dicos y una parte de sus salarios perdidos. Para discapacidades temporales, los trabajadores generalmente reciben dos tercios de su salario regular a trav\u00e9s de \u201cbeneficios por discapacidad temporal total\u201d.<\/span><\/p>\n<p><b>Si Su Reclamaci\u00f3n Es Denegada<\/b><\/p>\n<p><span>Las compa\u00f1\u00edas de seguros pueden denegar reclamaciones por diversas razones, tales como:<\/span><\/p>\n<ul>\n<li><span>Alegar que la lesi\u00f3n no ocurri\u00f3 en el trabajo<\/span><\/li>\n<li><span>Afirmar que la lesi\u00f3n fue auto infligida<\/span><\/li>\n<li><span>Atribuir la lesi\u00f3n a una condici\u00f3n preexistente<\/span><\/li>\n<\/ul>\n<p><span>Si su reclamaci\u00f3n es denegada, tiene derecho a apelar. Trabajar con un abogado experimentado en compensaci\u00f3n laboral aumenta significativamente sus posibilidades de una apelaci\u00f3n exitosa.<\/span><\/p>\n<p><b>C\u00f3mo se Alcanzan los Acuerdos de Compensaci\u00f3n Laboral<\/b><\/p>\n<p><span>En algunos casos, los beneficios de compensaci\u00f3n laboral se pagan semanalmente. Sin embargo, los trabajadores lesionados pueden negociar un acuerdo en una suma global. Antes de aceptar un acuerdo, es crucial:<\/span><\/p>\n<ol>\n<li><span>Calcular el valor completo de su reclamaci\u00f3n<\/span><br \/>\n  <span>Esto incluye:<\/span><\/p>\n<ul>\n<li style=\"font-weight: 400;\" aria-level=\"2\"><span>Gastos m\u00e9dicos actuales y futuros<\/span><\/li>\n<li style=\"font-weight: 400;\" aria-level=\"2\"><span>P\u00e9rdida de salarios<\/span><\/li>\n<li style=\"font-weight: 400;\" aria-level=\"2\"><span>Beneficios por discapacidad<\/span><\/li>\n<li style=\"font-weight: 400;\" aria-level=\"2\"><span>Honorarios legales<\/span><\/li>\n<\/ul>\n<\/li>\n<li><span>Entender los riesgos<\/span><br \/>\n  <span>Acuerdo de su reclamaci\u00f3n puede impedirle solicitar beneficios adicionales si su condici\u00f3n empeora. Hable con un abogado calificado para asegurarse de que el acuerdo cubra todas sus necesidades futuras.<\/span><\/li>\n<li><span>Negociar con la compa\u00f1\u00eda de seguros<\/span><br \/>\n  <span>Un abogado experimentado en compensaci\u00f3n laboral negociar\u00e1 en su nombre para obtener el mejor acuerdo posible. Las compa\u00f1\u00edas de seguros a menudo intentan minimizar los pagos, por lo que contar con representaci\u00f3n legal es crucial.<\/span><\/li>\n<\/ol>\n<p style=\"text-align: center;\"><b>LLAME A NUESTROS ABOGADOS PARA UNA CONSULTA GRATUITA Y SIN OBLIGACI\u00d3N<\/b><br \/>\n<\/b>(213) 213-0000<\/b><\/p>\n<p><b>Preguntas Frecuentes<\/b><\/p>\n<ol>\n<li><b>\u00bfPuedo presentar una demanda por mi lesi\u00f3n laboral?<\/b><\/li>\n<\/ol>\n<p><span>La compensaci\u00f3n laboral generalmente proh\u00edbe a los empleados demandar a su empleador. Sin embargo, si una tercera parte contribuy\u00f3 a su lesi\u00f3n, como un contratista negligente o un fabricante de equipos, puede que pueda presentar una demanda por lesiones personales.<\/span><\/p>\n<ol start=\"2\">\n<li><b>\u00bfQu\u00e9 pasa si mi empleador toma represalias contra m\u00ed?<\/b><\/li>\n<\/ol>\n<p><span>Las represalias, como la degradaci\u00f3n o el despido, por presentar una reclamaci\u00f3n de compensaci\u00f3n laboral son ilegales. Si experimenta represalias, consulte con un abogado de inmediato para proteger sus derechos.<\/span><\/p>\n<ol start=\"3\">\n<li><b>\u00bfCu\u00e1nto tiempo tarda en recibir un acuerdo?<\/b><\/li>\n<\/ol>\n<p><span>El plazo var\u00eda. Mientras que algunos casos se resuelven en semanas, otros tardan meses, especialmente si implican apelaciones o audiencias judiciales.<\/span><\/p>\n<p><b>\u00bfC\u00f3mo Puede Ayudar un Abogado de Compensaci\u00f3n Laboral?<\/b><\/p>\n<p><span>En E&amp;L, LLP, nuestros abogados:<\/span><\/p>\n<ul>\n<li><span>Presentar\u00e1n y gestionar\u00e1n su reclamaci\u00f3n, asegur\u00e1ndose de que se cumplan todos los plazos<\/span><\/li>\n<li><span>Recopilar\u00e1n pruebas para fortalecer su caso<\/span><\/li>\n<li><span>Negociar\u00e1n con la compa\u00f1\u00eda de seguros para obtener un acuerdo justo<\/span><\/li>\n<li><span>Lo representar\u00e1n durante apelaciones o audiencias judiciales<\/span><\/li>\n<li><span>Pursuir\u00e1n demandas de terceros si es aplicable<\/span><\/li>\n<\/ul>\n<p><span>Trabajamos bajo un sistema de honorarios contingentes, lo que significa que no paga nada a menos que ganemos su caso.<\/span><\/p>\n<p><b>Contacte a E&amp;L, LLP para Obtener Ayuda con Su Reclamaci\u00f3n de Compensaci\u00f3n Laboral<\/b><\/p>\n<p><span>El proceso de asegurar un acuerdo de compensaci\u00f3n laboral puede ser intimidante, pero no tiene que navegarlo solo. En E&amp;L, LLP, luchamos incansablemente para asegurar los beneficios y la compensaci\u00f3n que nuestros clientes merecen.<\/span><\/p>\n<p style=\"text-align: center;\"><b>LLAME A NUESTROS ABOGADOS PARA UNA CONSULTA GRATUITA Y SIN OBLIGACI\u00d3N<\/b><br \/>\n<\/b>(213) 213-0000<\/b><\/p>\n<p style=\"text-align: center;\"><b>NO RECIBIMOS PAGO HASTA QUE USTED RECIBA EL SUYO. ESA ES NUESTRA GARANT\u00cdA.<\/b><\/p>\n<\/div>\n<\/div><\/div><\/div>\n","protected":false},"excerpt":{"rendered":"","protected":false},"author":1,"featured_media":0,"parent":0,"menu_order":0,"comment_status":"closed","ping_status":"closed","template":"","meta":{"footnotes":""},"class_list":["post-1239","page","type-page","status-publish","hentry"],"_links":{"self":[{"href":"https:\/\/ebralavi.com\/tusabogadoslaborales\/wp-json\/wp\/v2\/pages\/1239","targetHints":{"allow":["GET"]}}],"collection":[{"href":"https:\/\/ebralavi.com\/tusabogadoslaborales\/wp-json\/wp\/v2\/pages"}],"about":[{"href":"https:\/\/ebralavi.com\/tusabogadoslaborales\/wp-json\/wp\/v2\/types\/page"}],"author":[{"embeddable":true,"href":"https:\/\/ebralavi.com\/tusabogadoslaborales\/wp-json\/wp\/v2\/users\/1"}],"replies":[{"embeddable":true,"href":"https:\/\/ebralavi.com\/tusabogadoslaborales\/wp-json\/wp\/v2\/comments?post=1239"}],"version-history":[{"count":2,"href":"https:\/\/ebralavi.com\/tusabogadoslaborales\/wp-json\/wp\/v2\/pages\/1239\/revisions"}],"predecessor-version":[{"id":1566,"href":"https:\/\/ebralavi.com\/tusabogadoslaborales\/wp-json\/wp\/v2\/pages\/1239\/revisions\/1566"}],"wp:attachment":[{"href":"https:\/\/ebralavi.com\/tusabogadoslaborales\/wp-json\/wp\/v2\/media?parent=1239"}],"curies":[{"name":"wp","href":"https:\/\/api.w.org\/{rel}","templated":true}]}}