{"id":1234,"date":"2025-01-29T19:05:00","date_gmt":"2025-01-29T19:05:00","guid":{"rendered":"https:\/\/tusabogadoslaboral.com\/?page_id=1234"},"modified":"2025-04-30T09:27:14","modified_gmt":"2025-04-30T09:27:14","slug":"what-to-expect-in-your-workers-compensation-settlement","status":"publish","type":"page","link":"https:\/\/ebralavi.com\/tusabogadoslaborales\/what-to-expect-in-your-workers-compensation-settlement\/","title":{"rendered":"Qu\u00e9 esperar de su acuerdo de compensaci\u00f3n laboral"},"content":{"rendered":"<div class=\"dm-service-section \"><div class=\"dm-container\"><div class=\"dm-flex\">\n<div class=\"dm-full wow fadeInRight\">\n<h3>Acuerdos de Compensaci\u00f3n Laboral<\/h3>\n<p><span>La compensaci\u00f3n laboral proporciona a los trabajadores lesionados reemplazo de salarios y beneficios de atenci\u00f3n m\u00e9dica. T\u00edpicamente, estos beneficios se distribuyen semanalmente hasta que el empleado lesionado pueda regresar al trabajo. Sin embargo, en casos que involucran lesiones m\u00e1s graves o permanentes, muchos estados permiten que las reclamaciones de compensaci\u00f3n laboral finalicen en un acuerdo. Esta opci\u00f3n es especialmente com\u00fan en las reclamaciones que involucran discapacidad permanente.<\/span><\/p>\n<p><span>Elegir aceptar un acuerdo de compensaci\u00f3n laboral en lugar de recibir beneficios semanales continuos es una decisi\u00f3n importante. Una vez que acuerde un acuerdo, generalmente no podr\u00e1 renegociar ni reabrir su reclamaci\u00f3n. Las compa\u00f1\u00edas de seguros a menudo proponen acuerdos como una forma de reducir sus costos a largo plazo, lo cual puede no alinearse siempre con sus mejores intereses. Los abogados de compensaci\u00f3n laboral en E&amp;L, LLP pueden guiarlo a trav\u00e9s del proceso de acuerdo, asegur\u00e1ndose de que reciba una cantidad justa.<\/span><\/p>\n<p style=\"text-align: center;\"><b>LLAME A NUESTROS ABOGADOS PARA UNA CONSULTA GRATUITA Y SIN OBLIGACI\u00d3N<\/b><br \/>\n<\/b>(213) 213-0000<\/b><\/p>\n<p><b>Preguntas Frecuentes<\/b><\/p>\n<ol>\n<li><b>Entender las Consecuencias de Aceptar un Acuerdo<\/b><\/li>\n<\/ol>\n<p><span>Aceptar un acuerdo en una reclamaci\u00f3n de compensaci\u00f3n laboral no siempre es la mejor opci\u00f3n. Los acuerdos generalmente se reservan para lesiones graves que se espera resulten en beneficios por discapacidad a largo plazo o permanente. Las lesiones menores que solo causan algunos d\u00edas o semanas de trabajo perdido rara vez resultan en acuerdos.<\/span><\/p>\n<p><span>Si bien una compa\u00f1\u00eda de seguros puede proponer un acuerdo para evitar litigios prolongados o reducir su carga financiera, existen situaciones en las que un trabajador tambi\u00e9n podr\u00eda beneficiarse de un acuerdo. Por ejemplo, un pago \u00fanico podr\u00eda ayudarle a manejar facturas crecientes o evitar una larga batalla legal.<\/span><\/p>\n<p><span>Sin embargo, aceptar un acuerdo conlleva riesgos. Una vez que acepte un acuerdo, puede perder la capacidad de reclamar beneficios adicionales en el futuro si su condici\u00f3n m\u00e9dica empeora. En algunos estados, es posible que a\u00fan sea elegible para beneficios m\u00e9dicos adicionales despu\u00e9s de un acuerdo, pero los beneficios por reemplazo de salarios semanales generalmente se pierden. Por eso es crucial evaluar el impacto a largo plazo de aceptar su acuerdo.<\/span><\/p>\n<ol start=\"2\">\n<li><b>\u00bfC\u00f3mo Se Calcula un Acuerdo de Compensaci\u00f3n Laboral?<\/b><\/li>\n<\/ol>\n<p><span>Un acuerdo de compensaci\u00f3n laboral tiene en cuenta dos tipos principales de compensaci\u00f3n:<\/span><\/p>\n<ul>\n<li><span>P\u00e9rdida continua de salarios<\/span><\/li>\n<li><span>Gastos m\u00e9dicos futuros<\/span><\/li>\n<\/ul>\n<p><span>En ausencia de un acuerdo, el seguro de compensaci\u00f3n laboral generalmente cubre su tratamiento m\u00e9dico y proporciona beneficios semanales de reemplazo de salarios. Un acuerdo justo debe reflejar la cantidad total que habr\u00eda recibido durante la vida de la reclamaci\u00f3n.<\/span><\/p>\n<p><span>Los factores a considerar al calcular un acuerdo incluyen:<\/span><\/p>\n<ul>\n<li><span>El tiempo que no podr\u00e1 trabajar.<\/span><\/li>\n<li><span>Gastos m\u00e9dicos futuros, incluyendo cirug\u00eda, medicaci\u00f3n, rehabilitaci\u00f3n y atenci\u00f3n continua.<\/span><\/li>\n<\/ul>\n<p><span>Es importante esperar hasta que haya alcanzado la mejora m\u00e9dica m\u00e1xima (IMM), el punto en el que su condici\u00f3n est\u00e1 estable y no se espera una recuperaci\u00f3n adicional, antes de aceptar un acuerdo. Aceptar un acuerdo demasiado pronto puede resultar en fondos insuficientes para cubrir el empeoramiento de su salud o necesidades m\u00e9dicas imprevistas.<\/span><\/p>\n<ol start=\"3\">\n<li><b>Aprobaci\u00f3n Estatal de los Acuerdos<\/b><\/li>\n<\/ol>\n<p><span>En California, los acuerdos de compensaci\u00f3n laboral deben ser aprobados por un juez de compensaci\u00f3n laboral para que se conviertan en oficiales. Durante una audiencia informal, el juez revisar\u00e1 los t\u00e9rminos del acuerdo y la documentaci\u00f3n de respaldo para asegurarse de que el acuerdo sea justo y en su mejor inter\u00e9s.<\/span><\/p>\n<p><span>Si bien la mayor\u00eda de los acuerdos son aprobados, especialmente si ha contratado a un abogado experimentado en compensaci\u00f3n laboral, la supervisi\u00f3n del tribunal es una salvaguardia para evitar acuerdos injustos.<\/span><\/p>\n<ol start=\"4\">\n<li><b>\u00bfDebe Aceptar un Acuerdo?<\/b><\/li>\n<\/ol>\n<p><span>Si bien un acuerdo de suma global puede parecer atractivo, especialmente cuando enfrenta presiones financieras, es esencial evaluar cuidadosamente la oferta. Las compa\u00f1\u00edas de seguros a menudo hacen ofertas iniciales de acuerdo bajas para ahorrar dinero, y aceptarlas sin consultar a un abogado puede dejarle sin una compensaci\u00f3n adecuada para sus necesidades.<\/span><\/p>\n<p><span>Antes de aceptar un acuerdo, preg\u00fantese:<\/span><\/p>\n<ul>\n<li><span>\u00bfLa cantidad cubre completamente sus gastos m\u00e9dicos anticipados, salarios perdidos y otros da\u00f1os?<\/span><\/li>\n<li><span>\u00bfHa alcanzado la mejora m\u00e9dica m\u00e1xima?<\/span><\/li>\n<li><span>\u00bfEst\u00e1 preparado para renunciar a beneficios adicionales en el futuro?<\/span><\/li>\n<\/ul>\n<p><span>Consultar con un abogado experimentado en compensaci\u00f3n laboral es crucial para asegurarse de que el acuerdo est\u00e9 alineado con sus intereses a largo plazo.<\/span><\/p>\n<p style=\"text-align: center;\"><b>LLAME A NUESTROS ABOGADOS PARA UNA CONSULTA GRATUITA Y SIN OBLIGACI\u00d3N<\/b><br \/>\n<\/b>(213) 213-0000<\/b><\/p>\n<p><b>E&amp;L, LLP Est\u00e1 Aqu\u00ed para Ayudar<\/b><\/p>\n<p><span>En E&amp;L, LLP, entendemos las complejidades de los acuerdos de compensaci\u00f3n laboral. Nuestros abogados est\u00e1n comprometidos a ayudarle a navegar por el proceso, evaluar las ofertas de acuerdo y negociar para obtener la m\u00e1xima compensaci\u00f3n que merece.<\/span><\/p>\n<p><span>Trabajamos bajo un sistema de honorarios contingentes, lo que significa que no pagar\u00e1 ning\u00fan honorario ni gasto a menos que ganemos su caso. D\u00e9jenos luchar por sus derechos mientras usted se enfoca en su recuperaci\u00f3n.<\/span><\/p>\n<p><b>No Recibimos Pago Hasta que Usted Reciba el Suyo<\/b><\/p>\n<p><span>En E&amp;L, LLP, su \u00e9xito es nuestra prioridad. Cont\u00e1ctenos hoy para discutir su caso y aprender m\u00e1s sobre c\u00f3mo podemos ayudarlo a asegurar el acuerdo de compensaci\u00f3n laboral que merece.<\/span><\/p>\n<p style=\"text-align: center;\"><b>LLAME A NUESTROS ABOGADOS PARA UNA CONSULTA GRATUITA Y SIN OBLIGACI\u00d3N<\/b><br \/>\n<\/b>(213) 213-0000<\/b><\/p>\n<p style=\"text-align: center;\"><b>NO RECIBIMOS PAGO HASTA QUE USTED RECIBA EL SUYO. ESA ES NUESTRA GARANT\u00cdA.<\/b><\/p>\n<\/div>\n<\/div><\/div><\/div>\n","protected":false},"excerpt":{"rendered":"","protected":false},"author":1,"featured_media":0,"parent":0,"menu_order":0,"comment_status":"closed","ping_status":"closed","template":"","meta":{"footnotes":""},"class_list":["post-1234","page","type-page","status-publish","hentry"],"_links":{"self":[{"href":"https:\/\/ebralavi.com\/tusabogadoslaborales\/wp-json\/wp\/v2\/pages\/1234","targetHints":{"allow":["GET"]}}],"collection":[{"href":"https:\/\/ebralavi.com\/tusabogadoslaborales\/wp-json\/wp\/v2\/pages"}],"about":[{"href":"https:\/\/ebralavi.com\/tusabogadoslaborales\/wp-json\/wp\/v2\/types\/page"}],"author":[{"embeddable":true,"href":"https:\/\/ebralavi.com\/tusabogadoslaborales\/wp-json\/wp\/v2\/users\/1"}],"replies":[{"embeddable":true,"href":"https:\/\/ebralavi.com\/tusabogadoslaborales\/wp-json\/wp\/v2\/comments?post=1234"}],"version-history":[{"count":4,"href":"https:\/\/ebralavi.com\/tusabogadoslaborales\/wp-json\/wp\/v2\/pages\/1234\/revisions"}],"predecessor-version":[{"id":1568,"href":"https:\/\/ebralavi.com\/tusabogadoslaborales\/wp-json\/wp\/v2\/pages\/1234\/revisions\/1568"}],"wp:attachment":[{"href":"https:\/\/ebralavi.com\/tusabogadoslaborales\/wp-json\/wp\/v2\/media?parent=1234"}],"curies":[{"name":"wp","href":"https:\/\/api.w.org\/{rel}","templated":true}]}}