{"id":1232,"date":"2025-01-29T19:04:09","date_gmt":"2025-01-29T19:04:09","guid":{"rendered":"https:\/\/tusabogadoslaboral.com\/?page_id=1232"},"modified":"2025-04-30T09:28:24","modified_gmt":"2025-04-30T09:28:24","slug":"what-is-the-average-workers-compensation-claim","status":"publish","type":"page","link":"https:\/\/ebralavi.com\/tusabogadoslaborales\/what-is-the-average-workers-compensation-claim\/","title":{"rendered":"\u00bfCu\u00e1l es el reclamo promedio de compensaci\u00f3n laboral?"},"content":{"rendered":"<div class=\"dm-service-section \"><div class=\"dm-container\"><div class=\"dm-flex\">\n<div class=\"dm-full wow fadeInRight\">\n<h3>Reclamaciones de Compensaci\u00f3n Laboral<\/h3>\n<p><span>Una lesi\u00f3n en el trabajo que le impide trabajar por un per\u00edodo prolongado puede ponerlo en una situaci\u00f3n financiera desafiante. Para muchos estadounidenses que tienen ahorros limitados, la p\u00e9rdida repentina de ingresos puede convertirse r\u00e1pidamente en una emergencia financiera.<\/span><\/p>\n<p><span>Es por eso que los beneficios de compensaci\u00f3n laboral son tan vitales. Estos beneficios aseguran que los trabajadores lesionados reciban el apoyo que necesitan durante su recuperaci\u00f3n.<\/span><\/p>\n<p><span>La compensaci\u00f3n laboral generalmente consta de dos componentes principales: beneficios de reemplazo de salarios y beneficios de atenci\u00f3n m\u00e9dica. La cantidad total de compensaci\u00f3n que puede recibir depende de varios factores, incluidos sus ingresos antes de la lesi\u00f3n y la gravedad de su condici\u00f3n. Comprender qu\u00e9 influye en la reclamaci\u00f3n promedio de compensaci\u00f3n laboral puede ayudarle a prepararse mejor para el proceso.<\/span><\/p>\n<p><span>Sin embargo, cada caso es \u00fanico. Para respuestas personalizadas, consulte con nuestros abogados experimentados.<\/span><\/p>\n<p style=\"text-align: center;\"><b>LLAME A NUESTROS ABOGADOS PARA UNA CONSULTA GRATUITA Y SIN OBLIGACI\u00d3N<\/b><br \/>\n<\/b>(213) 213-0000<\/b><\/p>\n<p><b>PREMIERAS PREGUNTAS FRECUENTES<\/b><\/p>\n<p><b>Salarios Perdidos por Compensaci\u00f3n Laboral<\/b><\/p>\n<p><span>La compensaci\u00f3n laboral proporciona beneficios de reemplazo de salarios que cubren un porcentaje de los ingresos perdidos de un trabajador lesionado. Aunque el sistema de cada estado var\u00eda, aqu\u00ed hay una visi\u00f3n general:<\/span><\/p>\n<ul>\n<li><b>Sueldo Promedio Semanal (SPS):<\/b> La compensaci\u00f3n laboral generalmente cubre el 60\u201370% del SPS de un empleado. Este c\u00e1lculo se basa en los ingresos del trabajador antes de la lesi\u00f3n. Algunos estados determinan el SPS observando los ingresos del empleado durante el \u00faltimo a\u00f1o, mientras que otros usan un per\u00edodo de tiempo m\u00e1s corto.  <\/li>\n<li><b>Compensaci\u00f3n M\u00e1xima y M\u00ednima:<\/b> Los estados establecen l\u00edmites en los montos m\u00e1ximos y m\u00ednimos de los beneficios semanales. Estos l\u00edmites se ajustan regularmente para reflejar los cambios en el costo de vida.  <\/li>\n<li aria-level=\"1\"><b>Discapacidad Temporal vs. Permanente:<\/b>\n<ul>\n<li style=\"font-weight: 400;\" aria-level=\"2\"><span>Discapacidad Temporal: Si no puede trabajar temporalmente pero se espera que se recupere, recibir\u00e1 beneficios hasta que pueda regresar al trabajo.  <\/li>\n<li style=\"font-weight: 400;\" aria-level=\"2\"><span>Discapacidad Permanente: Si su lesi\u00f3n resulta en una discapacidad a largo plazo, puede continuar recibiendo beneficios incluso si eventualmente encuentra otro tipo de trabajo. Los estados suelen calcular los beneficios por discapacidad permanente seg\u00fan el grado de discapacidad.  <\/li>\n<\/li>\n<\/ul>\n<\/li>\n<\/ul>\n<p><b>Beneficios M\u00e9dicos por Compensaci\u00f3n Laboral<\/b><\/p>\n<p><span>La compensaci\u00f3n laboral tambi\u00e9n cubre los gastos m\u00e9dicos relacionados con su lesi\u00f3n o enfermedad. En la mayor\u00eda de los casos, estos beneficios:<\/span><\/p>\n<ul>\n<li><span>Son ilimitados y no tienen deducible.  <\/li>\n<li><span>Aseguran que todos los pagos se realicen directamente desde la compa\u00f1\u00eda de seguros del empleador al proveedor de atenci\u00f3n m\u00e9dica, por lo que usted no recibir\u00e1 facturas.  <\/li>\n<li><span>Requieren que asista a todas las citas m\u00e9dicas y siga las recomendaciones de su m\u00e9dico.  <\/li>\n<\/ul>\n<p><span>La cobertura de los beneficios m\u00e9dicos puede variar seg\u00fan su estado:<\/span><\/p>\n<ul>\n<li><span>Proveedores Autorizados por el Empleador: En algunos estados, debe utilizar un m\u00e9dico elegido por su empleador o su proveedor de seguros.  <\/li>\n<li><span>Libertad para Elegir: Otros estados le permiten elegir su propio proveedor de atenci\u00f3n m\u00e9dica, con ciertas restricciones o consultas peri\u00f3dicas con un m\u00e9dico autorizado por el empleador.  <\/li>\n<\/ul>\n<p style=\"text-align: center;\"><b>LLAME A NUESTROS ABOGADOS PARA UNA CONSULTA GRATUITA Y SIN OBLIGACI\u00d3N<\/b><br \/>\n<\/b>(213) 213-0000<\/b><\/p>\n<p><b>Tipos de Gastos M\u00e9dicos Cubiertos por Compensaci\u00f3n Laboral<\/b><\/p>\n<p><span>La compensaci\u00f3n laboral generalmente cubre una amplia gama de costos m\u00e9dicos, incluidos:<\/span><\/p>\n<ul>\n<li><span>Estancias hospitalarias y atenci\u00f3n de emergencia  <\/li>\n<li><span>Medicamentos con receta  <\/li>\n<li><span>Cirug\u00eda y tarifas relacionadas  <\/li>\n<li><span>Servicios de rehabilitaci\u00f3n (por ejemplo, fisioterapia, terapia ocupacional)  <\/li>\n<li><span>Cuidado de enfermer\u00eda  <\/li>\n<li><span>Modificaciones a su hogar, veh\u00edculo o espacio de trabajo (si es necesario)  <\/li>\n<li><span>Gastos de viaje relacionados con citas m\u00e9dicas  <\/li>\n<\/ul>\n<p><b>Por Qu\u00e9 Son Cruciales los Beneficios M\u00e9dicos de la Compensaci\u00f3n Laboral<\/b><\/p>\n<p><span>El costo de la atenci\u00f3n m\u00e9dica en los EE.UU. puede ser asombroso. Por ejemplo:<\/span><\/p>\n<ul>\n<li><span>Una ca\u00edda que requiera hospitalizaci\u00f3n puede costar m\u00e1s de $35,000.  <\/li>\n<li><span>Que un objeto caiga sobre usted puede costar entre $7,000 y $42,000.  <\/li>\n<li><span>Una lesi\u00f3n cerebral traum\u00e1tica (LCT) puede costar entre $40,000\u2013$45,000 o m\u00e1s.  <\/li>\n<\/ul>\n<p><span>Si se niega su reclamaci\u00f3n de compensaci\u00f3n laboral, podr\u00eda ser responsable personalmente de estos gastos. No deje que una reclamaci\u00f3n denegada lo deje con facturas m\u00e9dicas abrumadoras.<\/span><\/p>\n<p><b>C\u00f3mo E&amp;L, LLP Puede Ayudar<\/b><\/p>\n<p><span>Navegar por el proceso de reclamaciones de compensaci\u00f3n laboral puede ser abrumador, especialmente cuando se trata de lesiones graves y estr\u00e9s financiero. En E&amp;L, LLP, nuestros abogados dedicados:<\/span><\/p>\n<ul>\n<li><span>Lo ayudan a presentar las reclamaciones correctamente y a tiempo.  <\/li>\n<li><span>Trabajan para asegurar la m\u00e1xima compensaci\u00f3n posible por la p\u00e9rdida de salarios y los gastos m\u00e9dicos.  <\/li>\n<li><span>Lo representan en disputas con empleadores o compa\u00f1\u00edas de seguros.  <\/li>\n<li><span>Manejan apelaciones si su reclamaci\u00f3n ha sido denegada.  <\/li>\n<\/ul>\n<p style=\"text-align: center;\"><b>LLAME A NUESTROS ABOGADOS PARA UNA CONSULTA GRATUITA Y SIN OBLIGACI\u00d3N<\/b><br \/>\n<\/b>(213) 213-0000<\/b><\/p>\n<p><b>Proteja Sus Derechos Con E&amp;L, LLP<\/b><\/p>\n<p><span>Si ha sufrido una lesi\u00f3n en el trabajo, merece recibir los beneficios completos disponibles bajo la ley de compensaci\u00f3n laboral. No navegue este proceso complejo solo. Contacte a E&amp;L, LLP para obtener orientaci\u00f3n y defensa experta.<\/span><\/p>\n<p style=\"text-align: center;\"><b>LLAME A NUESTROS ABOGADOS PARA UNA CONSULTA GRATUITA Y SIN OBLIGACI\u00d3N<\/b><br \/>\n<\/b>(213) 213-0000<\/b><\/p>\n<p style=\"text-align: center;\"><b>NO RECIBIMOS PAGO HASTA QUE USTED RECIBA EL SUYO. ESA ES NUESTRA GARANT\u00cdA.<\/b><\/p>\n<\/div>\n<\/div><\/div><\/div>\n","protected":false},"excerpt":{"rendered":"","protected":false},"author":1,"featured_media":0,"parent":0,"menu_order":0,"comment_status":"closed","ping_status":"closed","template":"","meta":{"footnotes":""},"class_list":["post-1232","page","type-page","status-publish","hentry"],"_links":{"self":[{"href":"https:\/\/ebralavi.com\/tusabogadoslaborales\/wp-json\/wp\/v2\/pages\/1232","targetHints":{"allow":["GET"]}}],"collection":[{"href":"https:\/\/ebralavi.com\/tusabogadoslaborales\/wp-json\/wp\/v2\/pages"}],"about":[{"href":"https:\/\/ebralavi.com\/tusabogadoslaborales\/wp-json\/wp\/v2\/types\/page"}],"author":[{"embeddable":true,"href":"https:\/\/ebralavi.com\/tusabogadoslaborales\/wp-json\/wp\/v2\/users\/1"}],"replies":[{"embeddable":true,"href":"https:\/\/ebralavi.com\/tusabogadoslaborales\/wp-json\/wp\/v2\/comments?post=1232"}],"version-history":[{"count":4,"href":"https:\/\/ebralavi.com\/tusabogadoslaborales\/wp-json\/wp\/v2\/pages\/1232\/revisions"}],"predecessor-version":[{"id":1569,"href":"https:\/\/ebralavi.com\/tusabogadoslaborales\/wp-json\/wp\/v2\/pages\/1232\/revisions\/1569"}],"wp:attachment":[{"href":"https:\/\/ebralavi.com\/tusabogadoslaborales\/wp-json\/wp\/v2\/media?parent=1232"}],"curies":[{"name":"wp","href":"https:\/\/api.w.org\/{rel}","templated":true}]}}