{"id":1230,"date":"2025-01-29T19:00:41","date_gmt":"2025-01-29T19:00:41","guid":{"rendered":"https:\/\/tusabogadoslaboral.com\/?page_id=1230"},"modified":"2025-04-30T09:09:31","modified_gmt":"2025-04-30T09:09:31","slug":"workers-compensation-for-landscapers","status":"publish","type":"page","link":"https:\/\/ebralavi.com\/tusabogadoslaborales\/workers-compensation-for-landscapers\/","title":{"rendered":"Compensaci\u00f3n laboral para paisajistas"},"content":{"rendered":"<div class=\"dm-service-section \"><div class=\"dm-container\"><div class=\"dm-flex\">\n<div class=\"dm-full wow fadeInRight\">\n<p>  Cuando miras tu jard\u00edn o c\u00e9sped, es f\u00e1cil apreciar la belleza natural y la tranquilidad que aporta a tu entorno. Sin embargo, mantener esos espacios impecables requiere trabajo duro y dedicaci\u00f3n de los jardineros. Sus esfuerzos incansables son esenciales para mantener nuestros hogares, oficinas y comunidades hermosas. A pesar de las recompensas de su trabajo, la jardiner\u00eda es una profesi\u00f3n f\u00edsicamente exigente y arriesgada.<\/p>\n<p>  Si eres un jardinero que ha sufrido una lesi\u00f3n en el trabajo, es posible que tengas derecho a beneficios por compensaci\u00f3n laboral. En E&amp;L, LLP, estamos aqu\u00ed para ayudarte a asegurar la compensaci\u00f3n que mereces.<\/p>\n<p style=\"text-align: center;\"><b>LLAME A NUESTROS ABOGADOS PARA UNA CONSULTA GRATUITA Y SIN COMPROMISO<\/b><br \/>\n<\/b>(213) 213-0000<\/b><\/p>\n<p><b>\u00bfQu\u00e9 Hacen los Jardineros?<\/b><\/p>\n<p>  Los jardineros desempe\u00f1an un papel vital en el mantenimiento de los paisajes alrededor de propiedades residenciales, comerciales y p\u00fablicas. Su trabajo incluye tareas como:<\/p>\n<ul>\n<li>  Poda de \u00e1rboles <\/li>\n<li>  Corte de c\u00e9sped <\/li>\n<li>  Plantaci\u00f3n de flores <\/li>\n<li>  Mantenimiento general de propiedades <\/li>\n<\/ul>\n<p>  Para realizar sus tareas, los jardineros utilizan una variedad de herramientas, entre ellas:<\/p>\n<ul>\n<li>  Tractores <\/li>\n<li>  Motosierras <\/li>\n<li>  Cortadoras de c\u00e9sped <\/li>\n<li>  Trituradoras y desmenuzadoras <\/li>\n<li>  Herramientas manuales, tanto el\u00e9ctricas como no el\u00e9ctricas <\/li>\n<\/ul>\n<p>  Aunque una capacitaci\u00f3n adecuada y medidas de seguridad son esenciales, incluso los jardineros m\u00e1s capacitados enfrentan riesgos debido a la naturaleza f\u00edsica de su trabajo y factores externos como las condiciones clim\u00e1ticas adversas.<\/p>\n<p><b>Lesiones Comunes Relacionadas con el Trabajo para los Jardineros<\/b><\/p>\n<p>  La naturaleza f\u00edsicamente exigente y peligrosa de la jardiner\u00eda puede provocar una amplia variedad de lesiones, entre ellas:<\/p>\n<ul>\n<li>  Ca\u00eddas desde \u00e1rboles, escaleras o equipos <\/li>\n<li>  Esguinces y distensiones <\/li>\n<li>  Cortes, laceraciones o heridas punzantes <\/li>\n<li>  Moretones y contusiones <\/li>\n<li>  Fracturas <\/li>\n<li>  Sobreesfuerzo por levantar objetos pesados <\/li>\n<li>  Enfermedades relacionadas con el calor o agotamiento <\/li>\n<li>  En casos graves, incluso lesiones fatales <\/li>\n<\/ul>\n<p>  Tareas como agacharse, levantar, cavar y trabajar con equipos pesados o defectuosos aumentan a\u00fan m\u00e1s el riesgo de lesiones. Las condiciones clim\u00e1ticas, como la lluvia, pueden hacer que las superficies se vuelvan resbaladizas y las herramientas impredecibles, lo que suma peligros adicionales al trabajo.<\/p>\n<p style=\"text-align: center;\"><b>LLAME A NUESTROS ABOGADOS PARA UNA CONSULTA GRATUITA Y SIN COMPROMISO<\/b><br \/>\n<\/b>(213) 213-0000<\/b><\/p>\n<p><b>Tus Derechos como Jardinero Lesionado<\/b><\/p>\n<p>  Si has sufrido una lesi\u00f3n mientras trabajabas como jardinero, tienes derecho a solicitar beneficios por compensaci\u00f3n laboral. Estos beneficios pueden ayudar a cubrir:<\/p>\n<ul>\n<li>  Facturas m\u00e9dicas para tratamiento y rehabilitaci\u00f3n <\/li>\n<li>  Salarios perdidos durante tu recuperaci\u00f3n <\/li>\n<li>  Beneficios por discapacidad permanente, si aplica <\/li>\n<\/ul>\n<p>  Sin embargo, presentar una reclamaci\u00f3n por compensaci\u00f3n laboral puede ser complejo. Las compa\u00f1\u00edas de seguros y los empleadores pueden intentar minimizar o denegar tu reclamaci\u00f3n. Por eso es crucial contar con un abogado experimentado en compensaci\u00f3n laboral de tu lado.<\/p>\n<p><b>C\u00f3mo E&amp;L, LLP Puede Ayudar<\/b><\/p>\n<p>  En E&amp;L, LLP, nuestros abogados especializados en compensaci\u00f3n laboral est\u00e1n dedicados a ayudar a los jardineros lesionados a navegar el proceso de reclamaciones. Nos encargaremos de todos los aspectos de tu caso, incluyendo:<\/p>\n<ul>\n<li>  Presentar tu reclamaci\u00f3n por compensaci\u00f3n laboral <\/li>\n<li>  Recopilar y organizar evidencia para respaldar tu caso <\/li>\n<li>  Negociar con las compa\u00f1\u00edas de seguros en tu nombre <\/li>\n<li>  Representarte en apelaciones o audiencias si tu reclamaci\u00f3n es denegada <\/li>\n<\/ul>\n<p>  No tienes que enfrentar los desaf\u00edos de recuperarte de una lesi\u00f3n laboral solo. D\u00e9janos luchar por la compensaci\u00f3n que mereces para que puedas enfocarte en sanar y regresar al trabajo.<\/p>\n<p style=\"text-align: center;\"><b>LLAME A NUESTROS ABOGADOS PARA UNA CONSULTA GRATUITA Y SIN COMPROMISO<\/b><br \/>\n<\/b>(213) 213-0000<\/b><\/p>\n<p style=\"text-align: center;\"><b>NO NOS PAGAN HASTA QUE USTED RECIBA SU COMPENSACI\u00d3N. ESA ES NUESTRA GARANT\u00cdA.<\/b><\/p>\n<\/div><br \/>\n<\/div><\/div><\/div>\n","protected":false},"excerpt":{"rendered":"","protected":false},"author":1,"featured_media":0,"parent":0,"menu_order":0,"comment_status":"closed","ping_status":"closed","template":"","meta":{"footnotes":""},"class_list":["post-1230","page","type-page","status-publish","hentry"],"_links":{"self":[{"href":"https:\/\/ebralavi.com\/tusabogadoslaborales\/wp-json\/wp\/v2\/pages\/1230","targetHints":{"allow":["GET"]}}],"collection":[{"href":"https:\/\/ebralavi.com\/tusabogadoslaborales\/wp-json\/wp\/v2\/pages"}],"about":[{"href":"https:\/\/ebralavi.com\/tusabogadoslaborales\/wp-json\/wp\/v2\/types\/page"}],"author":[{"embeddable":true,"href":"https:\/\/ebralavi.com\/tusabogadoslaborales\/wp-json\/wp\/v2\/users\/1"}],"replies":[{"embeddable":true,"href":"https:\/\/ebralavi.com\/tusabogadoslaborales\/wp-json\/wp\/v2\/comments?post=1230"}],"version-history":[{"count":2,"href":"https:\/\/ebralavi.com\/tusabogadoslaborales\/wp-json\/wp\/v2\/pages\/1230\/revisions"}],"predecessor-version":[{"id":1557,"href":"https:\/\/ebralavi.com\/tusabogadoslaborales\/wp-json\/wp\/v2\/pages\/1230\/revisions\/1557"}],"wp:attachment":[{"href":"https:\/\/ebralavi.com\/tusabogadoslaborales\/wp-json\/wp\/v2\/media?parent=1230"}],"curies":[{"name":"wp","href":"https:\/\/api.w.org\/{rel}","templated":true}]}}