{"id":1207,"date":"2025-01-28T17:49:36","date_gmt":"2025-01-28T17:49:36","guid":{"rendered":"https:\/\/tusabogadoslaboral.com\/?page_id=1207"},"modified":"2025-04-30T09:08:27","modified_gmt":"2025-04-30T09:08:27","slug":"oil-field-injury-lawyers","status":"publish","type":"page","link":"https:\/\/ebralavi.com\/tusabogadoslaborales\/oil-field-injury-lawyers\/","title":{"rendered":"Abogados de lesiones en campos petrol\u00edferos"},"content":{"rendered":"<div class=\"dm-service-section \"><div class=\"dm-container\"><div class=\"dm-flex\">\n<div class=\"dm-full wow fadeInRight\">\n<p>  La industria del petr\u00f3leo es una piedra angular de la econom\u00eda de nuestra naci\u00f3n, impulsando el crecimiento y la independencia energ\u00e9tica. Seg\u00fan la Agencia Internacional de Energ\u00eda, este sector rentable est\u00e1 experimentando un crecimiento sin precedentes. Sin embargo, las personas trabajadoras que impulsan esta expansi\u00f3n a menudo enfrentan condiciones laborales peligrosas e inseguras, poniendo en riesgo su salud y sus vidas.<\/p>\n<p>  Cada d\u00eda, los trabajadores de los campos petroleros se enfrentan a riesgos significativos, y las estad\u00edsticas son alarmantes. Entre 2008 y 2017, 1,455 empleados perdieron la vida mientras extra\u00edan petr\u00f3leo y gas en los Estados Unidos, seg\u00fan el Center for Public Integrity. Estas cifras rivalizan con las bajas sufridas por las tropas en Afganist\u00e1n durante el mismo per\u00edodo, subrayando los peligros de trabajar en la industria petrolera.<\/p>\n<p style=\"text-align: center;\"><b>LLAME A NUESTROS ABOGADOS PARA UNA CONSULTA GRATUITA Y SIN COMPROMISO<br \/>\n (213) 213-0000<\/b><\/p>\n<p><b>Accidentes y Lesiones Comunes en los Campos Petroleros<\/b><\/p>\n<p>  El trabajo en los campos petroleros se encuentra entre los trabajos m\u00e1s peligrosos, con lesiones graves y muertes que ocurren con demasiada frecuencia. Equipos peligrosos, ambientes de trabajo extremos y protocolos de seguridad laxos crean una receta para el desastre. Algunas de las causas m\u00e1s comunes de lesiones incluyen:<\/p>\n<ul>\n<li> Fallas en la tuber\u00eda de perforaci\u00f3n <\/li>\n<li> Fallas en cables de acero <\/li>\n<li> Fallas en las tuber\u00edas de perforaci\u00f3n <\/li>\n<li> Pozos de estripping defectuosos <\/li>\n<li> Colapsos de equipos de trabajo <\/li>\n<li> Exposici\u00f3n a productos qu\u00edmicos <\/li>\n<\/ul>\n<p>  Uno de los peligros m\u00e1s devastadores en los campos petroleros son las explosiones. Estos eventos catastr\u00f3ficos a menudo provienen de violaciones de seguridad prevenibles que las empresas no abordan hasta que varios trabajadores resultan da\u00f1ados.<\/p>\n<p>  Estos accidentes con frecuencia resultan en lesiones que alteran la vida, como:<\/p>\n<ul>\n<li> Lesiones cerebrales traum\u00e1ticas (TBI) <\/li>\n<li> Discos herniados <\/li>\n<li> Lesiones en la m\u00e9dula espinal, incluida la par\u00e1lisis <\/li>\n<li> Amputaciones <\/li>\n<li> Quemaduras graves <\/li>\n<li> Cortes profundos <\/li>\n<\/ul>\n<p>  Adem\u00e1s de las lesiones f\u00edsicas, muchos trabajadores de los campos petroleros experimentan desaf\u00edos duraderos de salud mental, como el trastorno de estr\u00e9s postraum\u00e1tico (TEPT). Esto puede afectar su capacidad para regresar al trabajo o mantener una alta calidad de vida.<\/p>\n<p><b>\u00bfPor Qu\u00e9 Trabajar Con un Abogado Especializado en Lesiones en Campos Petroleros?<\/b><\/p>\n<p>  Como v\u00edctima de un accidente en un campo petrolero, mereces justicia y compensaci\u00f3n por tu sufrimiento. Navegar por las complejidades de las reclamaciones por compensaci\u00f3n laboral y lesiones personales puede ser desalentador, especialmente cuando se trata de empleadores negligentes o fabricantes terceros.<\/p>\n<p>  Un abogado especializado en lesiones en campos petroleros puede:<\/p>\n<ul>\n<li> Investigar la causa del accidente para determinar la responsabilidad. <\/li>\n<li> Manejar las reclamaciones de compensaci\u00f3n laboral y las demandas contra terceros simult\u00e1neamente, si corresponde. <\/li>\n<li> Recopilar evidencia de negligencia, como violaciones de seguridad o equipos defectuosos. <\/li>\n<li> Abogar agresivamente para asegurarse de que recibas la compensaci\u00f3n que mereces. <\/li>\n<\/ul>\n<p>  Ya sea que tu lesi\u00f3n haya resultado de la negligencia del empleador, condiciones inseguras o equipos defectuosos, un abogado experimentado puede ayudarte a buscar la justicia que te corresponde.<\/p>\n<p style=\"text-align: center;\"><b>LLAME A NUESTROS ABOGADOS PARA UNA CONSULTA GRATUITA Y SIN COMPROMISO<br \/>\n (213) 213-0000<\/b><\/p>\n<p><b>\u00bfPor Qu\u00e9 Elegir E&amp;L, LLP?<\/b><\/p>\n<p>  No todas las firmas de abogados son iguales. En E&amp;L, LLP, aportamos un historial probado de \u00e9xito, amplios recursos y atenci\u00f3n personalizada a cada caso. Nuestro compromiso con nuestros clientes nos distingue.<\/p>\n<p>  Cuando eliges E&amp;L, LLP, puedes esperar:<\/p>\n<ul>\n<li> Un enfoque estrat\u00e9gico: Adaptamos nuestras estrategias a tus circunstancias \u00fanicas, maximizando tus posibilidades de \u00e9xito. <\/li>\n<li> Sin costos por adelantado: No pagas nada a menos que ganemos tu caso. <\/li>\n<li> Defensa compasiva: Tratamos a cada cliente como familia y manejamos tu caso con el cuidado y atenci\u00f3n que merece. <\/li>\n<li> Representaci\u00f3n experta: Con amplia experiencia en casos de lesiones en campos petroleros, sabemos c\u00f3mo luchar por la compensaci\u00f3n que te corresponde. <\/li>\n<\/ul>\n<p>  Ya sea que est\u00e9s buscando beneficios de compensaci\u00f3n laboral, demandando a un tercero o ambos, estaremos a tu lado en cada paso del proceso.<\/p>\n<p><b>Obt\u00e9n la Justicia que Mereces<\/b><\/p>\n<p>  Los trabajadores de los campos petroleros arriesgan sus vidas todos los d\u00edas para abastecer a nuestro pa\u00eds. Cuando los empleadores o fabricantes no cumplen con su responsabilidad de proporcionar condiciones laborales seguras, deben ser responsables.<\/p>\n<p>  Si t\u00fa o un ser querido han sufrido un accidente en un campo petrolero, no enfrentes el sistema legal solo. Deja que los abogados experimentados de E&amp;L, LLP luchen por ti.<\/p>\n<p style=\"text-align: center;\"><b>LLAME A NUESTROS ABOGADOS PARA UNA CONSULTA GRATUITA Y SIN COMPROMISO<br \/>\n (213) 213-0000<\/b><\/p>\n<p style=\"text-align: center;\"><b>Nuestra Garant\u00eda<\/b><\/p>\n<p style=\"text-align: center;\"><b>NO NOS PAGAN HASTA QUE USTED RECIBA SU COMPENSACI\u00d3N. ESA ES NUESTRA GARANT\u00cdA.<\/b><\/p>\n<\/div><br \/>\n<\/div><\/div><\/div>\n","protected":false},"excerpt":{"rendered":"","protected":false},"author":1,"featured_media":0,"parent":0,"menu_order":0,"comment_status":"closed","ping_status":"closed","template":"","meta":{"footnotes":""},"class_list":["post-1207","page","type-page","status-publish","hentry"],"_links":{"self":[{"href":"https:\/\/ebralavi.com\/tusabogadoslaborales\/wp-json\/wp\/v2\/pages\/1207","targetHints":{"allow":["GET"]}}],"collection":[{"href":"https:\/\/ebralavi.com\/tusabogadoslaborales\/wp-json\/wp\/v2\/pages"}],"about":[{"href":"https:\/\/ebralavi.com\/tusabogadoslaborales\/wp-json\/wp\/v2\/types\/page"}],"author":[{"embeddable":true,"href":"https:\/\/ebralavi.com\/tusabogadoslaborales\/wp-json\/wp\/v2\/users\/1"}],"replies":[{"embeddable":true,"href":"https:\/\/ebralavi.com\/tusabogadoslaborales\/wp-json\/wp\/v2\/comments?post=1207"}],"version-history":[{"count":3,"href":"https:\/\/ebralavi.com\/tusabogadoslaborales\/wp-json\/wp\/v2\/pages\/1207\/revisions"}],"predecessor-version":[{"id":1556,"href":"https:\/\/ebralavi.com\/tusabogadoslaborales\/wp-json\/wp\/v2\/pages\/1207\/revisions\/1556"}],"wp:attachment":[{"href":"https:\/\/ebralavi.com\/tusabogadoslaborales\/wp-json\/wp\/v2\/media?parent=1207"}],"curies":[{"name":"wp","href":"https:\/\/api.w.org\/{rel}","templated":true}]}}