{"id":1203,"date":"2025-01-28T17:47:35","date_gmt":"2025-01-28T17:47:35","guid":{"rendered":"https:\/\/tusabogadoslaboral.com\/?page_id=1203"},"modified":"2025-04-30T09:14:10","modified_gmt":"2025-04-30T09:14:10","slug":"most-common-workplace-accidents-injuries","status":"publish","type":"page","link":"https:\/\/ebralavi.com\/tusabogadoslaborales\/most-common-workplace-accidents-injuries\/","title":{"rendered":"Accidentes y lesiones laborales m\u00e1s comunes"},"content":{"rendered":"<div class=\"dm-service-section \"><div class=\"dm-container\"><div class=\"dm-flex\">\n<div class=\"dm-full wow fadeInRight\">\n<h3>PASO 1 Y 2: COMPLETADO<\/h3>\n<p><b>Accidentes e Lesiones Laborales M\u00e1s Comunes<\/b><\/p>\n<p>  Todos enfrentamos desaf\u00edos ocasionales en el trabajo, pero nada se compara con sufrir una lesi\u00f3n grave en el lugar de trabajo. Los accidentes laborales pueden ocurrir inesperadamente, lo que lleva a per\u00edodos de recuperaci\u00f3n significativos, gastos m\u00e9dicos y estr\u00e9s financiero debido a la p\u00e9rdida de salarios. Entender los tipos m\u00e1s comunes de accidentes laborales y lesiones puede ayudarte a mantenerte alerta e informado.<\/p>\n<p>&nbsp;<\/p>\n<p style=\"text-align: center;\"><b>LLAME A NUESTROS ABOGADOS PARA UNA CONSULTA GRATUITA SIN COMPROMISO<br \/>\n (213) 213-0000<\/b><\/p>\n<p><b>Preguntas Frecuentes: Accidentes Laborales M\u00e1s Comunes<\/b><\/p>\n<p>  Las lesiones laborales pueden ocurrir en cualquier entorno, desde sitios de construcci\u00f3n hasta oficinas. Mientras que algunas profesiones son inherentemente m\u00e1s peligrosas, ning\u00fan lugar de trabajo est\u00e1 completamente libre de riesgos. Conocer los accidentes laborales m\u00e1s comunes puede ayudarte a identificar posibles peligros y protegerte. Estos son los tipos m\u00e1s frecuentes de accidentes laborales:<\/p>\n<ul>\n<li aria-level=\"1\"><b>Sobreexerti\u00f3n y Reacci\u00f3n Corporal<\/b><\/li>\n<\/ul>\n<ol>\n<li style=\"list-style-type: none;\">\n<ol>\n<li style=\"list-style-type: none;\">\n<ul>\n<li style=\"font-weight: 400;\" aria-level=\"2\">  Frecuencia: M\u00e1s del 31% de las lesiones laborales (Datos de Lesiones NSC).  <\/li>\n<li style=\"font-weight: 400;\" aria-level=\"2\">  Detalles: Incluye lesiones causadas por actividades sin impacto como levantar, empujar o cargar objetos pesados, as\u00ed como lesiones por movimientos repetitivos (por ejemplo, escribir o operar maquinaria). Estas lesiones pueden llevar a dolor cr\u00f3nico y limitaci\u00f3n de movimiento.  <\/li>\n<\/ul>\n<\/li>\n<\/ol>\n<\/li>\n<\/ol>\n<ul>\n<li aria-level=\"1\"><b>Resbalones, Tropezones y Ca\u00eddas<\/b><\/li>\n<\/ul>\n<ol>\n<li style=\"list-style-type: none;\">\n<ol>\n<li style=\"list-style-type: none;\">\n<ul>\n<li style=\"font-weight: 400;\" aria-level=\"2\">  Frecuencia: Representan el 27.5% de las lesiones laborales.  <\/li>\n<li style=\"font-weight: 400;\" aria-level=\"2\">  Detalles: A menudo causadas por pisos mojados, superficies irregulares u objetos fuera de lugar. Intentar equilibrarse durante una ca\u00edda puede resultar en esguinces, distensiones y desgarros dolorosos, lo que puede restringir tu capacidad para trabajar.  <\/li>\n<\/ul>\n<\/li>\n<\/ol>\n<\/li>\n<\/ol>\n<ul>\n<li aria-level=\"1\"><b>Contacto con Objetos y Equipos<\/b><\/li>\n<\/ul>\n<ol>\n<li style=\"list-style-type: none;\">\n<ol>\n<li style=\"list-style-type: none;\">\n<ul>\n<li style=\"font-weight: 400;\" aria-level=\"2\">  Frecuencia: Representan el 25.8% de las lesiones laborales.  <\/li>\n<li style=\"font-weight: 400;\" aria-level=\"2\">  Detalles: Incluye ser golpeado por o atrapado entre equipos en movimiento, objetos ca\u00eddos o malfuncionamientos de maquinaria. Estas lesiones pueden ser graves, llevando a fracturas, cortes o incluso amputaciones.  <\/li>\n<\/ul>\n<\/li>\n<\/ol>\n<\/li>\n<\/ol>\n<ul>\n<li aria-level=\"1\"><b>Incidentes de Transporte<\/b><\/li>\n<\/ul>\n<ol>\n<li style=\"list-style-type: none;\">\n<ol>\n<li style=\"list-style-type: none;\">\n<ul>\n<li style=\"font-weight: 400;\" aria-level=\"2\">  Frecuencia: Representan el 5.6% de las lesiones laborales.  <\/li>\n<li style=\"font-weight: 400;\" aria-level=\"2\">  Detalles: Incluye accidentes con veh\u00edculos, montacargas u otros equipos de transporte. Estos incidentes son m\u00e1s comunes en industrias con maquinaria pesada o roles de entrega.  <\/li>\n<\/ul>\n<\/li>\n<\/ol>\n<\/li>\n<\/ol>\n<ul>\n<li aria-level=\"1\"><b>Lesiones Debido a Violencia<\/b><\/li>\n<\/ul>\n<ol>\n<li style=\"list-style-type: none;\">\n<ol>\n<li style=\"list-style-type: none;\">\n<ul>\n<li style=\"font-weight: 400;\" aria-level=\"2\">  Frecuencia: Representan el 5% de las lesiones laborales.  <\/li>\n<\/ul>\n<\/li>\n<\/ol>\n<\/li>\n<\/ol>\n<ul>\n<li aria-level=\"2\">  Detalles: Aunque son raras, la violencia laboral es una preocupaci\u00f3n seria. Si notas se\u00f1ales de violencia potencial, rep\u00f3rtalas a tu supervisor para evitar que escale.  <\/li>\n<\/ul>\n<p>&nbsp;<\/p>\n<p style=\"text-align: center;\"><b>LLAME A NUESTROS ABOGADOS PARA UNA CONSULTA GRATUITA SIN COMPROMISO<br \/>\n (213) 213-0000<\/b><\/p>\n<p>&nbsp;<\/p>\n<p><b>Lesiones Laborales M\u00e1s Comunes<\/b><\/p>\n<p>  Las lesiones sufridas en el lugar de trabajo pueden variar desde menores hasta graves. Incluso las lesiones aparentemente peque\u00f1as pueden empeorar con el tiempo si no se tratan. Aqu\u00ed est\u00e1n los tipos m\u00e1s comunes de lesiones laborales:<\/p>\n<ul>\n<li aria-level=\"1\"><b>Esguinces, Distensiones y Desgarros<\/b><\/li>\n<\/ul>\n<ol>\n<li style=\"list-style-type: none;\">\n<ol>\n<li style=\"list-style-type: none;\">\n<ul>\n<li style=\"font-weight: 400;\" aria-level=\"2\">  Causa: A menudo resultan de accidentes por resbalones o sobreexerti\u00f3n.  <\/li>\n<li style=\"font-weight: 400;\" aria-level=\"2\">  Impacto: Estas lesiones pueden restringir el movimiento, dificultando la realizaci\u00f3n de tareas b\u00e1sicas y llevando a per\u00edodos de recuperaci\u00f3n prolongados.  <\/li>\n<\/ul>\n<\/li>\n<\/ol>\n<\/li>\n<\/ol>\n<ul>\n<li aria-level=\"1\"><b>Dolores o Dolores Musculares<\/b><\/li>\n<\/ul>\n<ol>\n<li style=\"list-style-type: none;\">\n<ol>\n<li style=\"list-style-type: none;\">\n<ul>\n<li style=\"font-weight: 400;\" aria-level=\"2\">  Causa: A menudo es resultado de movimientos repetitivos, mala ergonom\u00eda o accidentes menores.  <\/li>\n<li style=\"font-weight: 400;\" aria-level=\"2\">  Impacto: El dolor persistente puede afectar significativamente la productividad y la calidad de vida, incluso si la lesi\u00f3n no es visiblemente aparente.  <\/li>\n<\/ul>\n<\/li>\n<\/ol>\n<\/li>\n<\/ol>\n<ul>\n<li aria-level=\"1\"><b>Cortes, Laceraciones y Punciones<\/b><\/li>\n<\/ul>\n<ol>\n<li style=\"list-style-type: none;\">\n<ol>\n<li style=\"list-style-type: none;\">\n<ul>\n<li style=\"font-weight: 400;\" aria-level=\"2\">  Causa: A menudo causados por herramientas afiladas, maquinaria o escombros ca\u00eddos.  <\/li>\n<li style=\"font-weight: 400;\" aria-level=\"2\">  Impacto: Estas lesiones pueden requerir tratamiento m\u00e9dico para prevenir infecciones y complicaciones, lo que puede llevar a tiempo fuera del trabajo.  <\/li>\n<\/ul>\n<\/li>\n<\/ol>\n<\/li>\n<\/ol>\n<ul>\n<li aria-level=\"1\"><b>Moretones y Contusiones<\/b><\/li>\n<\/ul>\n<ol>\n<li style=\"list-style-type: none;\">\n<ol>\n<li style=\"list-style-type: none;\">\n<ul>\n<li style=\"font-weight: 400;\" aria-level=\"2\">  Causa: T\u00edpicamente causados por objetos ca\u00eddos o colisiones con equipos.  <\/li>\n<li style=\"font-weight: 400;\" aria-level=\"2\">  Impacto: Aunque los moretones menores pueden no dificultar el trabajo, las contusiones graves pueden restringir el movimiento y requerir atenci\u00f3n m\u00e9dica.  <\/li>\n<\/ul>\n<\/li>\n<\/ol>\n<\/li>\n<\/ol>\n<ul>\n<li aria-level=\"1\"><b>Fracturas<\/b><\/li>\n<\/ul>\n<ol>\n<li style=\"list-style-type: none;\">\n<ul>\n<li style=\"font-weight: 400;\" aria-level=\"2\">  Causa: Resultan de resbalones, ca\u00eddas o ser golpeado por objetos pesados.  <\/li>\n<li style=\"font-weight: 400;\" aria-level=\"2\">  Impacto: Las fracturas a menudo requieren tiempos de recuperaci\u00f3n prolongados y pueden afectar temporal o permanentemente la capacidad de un trabajador para desempe\u00f1ar su trabajo.  <\/li>\n<\/ul>\n<\/li>\n<\/ol>\n<p><b>Contacta a un Abogado de Compensaci\u00f3n Laboral<\/b><\/p>\n<p>  Cada a\u00f1o, aproximadamente 2.3 millones de lesiones laborales ocurren, siendo la mayor\u00eda esguinces, distensiones, desgarros, dolores y laceraciones. Ning\u00fan lugar de trabajo est\u00e1 completamente libre de riesgos, y hasta los empleados m\u00e1s cautelosos pueden sufrir lesiones que afectan su capacidad para trabajar y ganar un salario. Cuando esto ocurre, es crucial asegurarse de que recibas una compensaci\u00f3n justa por tus lesiones.<\/p>\n<p>  Los abogados de E&amp;L, LLP est\u00e1n aqu\u00ed para ayudarte. Nuestro equipo experimentado luchar\u00e1 incansablemente para proteger tus derechos y asegurarse de que recibas la compensaci\u00f3n que mereces.<\/p>\n<p style=\"text-align: center;\"><b>LLAME A NUESTROS ABOGADOS PARA UNA CONSULTA GRATUITA SIN COMPROMISO<br \/>\n (213) 213-0000<\/b><\/p>\n<p><b>\u00bfPor qu\u00e9 elegir E&amp;L, LLP?<\/b><\/p>\n<p>  En E&amp;L, LLP, estamos comprometidos en abogar por los trabajadores lesionados. Ya sea que tu lesi\u00f3n haya resultado de un accidente por resbal\u00f3n, sobreexerti\u00f3n o malfuncionamiento de equipos, trabajaremos incansablemente para navegar por las complejidades del sistema de compensaci\u00f3n laboral en tu nombre.<\/p>\n<p>&nbsp;<\/p>\n<p style=\"text-align: center;\"><b>LLAME A NUESTROS ABOGADOS PARA UNA CONSULTA GRATUITA SIN COMPROMISO<br \/>\n (213) 213-0000<\/b><\/p>\n<p style=\"text-align: center;\"><b>No PAGAMOS HASTA QUE USTED RECIBA EL PAGO. ESA ES NUESTRA GARANT\u00cdA.<\/b><\/p>\n<p>&nbsp;<\/p>\n<\/div>\n<\/div><\/div><\/div>\n","protected":false},"excerpt":{"rendered":"","protected":false},"author":1,"featured_media":0,"parent":0,"menu_order":0,"comment_status":"closed","ping_status":"closed","template":"","meta":{"footnotes":""},"class_list":["post-1203","page","type-page","status-publish","hentry"],"_links":{"self":[{"href":"https:\/\/ebralavi.com\/tusabogadoslaborales\/wp-json\/wp\/v2\/pages\/1203","targetHints":{"allow":["GET"]}}],"collection":[{"href":"https:\/\/ebralavi.com\/tusabogadoslaborales\/wp-json\/wp\/v2\/pages"}],"about":[{"href":"https:\/\/ebralavi.com\/tusabogadoslaborales\/wp-json\/wp\/v2\/types\/page"}],"author":[{"embeddable":true,"href":"https:\/\/ebralavi.com\/tusabogadoslaborales\/wp-json\/wp\/v2\/users\/1"}],"replies":[{"embeddable":true,"href":"https:\/\/ebralavi.com\/tusabogadoslaborales\/wp-json\/wp\/v2\/comments?post=1203"}],"version-history":[{"count":3,"href":"https:\/\/ebralavi.com\/tusabogadoslaborales\/wp-json\/wp\/v2\/pages\/1203\/revisions"}],"predecessor-version":[{"id":1559,"href":"https:\/\/ebralavi.com\/tusabogadoslaborales\/wp-json\/wp\/v2\/pages\/1203\/revisions\/1559"}],"wp:attachment":[{"href":"https:\/\/ebralavi.com\/tusabogadoslaborales\/wp-json\/wp\/v2\/media?parent=1203"}],"curies":[{"name":"wp","href":"https:\/\/api.w.org\/{rel}","templated":true}]}}