{"id":1198,"date":"2025-01-28T17:45:09","date_gmt":"2025-01-28T17:45:09","guid":{"rendered":"https:\/\/tusabogadoslaboral.com\/?page_id=1198"},"modified":"2025-04-29T14:46:39","modified_gmt":"2025-04-29T14:46:39","slug":"types-of-workers-compensation-benefits","status":"publish","type":"page","link":"https:\/\/ebralavi.com\/tusabogadoslaborales\/types-of-workers-compensation-benefits\/","title":{"rendered":"Tipos de beneficios de compensaci\u00f3n laboral"},"content":{"rendered":"<p><b>Tipos de beneficios de compensaci\u00f3n laboral<\/b><\/p>\n<p><img decoding=\"async\" class=\"alignnone size-full wp-image-1396\" src=\"\/wp-content\/uploads\/2025\/02\/WORK-COMP.avif\" alt=\"\" \/><\/p>\n<p>Si ha sufrido una lesi\u00f3n o enfermedad laboral, podr\u00eda ser elegible para recibir beneficios de compensaci\u00f3n laboral. Comprender los diferentes tipos de beneficios disponibles le ayudar\u00e1 a comprender mejor el proceso y a saber qu\u00e9 esperar.<\/p>\n<p style=\"text-align: center;\"><b>LLAME A NUESTROS ABOGADOS PARA UNA CONSULTA GRATUITA Y SIN COMPROMISO<br \/>\n(213) 213-0000<\/b><\/p>\n<ol>\n<li><b>Atenci\u00f3n m\u00e9dica<\/b><\/li>\n<\/ol>\n<p>Uno de los principales beneficios de la compensaci\u00f3n laboral es la cobertura m\u00e9dica, que cubre los costos asociados con el tratamiento de su lesi\u00f3n o enfermedad ocupacional. Estos beneficios suelen incluir:<\/p>\n<ul>\n<li>Visitas al m\u00e9dico, al hospital y a la sala de emergencias<\/li>\n<li>Medicamentos recetados<\/li>\n<li>Pruebas de diagn\u00f3stico e im\u00e1genes (p. ej., radiograf\u00edas, resonancias magn\u00e9ticas)<\/li>\n<li>Servicios de fisioterapia y rehabilitaci\u00f3n<\/li>\n<li>Equipo m\u00e9dico esencial (p. ej., muletas, sillas de ruedas, pr\u00f3tesis)<\/li>\n<\/ul>\n<p>Los beneficios m\u00e9dicos generalmente se proporcionan hasta que se recupere por completo y reciba autorizaci\u00f3n para regresar al trabajo.<\/p>\n<ol start=\"2\">\n<li><b>Beneficios por discapacidad<\/b><\/li>\n<\/ol>\n<p>Los beneficios por discapacidad est\u00e1n dise\u00f1ados para reemplazar una parte del salario perdido cuando un empleado no puede trabajar debido a una lesi\u00f3n laboral. Los tipos de prestaciones por discapacidad incluyen:<\/p>\n<ul>\n<li>Incapacidad Parcial Temporal (IPT):<br \/>\nSi su lesi\u00f3n le permite trabajar a tiempo parcial o con capacidad limitada temporalmente, las prestaciones por IPT pueden compensar la reducci\u00f3n de sus ingresos.<\/li>\n<li>Incapacidad Total Temporal (TTD):<br \/>\nSi su lesi\u00f3n le impide trabajar por completo durante un corto per\u00edodo, podr\u00eda tener derecho a las prestaciones por IPT hasta que se recupere lo suficiente para volver a trabajar.<\/li>\n<li>Incapacidad Parcial Permanente (PPD):<br \/>\nSi puede volver a trabajar, pero no puede rendir al m\u00e1ximo de su capacidad de forma permanente, las prestaciones por IPT pueden ayudarle a compensar la reducci\u00f3n de su capacidad de generar ingresos.<\/li>\n<li>Incapacidad Total Permanente (PTD):<br \/>\nSi su lesi\u00f3n le impide permanentemente volver a trabajar en cualquier puesto, las prestaciones por IPT pueden proporcionarle apoyo financiero a largo plazo.<\/li>\n<\/ul>\n<p style=\"text-align: center;\"><b>LLAME A NUESTROS ABOGADOS PARA UNA CONSULTA GRATUITA Y SIN COMPROMISO CONSULTA<br \/>\n(213) 213-0000<\/p>\n<ol start=\"3\">\n<li><b>Beneficios de Rehabilitaci\u00f3n<\/b><\/li>\n<\/ol>\n<p>Si su lesi\u00f3n le impide regresar a su trabajo anterior, muchos estados ofrecen capacitaci\u00f3n vocacional para ayudarle a desarrollar nuevas habilidades para una carrera diferente. Adem\u00e1s de la rehabilitaci\u00f3n f\u00edsica, algunos estados tambi\u00e9n ofrecen rehabilitaci\u00f3n psicol\u00f3gica para ayudar a los trabajadores a recuperarse mentalmente de sus lesiones.<\/p>\n<ol start=\"4\">\n<li><b>Beneficios por Muerte<\/b><\/li>\n<\/ol>\n<p>Si una lesi\u00f3n o enfermedad laboral resulta en la muerte, la compensaci\u00f3n laboral proporciona beneficios por muerte a los dependientes sobrevivientes de la v\u00edctima. Estos beneficios suelen incluir:<\/p>\n<ul>\n<li>Apoyo financiero para el c\u00f3nyuge e hijos menores del fallecido<\/li>\n<li>Gastos funerarios y de entierro<\/li>\n<\/ul>\n<p>Contacte a un abogado especializado en compensaci\u00f3n laboral<\/b><\/p>\n<p>Si sufri\u00f3 una lesi\u00f3n o enfermedad en el trabajo, merece recibir todos los beneficios a los que tiene derecho. Desafortunadamente, algunos empleadores y sus aseguradoras podr\u00edan intentar denegar o minimizar su reclamaci\u00f3n. En E&#038;L, LLP, nuestros abogados expertos luchar\u00e1n por sus derechos y trabajar\u00e1n incansablemente para obtener el mejor resultado posible para su caso.<\/p>\n<p style=\"text-align: center;\"><b>LLAME A NUESTROS ABOGADOS PARA UNA CONSULTA GRATUITA Y SIN COMPROMISO<br \/>\n(213) 213-0000<\/b><\/p>\n<p style=\"text-align: center;\"><b>NO COBRAMOS HASTA QUE USTED COBRE. ESA ES NUESTRA GARANT\u00cdA.<\/p>\n","protected":false},"excerpt":{"rendered":"<p>Tipos de beneficios de compensaci\u00f3n laboral Si ha sufrido una lesi\u00f3n o enfermedad laboral, podr\u00eda ser elegible para recibir beneficios de compensaci\u00f3n laboral. Comprender los diferentes tipos de beneficios disponibles le ayudar\u00e1 a comprender mejor el proceso y a saber qu\u00e9 esperar. LLAME A NUESTROS ABOGADOS PARA UNA CONSULTA GRATUITA Y SIN COMPROMISO (213) 213-0000 Atenci\u00f3n m\u00e9dica Uno de los principales beneficios de la compensaci\u00f3n laboral es la cobertura m\u00e9dica, que cubre los costos asociados con el tratamiento de su lesi\u00f3n o enfermedad ocupacional. Estos beneficios suelen incluir: Visitas al m\u00e9dico, al hospital y a la sala de emergencias Medicamentos <\/p>\n","protected":false},"author":1,"featured_media":0,"parent":0,"menu_order":0,"comment_status":"closed","ping_status":"closed","template":"","meta":{"footnotes":""},"class_list":["post-1198","page","type-page","status-publish","hentry"],"_links":{"self":[{"href":"https:\/\/ebralavi.com\/tusabogadoslaborales\/wp-json\/wp\/v2\/pages\/1198","targetHints":{"allow":["GET"]}}],"collection":[{"href":"https:\/\/ebralavi.com\/tusabogadoslaborales\/wp-json\/wp\/v2\/pages"}],"about":[{"href":"https:\/\/ebralavi.com\/tusabogadoslaborales\/wp-json\/wp\/v2\/types\/page"}],"author":[{"embeddable":true,"href":"https:\/\/ebralavi.com\/tusabogadoslaborales\/wp-json\/wp\/v2\/users\/1"}],"replies":[{"embeddable":true,"href":"https:\/\/ebralavi.com\/tusabogadoslaborales\/wp-json\/wp\/v2\/comments?post=1198"}],"version-history":[{"count":4,"href":"https:\/\/ebralavi.com\/tusabogadoslaborales\/wp-json\/wp\/v2\/pages\/1198\/revisions"}],"predecessor-version":[{"id":1499,"href":"https:\/\/ebralavi.com\/tusabogadoslaborales\/wp-json\/wp\/v2\/pages\/1198\/revisions\/1499"}],"wp:attachment":[{"href":"https:\/\/ebralavi.com\/tusabogadoslaborales\/wp-json\/wp\/v2\/media?parent=1198"}],"curies":[{"name":"wp","href":"https:\/\/api.w.org\/{rel}","templated":true}]}}