{"id":1196,"date":"2025-01-28T17:43:43","date_gmt":"2025-01-28T17:43:43","guid":{"rendered":"https:\/\/tusabogadoslaboral.com\/?page_id=1196"},"modified":"2025-04-30T08:33:46","modified_gmt":"2025-04-30T08:33:46","slug":"nerve-damage-workers-compensation-settlement","status":"publish","type":"page","link":"https:\/\/ebralavi.com\/tusabogadoslaborales\/nerve-damage-workers-compensation-settlement\/","title":{"rendered":"Acuerdo de compensaci\u00f3n laboral por da\u00f1o nervioso"},"content":{"rendered":"<div class=\"dm-service-section \"><div class=\"dm-container\"><div class=\"dm-flex\">\n<div class=\"dm-full wow fadeInRight\">\n<h3>Qu\u00e9 Esperar de su Acuerdo de Compensaci\u00f3n Laboral por Da\u00f1o Nervioso<\/h3>\n<p><b>Compensaci\u00f3n Laboral por Da\u00f1o Nervioso<\/b><\/p>\n<p>  Usted merece sentirse seguro y respaldado en su trabajo, pero cuando su empleador no cumple con las normas de seguridad, puede dejarlo sinti\u00e9ndose impotente\u2014especialmente si le niegan los beneficios de compensaci\u00f3n laboral. El impacto f\u00edsico, emocional y financiero de una lesi\u00f3n en el trabajo, en particular el da\u00f1o nervioso, puede alterar su vida y el sustento de su familia.  <\/p>\n<p>  Equipos defectuosos, condiciones laborales inseguras o capacitaci\u00f3n inadecuada pueden provocar accidentes que causen da\u00f1o nervioso, dej\u00e1ndolo con facturas m\u00e9dicas significativas, estr\u00e9s y una calidad de vida reducida. En E&amp;L, LLP, creemos que esto es injusto, y estamos aqu\u00ed para luchar por usted. Si le han negado los beneficios de compensaci\u00f3n laboral que merece, cont\u00e1ctenos hoy para una consulta gratuita y sin compromiso.  <\/p>\n<p style=\"text-align: center;\"><b>LLAME A NUESTROS ABOGADOS PARA UNA CONSULTA GRATUITA Y SIN COMPROMISO<br \/>\n (213) 213-0000<\/b><\/p>\n<p><b>Preguntas Frecuentes: Compensaci\u00f3n Laboral por Da\u00f1o Nervioso<\/b><\/p>\n<p><b>\u00bfSufre de Da\u00f1o Nervioso? Esto es lo que Puede Esperar<\/b><\/p>\n<p>  El da\u00f1o nervioso puede variar de leve a severo, y el proceso de recuperaci\u00f3n depende ampliamente de la lesi\u00f3n. Seg\u00fan la Cl\u00ednica Mayo:  <\/p>\n<ul>\n<li>  Da\u00f1o Nervioso Leve: A menudo se cura con el tiempo sin mucha intervenci\u00f3n.  <\/li>\n<li>  Da\u00f1o Moderado a Severo: Puede requerir terapia f\u00edsica, cirug\u00eda o tratamiento m\u00e9dico continuo, lo que lleva a facturas costosas y una recuperaci\u00f3n prolongada.  <\/li>\n<li>  Da\u00f1o Nervioso Permanente: Si el nervio est\u00e1 completamente seccionado, la recuperaci\u00f3n puede ser imposible, lo que podr\u00eda resultar en una discapacidad permanente. En tales casos, podr\u00eda ser elegible para beneficios del Seguro Social por Discapacidad (SSD).  <\/li>\n<\/ul>\n<p>  Desafortunadamente, navegar por el proceso de compensaci\u00f3n laboral puede ser dif\u00edcil, especialmente cuando los empleadores y las compa\u00f1\u00edas de seguros intentan minimizar o desacreditar su lesi\u00f3n. Podr\u00edan argumentar que:  <\/p>\n<ul>\n<li>  Su da\u00f1o nervioso no est\u00e1 relacionado con el accidente laboral.  <\/li>\n<li>  Otros factores (por ejemplo, condiciones preexistentes como la diabetes o h\u00e1bitos de vida) causaron sus s\u00edntomas.  <\/li>\n<\/ul>\n<p>  Estas t\u00e1cticas pueden dejarlo pagando de su bolsillo gastos m\u00e9dicos como:  <\/p>\n<ul>\n<li>  Visitas al hospital y citas con el m\u00e9dico  <\/li>\n<li>  Sesiones de terapia f\u00edsica  <\/li>\n<li>  Medicamentos recetados  <\/li>\n<li>  Pruebas diagn\u00f3sticas como resonancias magn\u00e9ticas y estudios de conducci\u00f3n nerviosa  <\/li>\n<\/ul>\n<p><b>C\u00f3mo Pueden Ayudarle los Abogados de E&amp;L, LLP<\/b><\/p>\n<p>  No tiene que enfrentar este trato injusto solo. Nuestros abogados experimentados en compensaci\u00f3n laboral pueden:  <\/p>\n<ul>\n<li><b>Proteger Sus Derechos: <\/b>  Nos aseguramos de que lo traten de forma justa durante todo el proceso.  <\/li>\n<li><b>Desafiar Informes M\u00e9dicos Falsos: <\/b>  Los empleadores pueden enviarlo a m\u00e9dicos que minimicen sus lesiones o den evaluaciones m\u00e9dicas inexactas. Nos aseguraremos de que reciba un diagn\u00f3stico adecuado de profesionales m\u00e9dicos imparciales.  <\/li>\n<li><b>Construir un Caso S\u00f3lido: <\/b>  Si su reclamo es denegado, reuniremos pruebas, documentaremos la totalidad de sus lesiones y presentaremos un informe detallado de su accidente durante las audiencias.  <\/li>\n<li><b>Abogar por la M\u00e1xima Compensaci\u00f3n: <\/b>  Lucharemos por los beneficios a los que tiene derecho, incluidos gastos m\u00e9dicos, salarios perdidos y compensaci\u00f3n por discapacidad a largo plazo.  <\/li>\n<\/ul>\n<p style=\"text-align: center;\"><b>LLAME A NUESTROS ABOGADOS PARA UNA CONSULTA GRATUITA Y SIN COMPROMISO<br \/>\n (213) 213-0000<\/b><\/p>\n<p><b>Contacte a E&amp;L, LLP Hoy<\/b><\/p>\n<p>  En E&amp;L, LLP, entendemos los desaf\u00edos de recuperarse de un da\u00f1o nervioso mientras navega por la complejidad de los reclamos de compensaci\u00f3n laboral. Nuestro equipo est\u00e1 dedicado a asegurarse de que reciba la compensaci\u00f3n y el apoyo que merece.  <\/p>\n<p><b>\u00bfPor Qu\u00e9 Elegir a E&amp;L, LLP?<\/b><\/p>\n<ul>\n<li>  Experiencia: Nos especializamos en casos de compensaci\u00f3n laboral y sabemos c\u00f3mo enfrentar las t\u00e1cticas utilizadas por empleadores y compa\u00f1\u00edas de seguros.  <\/li>\n<li>  Sin Honorarios Iniciales: Trabajamos en base a contingencia\u2014no cobramos a menos que usted gane.  <\/li>\n<li>  Defensa Compasiva: Su caso es personal para nosotros, y lucharemos incansablemente por el mejor resultado.  <\/li>\n<\/ul>\n<p style=\"text-align: center;\"><b>LLAME A NUESTROS ABOGADOS PARA UNA CONSULTA GRATUITA Y SIN COMPROMISO<br \/>\n (213) 213-0000<\/b><\/p>\n<p style=\"text-align: center;\"><b>NO COBRAMOS HASTA QUE USTED COBRE. ESA ES NUESTRA GARANT\u00cdA.<\/b><\/p>\n<\/div>\n<\/div><\/div><\/div>\n","protected":false},"excerpt":{"rendered":"","protected":false},"author":1,"featured_media":0,"parent":0,"menu_order":0,"comment_status":"closed","ping_status":"closed","template":"","meta":{"footnotes":""},"class_list":["post-1196","page","type-page","status-publish","hentry"],"_links":{"self":[{"href":"https:\/\/ebralavi.com\/tusabogadoslaborales\/wp-json\/wp\/v2\/pages\/1196","targetHints":{"allow":["GET"]}}],"collection":[{"href":"https:\/\/ebralavi.com\/tusabogadoslaborales\/wp-json\/wp\/v2\/pages"}],"about":[{"href":"https:\/\/ebralavi.com\/tusabogadoslaborales\/wp-json\/wp\/v2\/types\/page"}],"author":[{"embeddable":true,"href":"https:\/\/ebralavi.com\/tusabogadoslaborales\/wp-json\/wp\/v2\/users\/1"}],"replies":[{"embeddable":true,"href":"https:\/\/ebralavi.com\/tusabogadoslaborales\/wp-json\/wp\/v2\/comments?post=1196"}],"version-history":[{"count":2,"href":"https:\/\/ebralavi.com\/tusabogadoslaborales\/wp-json\/wp\/v2\/pages\/1196\/revisions"}],"predecessor-version":[{"id":1546,"href":"https:\/\/ebralavi.com\/tusabogadoslaborales\/wp-json\/wp\/v2\/pages\/1196\/revisions\/1546"}],"wp:attachment":[{"href":"https:\/\/ebralavi.com\/tusabogadoslaborales\/wp-json\/wp\/v2\/media?parent=1196"}],"curies":[{"name":"wp","href":"https:\/\/api.w.org\/{rel}","templated":true}]}}