{"id":1183,"date":"2025-01-28T17:25:13","date_gmt":"2025-01-28T17:25:13","guid":{"rendered":"https:\/\/tusabogadoslaboral.com\/?page_id=1183"},"modified":"2025-04-30T08:42:44","modified_gmt":"2025-04-30T08:42:44","slug":"examples-of-unusual-work-related-injuries","status":"publish","type":"page","link":"https:\/\/ebralavi.com\/tusabogadoslaborales\/examples-of-unusual-work-related-injuries\/","title":{"rendered":"\u00bfCu\u00e1les son algunos ejemplos de lesiones poco conocidas relacionadas con el trabajo?"},"content":{"rendered":"<div class=\"dm-service-section \"><div class=\"dm-container\"><div class=\"dm-flex\">\n<div class=\"dm-full wow fadeInRight\">\n<h3>Ejemplos de Lesiones Laborales Inusuales<\/h3>\n<p>Sufrir una lesi\u00f3n en el trabajo rara vez se espera, sin embargo, las estad\u00edsticas muestran que a lo largo de su carrera, muchos empleados experimentar\u00e1n alg\u00fan tipo de lesi\u00f3n laboral. Aunque la mayor\u00eda de las personas asocian las lesiones laborales con incidentes comunes como resbalones, ca\u00eddas o lesiones en la espalda por levantar peso, tambi\u00e9n existen lesiones inusuales que los trabajadores pueden enfrentar.<\/p>\n<p>Lamentablemente, presentar una reclamaci\u00f3n de compensaci\u00f3n laboral por estas lesiones poco comunes puede ser un desaf\u00edo, especialmente cuando los empleadores o las compa\u00f1\u00edas de seguros cuestionan la legitimidad del caso. Sin embargo, que una lesi\u00f3n sea inusual no la hace menos v\u00e1lida, ni exime al empleador de su responsabilidad.<\/p>\n<p>Si ha experimentado una lesi\u00f3n laboral inusual o poco com\u00fan, E&amp;L, LLP est\u00e1 aqu\u00ed para ayudarle. Nuestros abogados expertos en compensaci\u00f3n laboral pueden ayudarle a documentar su lesi\u00f3n, conectarle con profesionales m\u00e9dicos familiarizados con lesiones inusuales y guiarle a trav\u00e9s del proceso de reclamaci\u00f3n. Veamos algunos ejemplos reales de lesiones laborales poco comunes.<\/p>\n<p style=\"text-align: center;\"><b>LLAME A NUESTROS ABOGADOS PARA UNA CONSULTA GRATUITA Y SIN COMPROMISO<br \/>\n(213) 213-0000<\/b><\/p>\n<p><b>Ejemplos Reales de Lesiones Laborales Inusuales<\/b><\/p>\n<ol>\n<li><b>Fractura de cadera por una m\u00e1quina expendedora<\/b><\/li>\n<\/ol>\n<p>Un empleado de Circuit City se fractur\u00f3 la cadera mientras intentaba recuperar un bocadillo atascado para un compa\u00f1ero. Al golpear la m\u00e1quina con su cuerpo para liberar las papas fritas, sufri\u00f3 una lesi\u00f3n grave. La reclamaci\u00f3n fue aprobada ya que el acto se consider\u00f3 relacionado con el trabajo.<\/p>\n<ol start=\"2\">\n<li><b>Beber la bebida equivocada<\/b><\/li>\n<\/ol>\n<p>Una empleada de Arby\u2019s bebi\u00f3 accidentalmente lej\u00eda en lugar de su bebida al tomar el vaso equivocado en la sala de descanso. La lej\u00eda, mal almacenada en un vaso, le caus\u00f3 quemaduras en el es\u00f3fago. Su reclamaci\u00f3n fue aprobada porque la sustancia no deb\u00eda estar en un \u00e1rea com\u00fan.<\/p>\n<ol start=\"3\">\n<li><b>Lesi\u00f3n de cuello por papas fritas<\/b><\/li>\n<\/ol>\n<p>Una empleada de McDonald\u2019s evit\u00f3 que una bolsa de papas fritas cayera al suelo, pero se lesion\u00f3 el cuello en el proceso. El ambiente laboral acelerado, que no le permiti\u00f3 atender su dolor de inmediato, contribuy\u00f3 a que su reclamaci\u00f3n fuera aprobada.<\/p>\n<ol start=\"4\">\n<li><b>Broma que sali\u00f3 mal<\/b><\/li>\n<\/ol>\n<p>Durante un d\u00eda caluroso, un trabajador fue enga\u00f1ado por un compa\u00f1ero para salir de un veh\u00edculo con aire acondicionado en un sitio de trabajo. Al intentar regresar, calcul\u00f3 mal un salto sobre una zanja y se rompi\u00f3 la pierna. Su reclamaci\u00f3n fue aprobada por ocurrir durante su jornada laboral.<\/p>\n<ol start=\"5\">\n<li><b>Empleado de pizzer\u00eda apu\u00f1alado por un indigente<\/b><\/li>\n<\/ol>\n<p>Un repartidor intervino cuando un indigente caus\u00f3 disturbios en su lugar de trabajo. Durante el altercado, fue apu\u00f1alado y sufri\u00f3 un pulm\u00f3n perforado. La reclamaci\u00f3n fue aprobada por haber ocurrido mientras trabajaba.<\/p>\n<ol start=\"6\">\n<li><b>Incidente con perro en el trabajo desde casa<\/b><\/li>\n<\/ol>\n<p>Una empleada que trabajaba desde casa tropez\u00f3 con su perro mientras recog\u00eda suministros de trabajo del garaje y se rompi\u00f3 la mu\u00f1eca. Su reclamaci\u00f3n fue aprobada al haber ocurrido mientras realizaba tareas relacionadas con su empleo.<\/p>\n<ol start=\"7\">\n<li><b>Tragedia por vapores fermentados<\/b><\/li>\n<\/ol>\n<p>En Italia, tres trabajadores murieron en un tanque lleno de vapores de jugo de uva en fermentaci\u00f3n. Uno cay\u00f3 dentro al verse afectado por los vapores, y los otros murieron al intentar rescatarlo. Este caso destaca la importancia de los protocolos de seguridad en entornos peligrosos.<\/p>\n<ol start=\"8\">\n<li><b>Ataque de oso<\/b><\/li>\n<\/ol>\n<p>Un trabajador de un parque estatal fue atacado por un oso mientras estaba bajo los efectos de la marihuana. A pesar de su estado, el juez fall\u00f3 a su favor, argumentando que los osos atacan sin discriminaci\u00f3n y que el incidente no estuvo relacionado con su intoxicaci\u00f3n.<\/p>\n<ol start=\"9\">\n<li><b>Exceso de perfume<\/b><\/li>\n<\/ol>\n<p>En un centro de llamadas, 150 empleados se marearon y tuvieron dificultades para respirar debido al fuerte olor a perfume. Aunque inicialmente se crey\u00f3 que era una exposici\u00f3n a qu\u00edmicos t\u00f3xicos, se determin\u00f3 que era simplemente un exceso de fragancia.<\/p>\n<ol start=\"10\">\n<li><b>Tragedia en planta de at\u00fan<\/b><\/li>\n<\/ol>\n<p>Un empleado de la planta Bumble Bee Tuna muri\u00f3 tras quedar atrapado en una c\u00e1mara de esterilizaci\u00f3n. La empresa enfrent\u00f3 m\u00faltiples violaciones de OSHA y fuertes multas tras el incidente.<\/p>\n<p style=\"text-align: center;\"><b>LLAME A NUESTROS ABOGADOS PARA UNA CONSULTA GRATUITA Y SIN COMPROMISO<br \/>\n(213) 213-0000<\/b><\/p>\n<p><b>Escenarios Donde los Empleadores Pueden Ser Responsables<\/b><\/p>\n<p><b>Eventos Patrocinados por la Empresa<\/b><\/p>\n<p>Las lesiones sufridas durante eventos organizados por el empleador, como actividades de integraci\u00f3n o caminatas ben\u00e9ficas, pueden calificar para compensaci\u00f3n laboral. Por ejemplo, si un empleado se lesiona en una carrera de 5K o resbala durante un evento de bolos, la empresa podr\u00eda ser responsable.<\/p>\n<p><b>Horas de Almuerzo<\/b><\/p>\n<p>Los empleadores deben mantener condiciones seguras en todas las \u00e1reas, incluidas las salas de descanso. Si un empleado se lesiona durante el almuerzo\u2014por ejemplo, por un objeto que cae\u2014podr\u00eda tener derecho a una reclamaci\u00f3n. Tambi\u00e9n si va a recoger comida para otros y sufre un accidente.<\/p>\n<p><b>Viajes de Trabajo<\/b><\/p>\n<p>Los empleados que se lesionan mientras conducen veh\u00edculos de la empresa o viajan por motivos laborales (como reuniones con clientes) suelen ser elegibles para compensaci\u00f3n.<\/p>\n<p><b>Enfermedades Relacionadas con el Trabajo<\/b><\/p>\n<p>Las enfermedades causadas por condiciones laborales, como exposici\u00f3n a sustancias t\u00f3xicas o ambientes laborales t\u00f3xicos, pueden ser motivo de compensaci\u00f3n. Consultar con un abogado experto es esencial para evaluar el caso.<\/p>\n<p><b>P\u00e9rdida Auditiva<\/b><\/p>\n<p>Trabajos con exposici\u00f3n constante a ruidos fuertes pueden causar da\u00f1os auditivos permanentes. Estos empleados pueden tener derecho a compensaci\u00f3n.<\/p>\n<p><b>Agravamiento de Condiciones Preexistentes<\/b><\/p>\n<p>Si las actividades laborales agravan una condici\u00f3n existente, como una hernia discal, los empleados a\u00fan pueden calificar para compensaci\u00f3n por el empeoramiento.<\/p>\n<p><b>Mala Conducta<\/b><\/p>\n<p>Incluso si la lesi\u00f3n ocurri\u00f3 por no seguir las normas de seguridad, la compensaci\u00f3n puede aplicar. Sin embargo, si un empleado se lesiona a prop\u00f3sito, no se cubre.<\/p>\n<p><b>LLAME A NUESTROS ABOGADOS PARA UNA CONSULTA GRATUITA Y SIN COMPROMISO<br \/>\n(213) 213-0000<\/b><\/p>\n<p><b>\u00bfCu\u00e1ndo Puede Ayudar E&amp;L, LLP?<\/b><\/p>\n<p>Ya sea que su lesi\u00f3n sea com\u00fan o inusual, los abogados de compensaci\u00f3n laboral de E&amp;L, LLP est\u00e1n aqu\u00ed para defenderle. Lamentablemente, algunos empleados enfrentan pr\u00e1cticas deshonestas por parte de empleadores o aseguradoras que buscan negar sus reclamaciones.<\/p>\n<p><b>Nuestros abogados pueden:<\/b><\/p>\n<ul>\n<li>Facilitar la comunicaci\u00f3n entre usted, su empleador y la aseguradora.<\/li>\n<li>Asegurarse de que toda la documentaci\u00f3n est\u00e9 completa y se entregue a tiempo.<\/li>\n<li>Ayudarle a buscar un acuerdo justo si su reclamaci\u00f3n es retrasada o rechazada.<\/li>\n<\/ul>\n<p>En E&amp;L, LLP, nuestra misi\u00f3n es proteger sus intereses. Mientras su empleador se enfoca en sus ganancias, nosotros nos enfocamos en obtener la compensaci\u00f3n que usted merece.<\/p>\n<p style=\"text-align: center;\"><b>LLAME A NUESTROS ABOGADOS PARA UNA CONSULTA GRATUITA Y SIN COMPROMISO<br \/>\n(213) 213-0000<\/b><\/p>\n<p>Si ha sufrido una lesi\u00f3n laboral inusual, no dude en comunicarse con nuestro equipo legal con experiencia. Le guiaremos durante todo el proceso y lucharemos por conseguir la compensaci\u00f3n que merece.<\/p>\n<\/div>\n<\/div><\/div><\/div>\n","protected":false},"excerpt":{"rendered":"","protected":false},"author":1,"featured_media":0,"parent":0,"menu_order":0,"comment_status":"closed","ping_status":"closed","template":"","meta":{"footnotes":""},"class_list":["post-1183","page","type-page","status-publish","hentry"],"_links":{"self":[{"href":"https:\/\/ebralavi.com\/tusabogadoslaborales\/wp-json\/wp\/v2\/pages\/1183","targetHints":{"allow":["GET"]}}],"collection":[{"href":"https:\/\/ebralavi.com\/tusabogadoslaborales\/wp-json\/wp\/v2\/pages"}],"about":[{"href":"https:\/\/ebralavi.com\/tusabogadoslaborales\/wp-json\/wp\/v2\/types\/page"}],"author":[{"embeddable":true,"href":"https:\/\/ebralavi.com\/tusabogadoslaborales\/wp-json\/wp\/v2\/users\/1"}],"replies":[{"embeddable":true,"href":"https:\/\/ebralavi.com\/tusabogadoslaborales\/wp-json\/wp\/v2\/comments?post=1183"}],"version-history":[{"count":3,"href":"https:\/\/ebralavi.com\/tusabogadoslaborales\/wp-json\/wp\/v2\/pages\/1183\/revisions"}],"predecessor-version":[{"id":1551,"href":"https:\/\/ebralavi.com\/tusabogadoslaborales\/wp-json\/wp\/v2\/pages\/1183\/revisions\/1551"}],"wp:attachment":[{"href":"https:\/\/ebralavi.com\/tusabogadoslaborales\/wp-json\/wp\/v2\/media?parent=1183"}],"curies":[{"name":"wp","href":"https:\/\/api.w.org\/{rel}","templated":true}]}}