{"id":1166,"date":"2025-01-28T17:23:15","date_gmt":"2025-01-28T17:23:15","guid":{"rendered":"https:\/\/tusabogadoslaboral.com\/?page_id=1166"},"modified":"2025-04-29T14:47:47","modified_gmt":"2025-04-29T14:47:47","slug":"types-of-workers-compensation-insurance","status":"publish","type":"page","link":"https:\/\/ebralavi.com\/tusabogadoslaborales\/types-of-workers-compensation-insurance\/","title":{"rendered":"Tipos de seguro de compensaci\u00f3n laboral"},"content":{"rendered":"<div class=\"dm-service-section \"><div class=\"dm-container\"><div class=\"dm-flex\">\n<div class=\"dm-full wow fadeInRight\">\n<p>Lidiar con una lesi\u00f3n laboral puede ser abrumador. Adem\u00e1s de la acumulaci\u00f3n de facturas m\u00e9dicas, tambi\u00e9n podr\u00eda enfrentar el reto de no poder regresar al trabajo ni generar ingresos. El seguro de compensaci\u00f3n laboral existe para brindar alivio financiero a los empleados que se lesionan o enferman en el trabajo. Este programa, exigido por el estado, est\u00e1 dise\u00f1ado para apoyar a los trabajadores y proteger a los empleadores de cualquier responsabilidad. A continuaci\u00f3n, detallaremos los diferentes tipos de seguro de compensaci\u00f3n laboral y c\u00f3mo los abogados de E&#038;L, LLP pueden ayudarle a obtener los beneficios a los que tiene derecho. <\/p>\n<p style=\"text-align: center;\"><b>LLAME A NUESTROS ABOGADOS PARA UNA CONSULTA GRATUITA Y SIN COMPROMISO<br \/>\n(213) 213-0000<\/b><\/p>\n<p><b>Preguntas frecuentes<\/b><\/p>\n<p><b>\u00bfQu\u00e9 tipos de seguro de compensaci\u00f3n laboral existen?<\/b><\/p>\n<p>Los beneficios de compensaci\u00f3n laboral generalmente se dividen en cuatro categor\u00edas principales, aunque las leyes y los requisitos espec\u00edficos pueden variar seg\u00fan el estado:<\/p>\n<ul>\n<li>Cobertura m\u00e9dica<br \/>\nEl seguro de compensaci\u00f3n laboral cubre el costo del tratamiento m\u00e9dico por lesiones o enfermedades laborales, que puede incluir:<\/p>\n<ul>\n<li style=\"font-weight: 400;\" aria-level=\"2\"> Visitas m\u00e9dicas <\/li>\n<li style=\"font-weight: 400;\" aria-level=\"2\"> Medicamentos recetados <\/li>\n<li style=\"font-weight: 400;\" aria-level=\"2\"> Hospitalizaciones <\/li>\n<li style=\"font-weight: 400;\" aria-level=\"2\"> Atenci\u00f3n de urgencias <\/li>\n<li style=\"font-weight: 400;\" aria-level=\"2\"> Fisioterapia y terapia ocupacional <\/li>\n<\/ul>\n<\/li>\n<li> Prestaciones por discapacidad\n<p>Si su lesi\u00f3n o enfermedad le impide realizar su trabajo, podr\u00eda tener derecho a un reemplazo parcial del salario. Las prestaciones por discapacidad se dividen en:<\/p>\n<ul>\n<li style=\"font-weight: 400;\" aria-level=\"2\"> Incapacidad parcial temporal (IPT): Usted est\u00e1 parcialmente incapacitado y puede trabajar a tiempo parcial durante la recuperaci\u00f3n. <\/li>\n<li style=\"font-weight: 400;\" aria-level=\"2\"> Incapacidad total temporal (TTD): Usted no puede trabajar por completo durante un tiempo limitado, pero se espera que se recupere. <\/li>\n<li style=\"font-weight: 400;\" aria-level=\"2\"> Incapacidad Parcial Permanente (PPD): Puede regresar al trabajo, pero no a plena capacidad. <\/li>\n<li style=\"font-weight: 400;\" aria-level=\"2\"> Incapacidad Total Permanente (PTD): No puede regresar a su trabajo ni realizar ninguna tarea de forma permanente. <\/li>\n<\/ul>\n<\/li>\n<li> Beneficios de Rehabilitaci\u00f3n\n<p>Si su lesi\u00f3n o enfermedad le impide regresar a su puesto anterior, la compensaci\u00f3n laboral puede brindarle rehabilitaci\u00f3n vocacional. Esto incluye:<\/p>\n<ul>\n<li style=\"font-weight: 400;\" aria-level=\"2\"> Capacitaci\u00f3n laboral <\/li>\n<li style=\"font-weight: 400;\" aria-level=\"2\"> Orientaci\u00f3n profesional <\/li>\n<li style=\"font-weight: 400;\" aria-level=\"2\"> Apoyo para el aprendizaje de una nueva habilidad u oficio <\/li>\n<\/ul>\n<\/li>\n<li> Prestaciones por fallecimiento<br \/>\nEn caso de fallecimiento de un trabajador a causa de un accidente o enfermedad laboral, se pueden proporcionar prestaciones econ\u00f3micas a sus dependientes. Estas suelen incluir:<\/p>\n<ul>\n<li style=\"font-weight: 400;\" aria-level=\"2\"> Gastos funerarios y de entierro <\/li>\n<li style=\"font-weight: 400;\" aria-level=\"2\"> Reemplazo de ingresos para el c\u00f3nyuge e hijos menores <\/li>\n<\/ul>\n<\/li>\n<\/ul>\n<p style=\"text-align: center;\"><b>LLAME A NUESTROS ABOGADOS PARA UNA CONSULTA GRATUITA Y SIN COMPROMISO<br \/>\n(213) 213-0000<\/b><\/p>\n<p><b>\u00bfC\u00f3mo puede ayudarle un abogado especializado en compensaci\u00f3n laboral?<\/b><\/p>\n<p>Si bien la compensaci\u00f3n laboral est\u00e1 dise\u00f1ada para proteger a los empleados, a veces se deniegan injustamente reclamaciones leg\u00edtimas. Las compa\u00f1\u00edas de seguros y los empleadores pueden intentar reducir o retrasar sus beneficios. Ah\u00ed es donde entra en juego un abogado especializado en compensaci\u00f3n laboral. En E&#038;L, LLP, le guiamos durante todo el proceso para garantizar la protecci\u00f3n de sus derechos. Nuestros abogados:<\/p>\n<ul>\n<li> Se comunicar\u00e1n y negociar\u00e1n directamente con la compa\u00f1\u00eda de seguros <\/li>\n<li> Recopilar\u00e1n y presentar\u00e1n evidencia m\u00e9dica para respaldar su reclamo <\/li>\n<li> Negociar\u00e1n un acuerdo favorable <\/li>\n<li> Lo representar\u00e1n en audiencias o apelaciones <\/li>\n<li> Lo ayudar\u00e1n a presentar una apelaci\u00f3n si su reclamo es denegado <\/li>\n<\/ul>\n<p><b>Hable con un abogado con experiencia en compensaci\u00f3n laboral<\/b><\/p>\n<p>Si se lesion\u00f3 o enferm\u00f3 debido a un incidente laboral, merece recibir todos los beneficios que le corresponden por ley. Sin embargo, navegar el proceso de reclamo solo puede ser abrumador, especialmente cuando se enfrenta a la resistencia de su empleador o su aseguradora.<\/p>\n<p>En E&#038;L, LLP, nuestros abogados con experiencia en compensaci\u00f3n laboral se dedican a luchar por los derechos de los trabajadores lesionados. Trabajaremos incansablemente para ayudarlo a obtener una compensaci\u00f3n por sus gastos m\u00e9dicos, salarios perdidos y m\u00e1s. <\/p>\n<p style=\"text-align: center;\"><b>LLAME A NUESTROS ABOGADOS PARA UNA CONSULTA GRATUITA Y SIN COMPROMISO<br \/>\n(213) 213-0000<\/b><\/p>\n<p style=\"text-align: center;\"><b>NO COBRAMOS HASTA QUE USTED COBRE. ESA ES NUESTRA GARANT\u00cdA.<\/b><\/p>\n<\/div>\n<\/div><\/div><\/div>\n","protected":false},"excerpt":{"rendered":"","protected":false},"author":1,"featured_media":0,"parent":0,"menu_order":0,"comment_status":"closed","ping_status":"closed","template":"","meta":{"footnotes":""},"class_list":["post-1166","page","type-page","status-publish","hentry"],"_links":{"self":[{"href":"https:\/\/ebralavi.com\/tusabogadoslaborales\/wp-json\/wp\/v2\/pages\/1166","targetHints":{"allow":["GET"]}}],"collection":[{"href":"https:\/\/ebralavi.com\/tusabogadoslaborales\/wp-json\/wp\/v2\/pages"}],"about":[{"href":"https:\/\/ebralavi.com\/tusabogadoslaborales\/wp-json\/wp\/v2\/types\/page"}],"author":[{"embeddable":true,"href":"https:\/\/ebralavi.com\/tusabogadoslaborales\/wp-json\/wp\/v2\/users\/1"}],"replies":[{"embeddable":true,"href":"https:\/\/ebralavi.com\/tusabogadoslaborales\/wp-json\/wp\/v2\/comments?post=1166"}],"version-history":[{"count":5,"href":"https:\/\/ebralavi.com\/tusabogadoslaborales\/wp-json\/wp\/v2\/pages\/1166\/revisions"}],"predecessor-version":[{"id":1502,"href":"https:\/\/ebralavi.com\/tusabogadoslaborales\/wp-json\/wp\/v2\/pages\/1166\/revisions\/1502"}],"wp:attachment":[{"href":"https:\/\/ebralavi.com\/tusabogadoslaborales\/wp-json\/wp\/v2\/media?parent=1166"}],"curies":[{"name":"wp","href":"https:\/\/api.w.org\/{rel}","templated":true}]}}