{"id":1164,"date":"2025-01-28T17:01:50","date_gmt":"2025-01-28T17:01:50","guid":{"rendered":"https:\/\/tusabogadoslaboral.com\/?page_id=1164"},"modified":"2025-04-29T15:31:45","modified_gmt":"2025-04-29T15:31:45","slug":"how-long-do-i-have-to-see-a-doctor-after-a-work-injury","status":"publish","type":"page","link":"https:\/\/ebralavi.com\/tusabogadoslaborales\/how-long-do-i-have-to-see-a-doctor-after-a-work-injury\/","title":{"rendered":"\u00bfCu\u00e1nto tiempo debo consultar con un m\u00e9dico despu\u00e9s de una lesi\u00f3n laboral?"},"content":{"rendered":"<div class=\"dm-service-section \"><div class=\"dm-container\"><div class=\"dm-flex\">\n<div class=\"dm-full wow fadeInRight\">\n<p>\u00bfCu\u00e1nto tiempo tengo para consultar a un m\u00e9dico despu\u00e9s de una lesi\u00f3n laboral?<\/p>\n<p>Aunque no haya una fecha l\u00edmite espec\u00edfica para buscar atenci\u00f3n m\u00e9dica despu\u00e9s de una lesi\u00f3n laboral, actuar con prontitud es crucial. Retrasar la atenci\u00f3n m\u00e9dica puede tener consecuencias significativas para su salud y su reclamo de compensaci\u00f3n laboral. A continuaci\u00f3n, explicamos por qu\u00e9 es esencial consultar a un m\u00e9dico lo antes posible.<\/p>\n<p>\u00bfPor qu\u00e9 es importante la atenci\u00f3n m\u00e9dica inmediata?<\/p>\n<p>Proteja su salud. La atenci\u00f3n m\u00e9dica inmediata puede marcar la diferencia entre una recuperaci\u00f3n sin problemas y complicaciones a largo plazo, o incluso afecciones potencialmente mortales, seg\u00fan la gravedad de sus lesiones. Por ejemplo, una cortadura profunda sufrida al operar una herramienta el\u00e9ctrica puede parecer manejable al principio, pero podr\u00eda provocar una infecci\u00f3n grave si no se trata.<\/p>\n<p>Fortalezca su reclamo de compensaci\u00f3n laboral. Las demoras en buscar tratamiento m\u00e9dico pueden poner en riesgo su reclamo. Por ejemplo:<\/p>\n<ul>\n<li style=\"font-weight: 400;\" aria-level=\"2\">Las aseguradoras podr\u00edan argumentar que sus lesiones empeoraron porque no actu\u00f3 con prontitud.<\/li>\n<li style=\"font-weight: 400;\" aria-level=\"2\">Si no hay documentaci\u00f3n inmediata, podr\u00edan cuestionar si la lesi\u00f3n ocurri\u00f3 en el trabajo.<\/li>\n<li style=\"font-weight: 400;\" aria-level=\"2\">Podr\u00eda tener que demostrar que sus lesiones est\u00e1n relacionadas con el trabajo, lo cual puede ser dif\u00edcil sin evidencia m\u00e9dica oportuna.<\/li>\n<\/ul>\n<\/li>\n<\/ol>\n<p>Cuanto antes consulte a un m\u00e9dico, m\u00e1s s\u00f3lido ser\u00e1 su caso al presentar una reclamaci\u00f3n.<\/p>\n<p style=\"text-align: center;\"><b>LLAME A NUESTROS ABOGADOS PARA UNA CONSULTA GRATUITA Y SIN COMPROMISO<br \/>\n(213) 213-0000<\/b><\/p>\n<p><b>PREGUNTAS FRECUENTES<\/b><br \/>\n<strong>\u00bfQu\u00e9 debo hacer despu\u00e9s de lesionarme en el trabajo?<\/strong><\/p>\n<p>Si sufri\u00f3 una lesi\u00f3n laboral, siga estos pasos:<\/p>\n<ol>\n<li>Busque atenci\u00f3n m\u00e9dica inmediata. Su salud es nuestra prioridad. Incluso las lesiones menores deben ser examinadas por un m\u00e9dico, ya que algunas afecciones, como lesiones internas o da\u00f1os en los tejidos blandos, pueden no presentar s\u00edntomas de inmediato.<\/li>\n<li>Notifique a su empleador. Informe a su empleador sobre el incidente lo antes posible. Este paso es necesario para iniciar el proceso de reclamaci\u00f3n de compensaci\u00f3n laboral. Su empleador debe proporcionar la documentaci\u00f3n requerida.<\/li>\n<li>Documente las pruebas. Re\u00fana informaci\u00f3n para respaldar su reclamaci\u00f3n, como:\n<ul>\n<li style=\"font-weight: 400;\" aria-level=\"2\">Fotos o videos de sus lesiones<\/li>\n<li style=\"font-weight: 400;\" aria-level=\"2\">Historial m\u00e9dico<\/li>\n<li style=\"font-weight: 400;\" aria-level=\"2\">Declaraciones de testigos<\/li>\n<li style=\"font-weight: 400;\" aria-level=\"2\">Im\u00e1genes de seguridad (si est\u00e1n disponibles)<\/li>\n<\/ul>\n<\/li>\n<p> \tConsulte con un abogado especializado en compensaci\u00f3n laboral. Si sus lesiones son graves o tiene problemas con su reclamaci\u00f3n, contacte con un abogado con experiencia. En E&#038;L, LLP, podemos guiarle en el proceso y ayudarle a obtener la compensaci\u00f3n que merece.<\/p>\n<p>\u00bfDeber\u00eda consultar con un m\u00e9dico por lesiones leves?<\/p>\n<p>S\u00ed, incluso si sus lesiones parecen leves, es fundamental consultar con un profesional m\u00e9dico. Algunas lesiones, como da\u00f1os internos o lesiones por esfuerzo repetitivo, pueden no manifestarse de inmediato. Por ejemplo, un resbal\u00f3n y ca\u00edda puede provocar lesiones no detectadas que podr\u00edan empeorar con el tiempo si no se tratan.<\/p>\n<p>\u00bfCu\u00e1les son algunas lesiones laborales comunes?<\/p>\n<p>Las lesiones laborales pueden variar ampliamente seg\u00fan la naturaleza del trabajo. Ejemplos comunes incluyen:<\/p>\n<ul>\n<li>Lesiones en la cabeza<\/li>\n<li>Fracturas<\/li>\n<li>Cortes y moretones<\/li>\n<li>Conmociones cerebrales<\/li>\n<li>Quemaduras<\/li>\n<li>Distensiones y esguinces<\/li>\n<li>Latigazo cervical<\/li>\n<\/ul>\n<p style=\"text-align: center;\"><b>LLAME A NUESTROS ABOGADOS PARA UNA CONSULTA GRATUITA Y SIN COMPROMISO<br \/>\n(213) 213-0000<\/b><\/p>\n<ul>\n<li aria-level=\"1\"><b>\u00bfTodas las lesiones son elegibles para compensaci\u00f3n?<\/b><\/li>\n<\/ul>\n<p>No todas las lesiones est\u00e1n cubiertas por el seguro de compensaci\u00f3n laboral. La cobertura generalmente depende de las circunstancias que rodean la lesi\u00f3n. Por ejemplo:<\/p>\n<ul>\n<li>Cubierto: Accidentes ocurridos durante las tareas laborales regulares<\/li>\n<li>No cubierto: Lesiones causadas por intoxicaci\u00f3n, negligencia o actos intencionales<\/li>\n<\/ul>\n<p>Si su empleador cuestiona su elegibilidad, consulte con un abogado para obtener ayuda. <\/p>\n<ul>\n<li aria-level=\"1\"><b>\u00bfCu\u00e1ndo debo presentar una reclamaci\u00f3n de indemnizaci\u00f3n laboral?<\/b><\/li>\n<\/ul>\n<p>Si bien suele ser recomendable presentar una reclamaci\u00f3n inmediatamente despu\u00e9s de la lesi\u00f3n, existen excepciones. Por ejemplo:<\/p>\n<ul>\n<li>Si a\u00fan recibe tratamiento m\u00e9dico, esperar para presentarla puede ayudarle a garantizar que su reclamaci\u00f3n cubra todos los gastos pasados, presentes y futuros.<\/li>\n<li>Consulte con un abogado para determinar el mejor momento para presentar su reclamaci\u00f3n y maximizar sus beneficios.<\/li>\n<\/ul>\n<ul>\n<li aria-level=\"1\"><b>\u00bfPuedo demandar a mi empleador por una lesi\u00f3n laboral?<\/b><\/li>\n<\/ul>\n<p>En la mayor\u00eda de los casos, las leyes de compensaci\u00f3n laboral protegen a los empleadores de demandas, pero existen excepciones:<\/p>\n<ul>\n<li>Si su empleador caus\u00f3 directamente su lesi\u00f3n mediante mala conducta intencional<\/li>\n<li>Si un tercero (por ejemplo, un repartidor) caus\u00f3 su lesi\u00f3n<\/li>\n<li>Si su empleador no le proporcion\u00f3 el seguro de compensaci\u00f3n laboral seg\u00fan lo exige la ley<\/li>\n<\/ul>\n<p style=\"text-align: center;\"><b>LLAME A NUESTROS ABOGADOS PARA UNA CONSULTA GRATUITA Y SIN COMPROMISO<br \/>\n(213) 213-0000<\/b><\/p>\n<ul>\n<li aria-level=\"1\"><b>\u00bfQu\u00e9 da\u00f1os puedo recuperar a trav\u00e9s de la compensaci\u00f3n laboral?<\/b><\/li>\n<\/ul>\n<p>Los beneficios t\u00edpicos incluyen:<\/p>\n<ul>\n<li>Gastos m\u00e9dicos<\/li>\n<li>Salarios perdidos<\/li>\n<li>Beneficios por discapacidad<\/li>\n<li>Capacitaci\u00f3n vocacional Rehabilitaci\u00f3n<\/li>\n<li>Beneficios por fallecimiento (para dependientes sobrevivientes)<\/li>\n<\/ul>\n<ul>\n<li aria-level=\"1\"><b>\u00bfQu\u00e9 debo hacer si mi empleador rechaza mi reclamo de compensaci\u00f3n laboral?<\/b><\/li>\n<\/ul>\n<p>Si su empleador afirma que no es elegible para recibir beneficios, no acepte su decisi\u00f3n sin m\u00e1s. Los empleadores pueden intentar desalentar los reclamos para evitar primas de seguro m\u00e1s altas o proteger su reputaci\u00f3n. Algunas t\u00e1cticas comunes incluyen:<\/p>\n<ul>\n<li>Clasificar err\u00f3neamente a los empleados como contratistas independientes<\/li>\n<li>Afirmar que las lesiones ocurrieron fuera del trabajo<\/li>\n<li>Negar la gravedad de las lesiones<\/li>\n<\/ul>\n<p>Si cree que su reclamo ha sido rechazado injustamente, consulte con un abogado de inmediato. En E&#038;L, LLP, podemos revisar su caso y luchar por la compensaci\u00f3n que merece. <\/p>\n<ul>\n<li aria-level=\"1\"><b>\u00bfCu\u00e1ndo debo contactar a un abogado especializado en compensaci\u00f3n laboral?<\/b><\/li>\n<\/ul>\n<p>No todos los casos requieren representaci\u00f3n legal, pero deber\u00eda contactar a un abogado si:<\/p>\n<ul>\n<li>Sus lesiones son graves o requieren un tratamiento costoso<\/li>\n<li>No puede regresar al trabajo por un per\u00edodo prolongado<\/li>\n<li>Su empleador disputa su reclamo<\/li>\n<li>Le ofrecen un acuerdo que parece insuficiente<\/li>\n<li>Un tercero podr\u00eda ser responsable de sus lesiones<\/li>\n<\/ul>\n<ul>\n<li aria-level=\"1\"><b>\u00bfCu\u00e1l es la diferencia entre una reclamaci\u00f3n de compensaci\u00f3n laboral y una demanda por lesiones personales?<\/b><\/li>\n<\/ul>\n<ul>\n<li>Reclamaci\u00f3n de compensaci\u00f3n laboral: Cubre gastos m\u00e9dicos, salarios perdidos y otros beneficios laborales. No es necesario demostrar culpa.<\/li>\n<li>Demanda por lesiones personales: Permite la recuperaci\u00f3n de da\u00f1os econ\u00f3micos (p. ej., facturas m\u00e9dicas, salarios perdidos) y no econ\u00f3micos (p. ej., dolor y sufrimiento, angustia emocional). Se debe establecer la culpa.<\/li>\n<\/ul>\n<ul>\n<li aria-level=\"1\"><b>\u00bfC\u00f3mo puede ayudar E&#038;L, LLP?<\/b><\/li>\n<\/ul>\n<p>En E&#038;L, LLP, nuestros abogados expertos en compensaci\u00f3n laboral pueden:<\/p>\n<ul>\n<li>Evaluar su caso para garantizar su validez<\/li>\n<li>Recopilar pruebas para fortalecer su reclamo<\/li>\n<li>Negociar con las compa\u00f1\u00edas de seguros para obtener una compensaci\u00f3n justa<\/li>\n<li>Explorar opciones legales adicionales, como demandas de terceros<\/li>\n<\/ul>\n<p><b>\u00bfPor qu\u00e9 elegir E&#038;L, LLP?<\/b><\/p>\n<p>Entendemos los desaf\u00edos que enfrentan los trabajadores lesionados, desde facturas m\u00e9dicas hasta la p\u00e9rdida de ingresos. En E&#038;L, LLP, nos comprometemos a obtener el mejor resultado posible para su caso. Nuestra garant\u00eda de no cobrar si no ganamos le garantiza que no nos pagar\u00e1 hasta que reciba una compensaci\u00f3n.<\/p>\n<p style=\"text-align: center;\"><b>LLAME A NUESTROS ABOGADOS PARA UNA CONSULTA GRATUITA Y SIN COMPROMISO<br \/>\n(213) 213-0000<\/b><\/p>\n<p style=\"text-align: center;\"><b>NO COBRAMOS HASTA QUE USTED RECIBA SU PAGO. ESA ES NUESTRA GARANT\u00cdA.<\/b><\/p>\n<\/div>\n<\/div><\/div><\/div>\n","protected":false},"excerpt":{"rendered":"","protected":false},"author":1,"featured_media":0,"parent":0,"menu_order":0,"comment_status":"closed","ping_status":"closed","template":"","meta":{"footnotes":""},"class_list":["post-1164","page","type-page","status-publish","hentry"],"_links":{"self":[{"href":"https:\/\/ebralavi.com\/tusabogadoslaborales\/wp-json\/wp\/v2\/pages\/1164","targetHints":{"allow":["GET"]}}],"collection":[{"href":"https:\/\/ebralavi.com\/tusabogadoslaborales\/wp-json\/wp\/v2\/pages"}],"about":[{"href":"https:\/\/ebralavi.com\/tusabogadoslaborales\/wp-json\/wp\/v2\/types\/page"}],"author":[{"embeddable":true,"href":"https:\/\/ebralavi.com\/tusabogadoslaborales\/wp-json\/wp\/v2\/users\/1"}],"replies":[{"embeddable":true,"href":"https:\/\/ebralavi.com\/tusabogadoslaborales\/wp-json\/wp\/v2\/comments?post=1164"}],"version-history":[{"count":5,"href":"https:\/\/ebralavi.com\/tusabogadoslaborales\/wp-json\/wp\/v2\/pages\/1164\/revisions"}],"predecessor-version":[{"id":1522,"href":"https:\/\/ebralavi.com\/tusabogadoslaborales\/wp-json\/wp\/v2\/pages\/1164\/revisions\/1522"}],"wp:attachment":[{"href":"https:\/\/ebralavi.com\/tusabogadoslaborales\/wp-json\/wp\/v2\/media?parent=1164"}],"curies":[{"name":"wp","href":"https:\/\/api.w.org\/{rel}","templated":true}]}}