{"id":1156,"date":"2025-01-28T16:56:51","date_gmt":"2025-01-28T16:56:51","guid":{"rendered":"https:\/\/tusabogadoslaboral.com\/?page_id=1156"},"modified":"2025-04-30T09:21:26","modified_gmt":"2025-04-30T09:21:26","slug":"how-to-find-the-best-work-related-injury-lawyer-near-me","status":"publish","type":"page","link":"https:\/\/ebralavi.com\/tusabogadoslaborales\/how-to-find-the-best-work-related-injury-lawyer-near-me\/","title":{"rendered":"C\u00f3mo encontrar al mejor abogado especializado en lesiones laborales cerca de m\u00ed"},"content":{"rendered":"<div class=\"dm-service-section \"><div class=\"dm-container\"><div class=\"dm-flex\">\n<div class=\"dm-full wow fadeInRight\">\n<p>  Las lesiones laborales ocurren m\u00e1s frecuentemente de lo que podr\u00eda pensar. Seg\u00fan la Oficina de Estad\u00edsticas Laborales de EE. UU. (BLS), se reportaron 2.8 millones de lesiones laborales en 2018. Si ha resultado herido en el trabajo, es posible que tenga derecho a beneficios de compensaci\u00f3n laboral, incluidos los gastos m\u00e9dicos, la p\u00e9rdida de ingresos y la discapacidad. Sin embargo, recuperar lo que le corresponde despu\u00e9s de una lesi\u00f3n laboral puede ser desafiante, especialmente si su empleador o su aseguradora impugnan su reclamaci\u00f3n.<\/p>\n<p>  En E&amp;L, LLP, nos dedicamos a ayudar a los trabajadores lesionados a obtener la compensaci\u00f3n que merecen. Permita que nuestros abogados experimentados en lesiones laborales eval\u00faen su caso y exploren todas las opciones legales disponibles para usted.<\/p>\n<p style=\"text-align: center;\"><b>LLAME A NUESTROS ABOGADOS PARA UNA CONSULTA GRATUITA Y SIN OBLIGACI\u00d3N<br \/>\n (213) 213-0000<\/b><\/p>\n<p><b>C\u00f3mo Encontrar el Abogado Adecuado para su Lesi\u00f3n Laboral<\/b><\/p>\n<p>  Contratar al abogado adecuado para manejar su caso es crucial para asegurar el mejor resultado. Aqu\u00ed hay algunas formas de encontrar un abogado de lesiones laborales calificado y confiable:<\/p>\n<p>  Recomendaciones de Boca a Boca  <\/p>\n<ul>\n<li>  Pregunte a su Red: Hable con compa\u00f1eros de trabajo, amigos o familiares que hayan pasado por una situaci\u00f3n similar. Ellos pueden recomendarle un abogado que haya manejado con \u00e9xito su caso.  <\/li>\n<li>  Comun\u00edquese con Otros Abogados: Si ha trabajado previamente con un abogado en otro campo, es posible que le remitan a un abogado de compensaci\u00f3n laboral de buena reputaci\u00f3n.  <\/li>\n<\/ul>\n<p>  Investigaci\u00f3n en L\u00ednea  <\/p>\n<ul>\n<li>  Busque Localmente: Use motores de b\u00fasqueda para encontrar abogados de lesiones laborales cerca de usted. Preste mucha atenci\u00f3n a las rese\u00f1as, testimonios y calificaciones de clientes anteriores.  <\/li>\n<li>  Consulte Directorios Legales: Sitios web como Avvo, Martindale-Hubbell y Super Lawyers proporcionan informaci\u00f3n valiosa sobre la experiencia de los abogados, sus especialidades y rese\u00f1as de clientes.  <\/li>\n<\/ul>\n<p><b>Qu\u00e9 Buscar en un Abogado de Lesiones Laborales<\/b><\/p>\n<p><b>Para asegurarse de elegir al abogado adecuado, considere los siguientes factores:<\/b><\/p>\n<p><b>Experiencia y Trayectoria<\/b><\/p>\n<p>  Busque un abogado con amplia experiencia manejando casos de lesiones laborales similares al suyo. Pregunte sobre su tasa de \u00e9xito y los resultados notables que haya logrado para sus clientes.<\/p>\n<p><b>Comunicaci\u00f3n y Accesibilidad<\/b><\/p>\n<p>  Una buena comunicaci\u00f3n es vital. Pregunte a los abogados potenciales con qu\u00e9 frecuencia le proporcionar\u00e1n actualizaciones sobre su caso y qu\u00e9 tan f\u00e1cil ser\u00e1 contactarlos si tiene preguntas.<\/p>\n<p><b>Consultas Gratuitas<\/b><\/p>\n<p>  Muchos abogados de lesiones laborales ofrecen consultas iniciales gratuitas. Aproveche esta oportunidad para conocer al abogado, discutir su caso y hacer preguntas para evaluar su experiencia y enfoque.<\/p>\n<p><b>Conexi\u00f3n Personal<\/b><\/p>\n<p>  Conf\u00ede en su instinto. Es importante sentirse c\u00f3modo con su abogado, ya que trabajar\u00e1n estrechamente durante todo el proceso.<\/p>\n<p style=\"text-align: center;\"><b>LLAME A NUESTROS ABOGADOS PARA UNA CONSULTA GRATUITA Y SIN OBLIGACI\u00d3N<br \/>\n (213) 213-0000<\/b><\/p>\n<p><b>Preguntas que Hacer en su Consulta Inicial<\/b><\/p>\n<p>  Durante su primera reuni\u00f3n, considere hacer estas preguntas:  <\/p>\n<ul>\n<li>  \u00bfTengo una reclamaci\u00f3n de compensaci\u00f3n laboral o un caso de lesiones personales?  <\/li>\n<li>  \u00bfQu\u00e9 estrategia recomendar\u00eda para mi situaci\u00f3n?  <\/li>\n<li>  \u00bfCu\u00e1ntos a\u00f1os ha manejado casos de lesiones laborales?  <\/li>\n<li>  \u00bfCu\u00e1les son los resultados t\u00edpicos para casos como el m\u00edo?  <\/li>\n<li>  \u00bfHa manejado casos que fueron a juicio? Si es as\u00ed, \u00bfcu\u00e1les fueron los resultados?  <\/li>\n<li>  \u00bfQui\u00e9n manejar\u00e1 mi caso?  <\/li>\n<li>  \u00bfCon qu\u00e9 frecuencia recibir\u00e9 actualizaciones?  <\/li>\n<li>  \u00bfCu\u00e1les son sus honorarios y hay costos iniciales?  <\/li>\n<li>  \u00bfQu\u00e9 sucede si pierdo mi caso?  <\/li>\n<\/ul>\n<p>  Lleve la documentaci\u00f3n relevante, como registros m\u00e9dicos, informes del incidente e informaci\u00f3n sobre la reclamaci\u00f3n de compensaci\u00f3n laboral, para proporcionar al abogado una imagen clara de su caso.<\/p>\n<p><b>Sus Pr\u00f3ximos Pasos Despu\u00e9s de una Lesi\u00f3n Laboral<\/b><\/p>\n<p>  Si ha resultado herido en el trabajo, siga estos pasos para proteger sus derechos legales y construir un caso s\u00f3lido:  <\/p>\n<ol>\n<li><b> Reporte su Lesi\u00f3n Inmediatamente<\/b><\/li>\n<\/ol>\n<p>  Notifique a su empleador o supervisor lo antes posible. Los retrasos en el reporte pueden poner en peligro su capacidad para presentar una reclamaci\u00f3n de compensaci\u00f3n laboral.  <\/p>\n<ol start=\"2\">\n<li><b> Complete un Informe de Lesi\u00f3n<\/b><\/li>\n<\/ol>\n<p>  Solicite un informe de lesiones por escrito a su empleador y aseg\u00farese de que se complete con precisi\u00f3n. Guarde una copia para sus registros.  <\/p>\n<ol start=\"3\">\n<li><b> Busque Atenci\u00f3n M\u00e9dica<\/b><\/li>\n<\/ol>\n<p>  Incluso si sus lesiones parecen menores, consulte a un m\u00e9dico de inmediato. Algunas lesiones, como conmociones cerebrales o da\u00f1os internos, pueden no mostrar s\u00edntomas de inmediato. Los registros m\u00e9dicos tambi\u00e9n servir\u00e1n como evidencia crucial para su reclamaci\u00f3n.  <\/p>\n<ol start=\"4\">\n<li><b> Documente Todo<\/b><\/li>\n<\/ol>\n<p>  Re\u00fana evidencia para respaldar su reclamaci\u00f3n, incluyendo:  <\/p>\n<ul>\n<li>  Fotos y videos de sus lesiones  <\/li>\n<li>  Declaraciones de testigos  <\/li>\n<li>  Copias de los informes m\u00e9dicos  <\/li>\n<li>  Videos de seguridad (si est\u00e1n disponibles)  <\/li>\n<\/ul>\n<ol start=\"5\">\n<li><b> Consulte con un Abogado<\/b><\/li>\n<\/ol>\n<p>  P\u00f3ngase en contacto con un abogado especializado en lesiones laborales para discutir sus opciones y recibir orientaci\u00f3n sobre c\u00f3mo proceder.  <\/p>\n<p style=\"text-align: center;\"><b>LLAME A NUESTROS ABOGADOS PARA UNA CONSULTA GRATUITA Y SIN OBLIGACI\u00d3N<br \/>\n (213) 213-0000<\/b><\/p>\n<p><b>Opciones de Compensaci\u00f3n Despu\u00e9s de una Lesi\u00f3n Laboral<\/b><\/p>\n<ol>\n<li><b> Compensaci\u00f3n Laboral<\/b><\/li>\n<\/ol>\n<p>  Los beneficios de compensaci\u00f3n laboral generalmente cubren:  <\/p>\n<ul>\n<li>  Gastos m\u00e9dicos  <\/li>\n<li>  Reemplazo parcial de salarios  <\/li>\n<li>  Rehabilitaci\u00f3n vocacional  <\/li>\n<li>  Beneficios por muerte para los miembros sobrevivientes de la familia  <\/li>\n<\/ul>\n<ol start=\"2\">\n<li><b> Demanda por Lesiones Personales<\/b><\/li>\n<\/ol>\n<p>  Si un tercero (por ejemplo, un contratista o fabricante de equipos) caus\u00f3 su lesi\u00f3n, es posible que pueda presentar una demanda por lesiones personales para recuperar da\u00f1os adicionales, como dolor y sufrimiento.  <\/p>\n<ol start=\"3\">\n<li><b> Da\u00f1os No Econ\u00f3micos<\/b><\/li>\n<\/ol>\n<p>  La compensaci\u00f3n laboral no cubre da\u00f1os no econ\u00f3micos como angustia emocional. Sin embargo, una demanda por lesiones personales puede permitirle recuperar compensaci\u00f3n por estas p\u00e9rdidas.<\/p>\n<p><b>\u00bfPor Qu\u00e9 Elegir E&amp;L, LLP?<\/b><\/p>\n<p>  En E&amp;L, LLP, entendemos lo desafiante que puede ser navegar por el sistema de compensaci\u00f3n laboral, especialmente cuando se enfrenta a la resistencia de empleadores o aseguradoras. Nuestros abogados est\u00e1n comprometidos en luchar por la m\u00e1xima compensaci\u00f3n que merece, ya sea a trav\u00e9s de beneficios de compensaci\u00f3n laboral o acciones legales adicionales.<\/p>\n<p>  Esto es lo que podemos hacer por usted:  <\/p>\n<ul>\n<li>  Evaluar su caso para determinar la mejor estrategia legal  <\/li>\n<li>  Reunir evidencia para respaldar su reclamaci\u00f3n  <\/li>\n<li>  Manejar las negociaciones con las compa\u00f1\u00edas de seguros  <\/li>\n<li>  Representarlo en audiencias de compensaci\u00f3n laboral o en juicio  <\/li>\n<li>  Explorar la responsabilidad de terceros para obtener compensaci\u00f3n adicional  <\/li>\n<\/ul>\n<p><b>Deje que E&amp;L, LLP Luche por Usted<\/b><\/p>\n<p>  No debe enfrentar las consecuencias de una lesi\u00f3n laboral solo. Ya sea que est\u00e9 presentando una reclamaci\u00f3n de compensaci\u00f3n laboral, persiguiendo una demanda o ambas cosas, nuestros abogados experimentados estar\u00e1n a su lado en cada paso del proceso.<\/p>\n<p style=\"text-align: center;\"><b>LLAME A NUESTROS ABOGADOS PARA UNA CONSULTA GRATUITA Y SIN OBLIGACI\u00d3N<br \/>\n (213) 213-0000<\/b><\/p>\n<p style=\"text-align: center;\"><b>NO RECIBIMOS PAGO HASTA QUE USTED RECIBA EL SUYO. ESA ES NUESTRA GARANT\u00cdA.<\/b><\/p>\n<\/div><\/p>\n<\/div><\/div><\/div>\n","protected":false},"excerpt":{"rendered":"","protected":false},"author":1,"featured_media":0,"parent":0,"menu_order":0,"comment_status":"closed","ping_status":"closed","template":"","meta":{"footnotes":""},"class_list":["post-1156","page","type-page","status-publish","hentry"],"_links":{"self":[{"href":"https:\/\/ebralavi.com\/tusabogadoslaborales\/wp-json\/wp\/v2\/pages\/1156","targetHints":{"allow":["GET"]}}],"collection":[{"href":"https:\/\/ebralavi.com\/tusabogadoslaborales\/wp-json\/wp\/v2\/pages"}],"about":[{"href":"https:\/\/ebralavi.com\/tusabogadoslaborales\/wp-json\/wp\/v2\/types\/page"}],"author":[{"embeddable":true,"href":"https:\/\/ebralavi.com\/tusabogadoslaborales\/wp-json\/wp\/v2\/users\/1"}],"replies":[{"embeddable":true,"href":"https:\/\/ebralavi.com\/tusabogadoslaborales\/wp-json\/wp\/v2\/comments?post=1156"}],"version-history":[{"count":4,"href":"https:\/\/ebralavi.com\/tusabogadoslaborales\/wp-json\/wp\/v2\/pages\/1156\/revisions"}],"predecessor-version":[{"id":1564,"href":"https:\/\/ebralavi.com\/tusabogadoslaborales\/wp-json\/wp\/v2\/pages\/1156\/revisions\/1564"}],"wp:attachment":[{"href":"https:\/\/ebralavi.com\/tusabogadoslaborales\/wp-json\/wp\/v2\/media?parent=1156"}],"curies":[{"name":"wp","href":"https:\/\/api.w.org\/{rel}","templated":true}]}}