{"id":1153,"date":"2025-01-28T16:56:09","date_gmt":"2025-01-28T16:56:09","guid":{"rendered":"https:\/\/tusabogadoslaboral.com\/?page_id=1153"},"modified":"2025-05-06T16:09:50","modified_gmt":"2025-05-06T16:09:50","slug":"knee-injury-workers-compensation","status":"publish","type":"page","link":"https:\/\/ebralavi.com\/tusabogadoslaborales\/knee-injury-workers-compensation\/","title":{"rendered":"Compensaci\u00f3n laboral por lesiones de rodilla"},"content":{"rendered":"<div class=\"dm-service-section \"><div class=\"dm-container\"><div class=\"dm-flex\">\n<div class=\"dm-full wow fadeInRight\">\n<h3><img loading=\"lazy\" decoding=\"async\" src=\"https:\/\/ebralavi.com\/tusabogadoslaborales\/wp-content\/uploads\/2025\/01\/knee-pain-1-300x189.jpg\" alt=\"\" width=\"300\" height=\"189\" class=\"alignright size-medium wp-image-1154\" srcset=\"https:\/\/ebralavi.com\/tusabogadoslaborales\/wp-content\/uploads\/2025\/01\/knee-pain-1-300x189.jpg 300w, https:\/\/ebralavi.com\/tusabogadoslaborales\/wp-content\/uploads\/2025\/01\/knee-pain-1-1024x646.jpg 1024w, https:\/\/ebralavi.com\/tusabogadoslaborales\/wp-content\/uploads\/2025\/01\/knee-pain-1-768x485.jpg 768w, https:\/\/ebralavi.com\/tusabogadoslaborales\/wp-content\/uploads\/2025\/01\/knee-pain-1.jpg 1390w\" sizes=\"auto, (max-width: 300px) 100vw, 300px\" \/>Compensaci\u00f3n Laboral por Lesi\u00f3n en la Rodilla<\/h3>\n<p>  Las lesiones en la rodilla pueden alterar la vida, a menudo requiriendo per\u00edodos de recuperaci\u00f3n extensos, fisioterapia y, en algunos casos, cirug\u00eda. Si tu lesi\u00f3n en la rodilla ocurri\u00f3 en el trabajo, puedes esperar que la compensaci\u00f3n laboral cubra tu tratamiento m\u00e9dico y los salarios perdidos. Sin embargo, el proceso no siempre es sencillo.  <\/p>\n<p>  Los empleadores y las compa\u00f1\u00edas de seguros pueden restar importancia a la gravedad de tu lesi\u00f3n o intentar devaluar tu reclamaci\u00f3n para reducir sus obligaciones financieras. Esto puede ser especialmente desafiante si tu lesi\u00f3n en la rodilla causa da\u00f1o permanente, lo que requiere atenci\u00f3n a largo plazo y apoyo financiero.  <\/p>\n<p>  Si enfrentas desaf\u00edos con tu reclamaci\u00f3n de compensaci\u00f3n laboral despu\u00e9s de una lesi\u00f3n en la rodilla, los abogados de E&amp;L, LLP est\u00e1n aqu\u00ed para ayudarte. Nuestros abogados experimentados en compensaci\u00f3n laboral pueden guiarte a trav\u00e9s del proceso, asegur\u00e1ndose de que comprendas tus derechos y explorando todas las opciones disponibles, incluidos los beneficios semanales por discapacidad o la b\u00fasqueda de un acuerdo.  <\/p>\n<p style=\"text-align: center;\"><b>LLAMA A NUESTROS ABOGADOS PARA UNA CONSULTA GRATUITA SIN OBLIGACI\u00d3N<br \/>\n (213) 213-0000<\/b><\/p>\n<p><b>\u00bfDebo Buscar un Acuerdo de Compensaci\u00f3n Laboral?<\/b><\/p>\n<p>  Aunque los beneficios de compensaci\u00f3n laboral suelen pagarse semanalmente, existen circunstancias en las que buscar un acuerdo puede ser una mejor opci\u00f3n. Un abogado capacitado puede ayudarte a sopesar tus opciones, considerando factores como:  <\/p>\n<ul>\n<li>\u00bfSon debilitantes tus lesiones?<br \/>\n    Los acuerdos suelen buscarse cuando las lesiones son graves, dif\u00edciles de sanar o interfieren con tu capacidad para trabajar o vivir tu vida cotidiana.<\/li>\n<li>\u00bfNo est\u00e1s de acuerdo con los beneficios ofrecidos?<br \/>\n    Si los beneficios proporcionados por tu empleador o la compa\u00f1\u00eda de seguros no son suficientes para cubrir tus necesidades, un acuerdo puede ser una opci\u00f3n viable.<\/li>\n<li>\u00bfNecesitas un pago \u00fanico?<br \/>\n    Los beneficios semanales pueden no ser suficientes para lesiones graves que requieran costos significativos por adelantado, como cirug\u00eda o tratamiento especializado. En tales casos, buscar un acuerdo por pago \u00fanico podr\u00eda ser ventajoso.<\/li>\n<\/ul>\n<p><b>\u00bfC\u00f3mo Se Calculan los Acuerdos por Lesi\u00f3n en la Rodilla?<\/b><\/p>\n<p>  Si decides buscar un acuerdo, el monto depender\u00e1 del impacto de tu lesi\u00f3n en la rodilla en tu vida y capacidad de ingresos futura. Los factores clave incluyen:  <\/p>\n<ul>\n<li>Salarios perdidos debido a la falta de trabajo<\/li>\n<li>Gastos m\u00e9dicos (actuales y futuros)<\/li>\n<li>Capacidad de ganancia reducida<\/li>\n<li>Costos de futuros procedimientos m\u00e9dicos<\/li>\n<li>Lesiones permanentes o cr\u00f3nicas<\/li>\n<li>Discapacidades (parciales o permanentes)<\/li>\n<\/ul>\n<p>  Un abogado experimentado puede asegurarse de que tu acuerdo tenga en cuenta todos los factores relevantes, maximizando tu compensaci\u00f3n.  <\/p>\n<p><b>\u00bfPuedes Permitirte un Abogado?<\/b><\/p>\n<p>  Si tu lesi\u00f3n en la rodilla te ha dejado incapaz de trabajar y luchando por obtener beneficios de compensaci\u00f3n laboral, puedes preocuparte por buscar ayuda legal. En E&amp;L, LLP, trabajamos bajo un sistema de honorarios contingentes, lo que significa que no pagar\u00e1s nada por adelantado. No nos debes nada a menos que ganemos tu caso, y tu consulta siempre es gratuita.  <\/p>\n<p style=\"text-align: center;\"><b>LLAMA A NUESTROS ABOGADOS PARA UNA CONSULTA GRATUITA SIN OBLIGACI\u00d3N<br \/>\n (213) 213-0000<\/b><\/p>\n<p><b>Contacta a E&amp;L, LLP<\/b><\/p>\n<p>  En E&amp;L, LLP, entendemos el impacto f\u00edsico, emocional y financiero que puede causar una lesi\u00f3n en la rodilla. Tambi\u00e9n sabemos lo frustrante que puede ser lidiar con empleadores y compa\u00f1\u00edas de seguros que intentan minimizar tu reclamaci\u00f3n. Es por eso que estamos aqu\u00ed para luchar por ti.  <\/p>\n<p>  Nuestros abogados dedicados en compensaci\u00f3n laboral pueden ayudarte a navegar por el complejo proceso de reclamaciones y apelaciones, asegur\u00e1ndote de que tengas la mejor oportunidad de obtener la compensaci\u00f3n completa y justa que mereces.  <\/p>\n<p style=\"text-align: center;\"><b>LLAMA A NUESTROS ABOGADOS PARA UNA CONSULTA GRATUITA SIN OBLIGACI\u00d3N<br \/>\n (213) 213-0000<\/b><\/p>\n<p style=\"text-align: center;\"><b><br \/>\n NO RECIBIMOS PAGO HASTA QUE T\u00da RECIBAS EL TUYO. ESA ES NUESTRA GARANT\u00cdA.<\/b><\/p>\n<\/div>\n<\/div><\/div><\/div>\n","protected":false},"excerpt":{"rendered":"","protected":false},"author":1,"featured_media":0,"parent":0,"menu_order":0,"comment_status":"closed","ping_status":"closed","template":"","meta":{"footnotes":""},"class_list":["post-1153","page","type-page","status-publish","hentry"],"_links":{"self":[{"href":"https:\/\/ebralavi.com\/tusabogadoslaborales\/wp-json\/wp\/v2\/pages\/1153","targetHints":{"allow":["GET"]}}],"collection":[{"href":"https:\/\/ebralavi.com\/tusabogadoslaborales\/wp-json\/wp\/v2\/pages"}],"about":[{"href":"https:\/\/ebralavi.com\/tusabogadoslaborales\/wp-json\/wp\/v2\/types\/page"}],"author":[{"embeddable":true,"href":"https:\/\/ebralavi.com\/tusabogadoslaborales\/wp-json\/wp\/v2\/users\/1"}],"replies":[{"embeddable":true,"href":"https:\/\/ebralavi.com\/tusabogadoslaborales\/wp-json\/wp\/v2\/comments?post=1153"}],"version-history":[{"count":3,"href":"https:\/\/ebralavi.com\/tusabogadoslaborales\/wp-json\/wp\/v2\/pages\/1153\/revisions"}],"predecessor-version":[{"id":1649,"href":"https:\/\/ebralavi.com\/tusabogadoslaborales\/wp-json\/wp\/v2\/pages\/1153\/revisions\/1649"}],"wp:attachment":[{"href":"https:\/\/ebralavi.com\/tusabogadoslaborales\/wp-json\/wp\/v2\/media?parent=1153"}],"curies":[{"name":"wp","href":"https:\/\/api.w.org\/{rel}","templated":true}]}}