{"id":1143,"date":"2025-01-27T16:43:28","date_gmt":"2025-01-27T16:43:28","guid":{"rendered":"https:\/\/tusabogadoslaboral.com\/?page_id=1143"},"modified":"2025-04-30T09:05:59","modified_gmt":"2025-04-30T09:05:59","slug":"firefighter-lawyers","status":"publish","type":"page","link":"https:\/\/ebralavi.com\/tusabogadoslaborales\/firefighter-lawyers\/","title":{"rendered":"Abogados de bomberos"},"content":{"rendered":"<div class=\"dm-service-section \"><div class=\"dm-container\"><div class=\"dm-flex\">\n<div class=\"dm-full wow fadeInRight\">\n  Los bomberos dedican sus vidas a proteger a sus comunidades, enfrentando a menudo situaciones peligrosas y que amenazan sus vidas. Estos valientes hombres y mujeres son verdaderos h\u00e9roes, merecedores de respeto y apreciaci\u00f3n. Desafortunadamente, algunas organizaciones se aprovechan de los bomberos, especialmente cuando est\u00e1n enfrentando desaf\u00edos legales. Este tipo de explotaci\u00f3n no solo es poco \u00e9tica, sino profundamente perturbadora, dado los sacrificios que los bomberos hacen por la seguridad de los dem\u00e1s.<\/p>\n<p>  Si eres un bombero que necesita asistencia legal, E&amp;L, LLP est\u00e1 aqu\u00ed para ayudarte. Perm\u00edtenos estar a tu lado para luchar por tus derechos y asegurar la compensaci\u00f3n y la justicia que mereces.<\/p>\n<p style=\"text-align: center;\"><b>LLAME A NUESTROS ABOGADOS PARA UNA CONSULTA GRATUITA Y SIN COMPROMISO<br \/>\n (213) 213-0000<\/b><\/p>\n<p><b>\u00bfC\u00f3mo Puede Ayudar un Abogado a los Bomberos?<\/b><\/p>\n<p>  Aunque ser bombero no es un trabajo tradicional, los bomberos enfrentan muchos de los mismos desaf\u00edos que otros trabajadores, incluyendo:<\/p>\n<ul>\n<li> Retenci\u00f3n de pensi\u00f3n <\/li>\n<li> Lesiones en el trabajo <\/li>\n<li> Beneficios denegados <\/li>\n<\/ul>\n<p>  Navegar por estos obst\u00e1culos puede ser complicado, especialmente sin experiencia previa. Al asociarte con un abogado experimentado, puedes simplificar el proceso y asegurar que tus derechos sean protegidos.<\/p>\n<p><b>Recuperaci\u00f3n por Lesiones y Apoyo Legal<\/b><\/p>\n<p>  Las lesiones graves pueden interrumpir todos los aspectos de la vida. Para los bomberos, las lesiones pueden significar no poder trabajar, realizar tareas b\u00e1sicas o mantener la calidad de vida que una vez tuvieron. Manejar los tr\u00e1mites legales y las reclamaciones mientras te recuperas puede sentirse abrumador. Un abogado puede encargarse de las complejidades legales, d\u00e1ndote el tiempo y el espacio para enfocarte en tu recuperaci\u00f3n f\u00edsica y emocional.<\/p>\n<p><b>\u00bfQu\u00e9 Da\u00f1os Pueden Recuperar los Bomberos?<\/b><\/p>\n<p>  La compensaci\u00f3n que puedes recuperar depende de los detalles espec\u00edficos de tu caso. Sin embargo, los bomberos a menudo califican para recuperar:<\/p>\n<ul>\n<li> Gastos m\u00e9dicos pasados y futuros <\/li>\n<li> Salarios perdidos <\/li>\n<li> Da\u00f1os punitivos (cuando sea aplicable) <\/li>\n<li> Compensaci\u00f3n por angustia emocional o deterioro mental <\/li>\n<li> P\u00e9rdida de capacidad de ingresos futuros <\/li>\n<li> Gastos funerarios (en casos de muerte injusta) <\/li>\n<\/ul>\n<p>  Algunos da\u00f1os, como la angustia emocional, pueden ser dif\u00edciles de cuantificar y probar durante las negociaciones o litigios. Nuestros abogados experimentados en E&amp;L, LLP est\u00e1n bien preparados para abogar por estos da\u00f1os. Lucharemos para asegurarnos de que recibas la compensaci\u00f3n por la totalidad de tus lesiones, tanto f\u00edsicas como emocionales, para que puedas enfrentar el futuro con mayor tranquilidad.<\/p>\n<p style=\"text-align: center;\"><b>LLAME A NUESTROS ABOGADOS PARA UNA CONSULTA GRATUITA Y SIN COMPROMISO<br \/>\n (213) 213-0000<\/b><\/p>\n<p><b>\u00bfPor Qu\u00e9 Elegir E&amp;L, LLP?<\/b><\/p>\n<p>  En E&amp;L, LLP, entendemos los desaf\u00edos \u00fanicos que enfrentan los bomberos. Nuestro equipo est\u00e1 comprometido a lograr los mejores resultados posibles para cada cliente, sin importar el tama\u00f1o o la complejidad de su caso. Al trabajar con nosotros, puedes contar con:<\/p>\n<ul>\n<li> Representaci\u00f3n compasiva: Tratamos a nuestros clientes como familia y priorizamos sus necesidades. <\/li>\n<li> Defensa incansable: Luchamos sin descanso para responsabilizar a las organizaciones poco \u00e9ticas. <\/li>\n<li> Abogados experimentados: Nuestro equipo legal tiene el conocimiento y los recursos necesarios para manejar incluso los casos m\u00e1s dif\u00edciles. <\/li>\n<\/ul>\n<p><b>Contacta a Nuestros Abogados Especializados en Bomberos Hoy<\/b><\/p>\n<p>  Nadie que dedique su vida a proteger a los dem\u00e1s deber\u00eda enfrentarse a batallas legales solo, especialmente contra entidades que explotan su vulnerabilidad. Los bomberos merecen respeto, dignidad y trato justo durante toda su carrera y m\u00e1s all\u00e1. Si est\u00e1s enfrentando un desaf\u00edo legal, E&amp;L, LLP est\u00e1 aqu\u00ed para ayudarte a luchar.<\/p>\n<p>  Nuestro equipo de abogados experimentados est\u00e1 comprometido a defender a los bomberos y garantizar que sus derechos sean protegidos. Juntos, podemos evitar que organizaciones poco \u00e9ticas se aprovechen de aquellos que arriesgan sus vidas por los dem\u00e1s.<\/p>\n<p style=\"text-align: center;\"><b>LLAME A NUESTROS ABOGADOS PARA UNA CONSULTA GRATUITA Y SIN COMPROMISO<br \/>\n (213) 213-0000<\/b><\/p>\n<p style=\"text-align: center;\"><b>NO NOS PAGAN HASTA QUE USTED RECIBA SU COMPENSACI\u00d3N. ESA ES NUESTRA GARANT\u00cdA.<\/b><\/p>\n<\/div><br \/>\n<\/div><\/div><\/div>\n","protected":false},"excerpt":{"rendered":"","protected":false},"author":1,"featured_media":0,"parent":0,"menu_order":0,"comment_status":"closed","ping_status":"closed","template":"","meta":{"footnotes":""},"class_list":["post-1143","page","type-page","status-publish","hentry"],"_links":{"self":[{"href":"https:\/\/ebralavi.com\/tusabogadoslaborales\/wp-json\/wp\/v2\/pages\/1143","targetHints":{"allow":["GET"]}}],"collection":[{"href":"https:\/\/ebralavi.com\/tusabogadoslaborales\/wp-json\/wp\/v2\/pages"}],"about":[{"href":"https:\/\/ebralavi.com\/tusabogadoslaborales\/wp-json\/wp\/v2\/types\/page"}],"author":[{"embeddable":true,"href":"https:\/\/ebralavi.com\/tusabogadoslaborales\/wp-json\/wp\/v2\/users\/1"}],"replies":[{"embeddable":true,"href":"https:\/\/ebralavi.com\/tusabogadoslaborales\/wp-json\/wp\/v2\/comments?post=1143"}],"version-history":[{"count":2,"href":"https:\/\/ebralavi.com\/tusabogadoslaborales\/wp-json\/wp\/v2\/pages\/1143\/revisions"}],"predecessor-version":[{"id":1554,"href":"https:\/\/ebralavi.com\/tusabogadoslaborales\/wp-json\/wp\/v2\/pages\/1143\/revisions\/1554"}],"wp:attachment":[{"href":"https:\/\/ebralavi.com\/tusabogadoslaborales\/wp-json\/wp\/v2\/media?parent=1143"}],"curies":[{"name":"wp","href":"https:\/\/api.w.org\/{rel}","templated":true}]}}