{"id":1138,"date":"2025-01-27T16:16:50","date_gmt":"2025-01-27T16:16:50","guid":{"rendered":"https:\/\/tusabogadoslaboral.com\/?page_id=1138"},"modified":"2025-04-29T16:30:51","modified_gmt":"2025-04-29T16:30:51","slug":"carpal-tunnel-workers-compensation-lawyer","status":"publish","type":"page","link":"https:\/\/ebralavi.com\/tusabogadoslaborales\/carpal-tunnel-workers-compensation-lawyer\/","title":{"rendered":"Abogado de compensaci\u00f3n laboral por s\u00edndrome del t\u00fanel carpiano"},"content":{"rendered":"<div class=\"dm-service-section \"><div class=\"dm-container\"><div class=\"dm-flex\">\n<div class=\"dm-full wow fadeInRight\">\n<h3>Abogado de Compensaci\u00f3n Laboral por S\u00edndrome del T\u00fanel Carpiano<\/h3>\n<p>  Lesiones en el lugar de trabajo: Comprendiendo tus opciones<br \/>\n    Las lesiones en el lugar de trabajo pueden ocurrir en cualquier industria, y las lesiones por movimientos repetitivos, como el s\u00edndrome del t\u00fanel carpiano, son de las m\u00e1s comunes. Seg\u00fan la Oficina de Estad\u00edsticas Laborales de los EE. UU., miles de lesiones y enfermedades relacionadas con el trabajo ocurren cada a\u00f1o, dejando a muchos trabajadores pregunt\u00e1ndose sobre sus derechos.  <\/p>\n<p>  Aunque a menudo se piensa en el trabajo f\u00edsico peligroso cuando se habla de lesiones en el lugar de trabajo, incluso los trabajos de oficina o tareas repetitivas pueden causar da\u00f1o f\u00edsico serio. Si has desarrollado el s\u00edndrome del t\u00fanel carpiano como resultado de tu trabajo, es posible que seas elegible para recibir beneficios de compensaci\u00f3n laboral.  <\/p>\n<p>  En E&amp;L, LLP, nuestros abogados experimentados en compensaci\u00f3n laboral comprenden los desaf\u00edos de asegurar beneficios para el s\u00edndrome del t\u00fanel carpiano. Estamos aqu\u00ed para ayudarte a navegar por el proceso y luchar por la compensaci\u00f3n que mereces.  <\/p>\n<p style=\"text-align: center;\"><b>LLAMA A NUESTROS ABOGADOS PARA UNA CONSULTA GRATUITA SIN OBLIGACI\u00d3N<br \/>\n (213) 213-0000<\/b><\/p>\n<p><b>\u00bfQu\u00e9 es el S\u00edndrome del T\u00fanel Carpiano?<\/b><\/p>\n<p>  El s\u00edndrome del t\u00fanel carpiano ocurre cuando el nervio mediano, ubicado en la mu\u00f1eca, se comprime o da\u00f1a debido al estr\u00e9s o presi\u00f3n repetitivos. El t\u00fanel carpiano es un pasaje estrecho de huesos y ligamentos cerca de la palma, y el da\u00f1o al nervio mediano puede causar:  <\/p>\n<ul>\n<li>  Dolor  <\/li>\n<li>  Hormigueo o entumecimiento  <\/li>\n<li>  Debilidad en la mano, pulgar o dedos  <\/li>\n<li>  Disminuci\u00f3n de la funci\u00f3n motora  <\/li>\n<\/ul>\n<p>  Estos s\u00edntomas pueden dificultar\u2014o incluso hacer imposible\u2014realizar tareas laborales. Si tu s\u00edndrome del t\u00fanel carpiano est\u00e1 relacionado con el trabajo, puedes tener derecho a una compensaci\u00f3n por los gastos m\u00e9dicos, salarios perdidos y otros da\u00f1os.  <\/p>\n<p><b>Prevenci\u00f3n del S\u00edndrome del T\u00fanel Carpiano<\/b><\/p>\n<p>  Ciertas actividades pueden aumentar tu riesgo de desarrollar el s\u00edndrome del t\u00fanel carpiano. Sin embargo, hay pasos que puedes seguir para reducir este riesgo:  <\/p>\n<ol>\n<li><b> Ajusta los teclados y herramientas de escritura<\/b><\/li>\n<\/ol>\n<ul>\n<li>  Presiona las teclas suavemente al usar teclados, cajas registradoras o dispositivos similares.  <\/li>\n<li>  Usa utensilios de escritura con un agarre suave para minimizar el esfuerzo durante la escritura prolongada.  <\/li>\n<\/ul>\n<ol start=\"2\">\n<li><b> Toma descansos regulares<\/b><\/li>\n<\/ol>\n<ul>\n<li>  Descansa tus manos y mu\u00f1ecas con frecuencia si tu trabajo implica movimientos repetitivos.  <\/li>\n<li>  Estira tus manos, mu\u00f1ecas y dedos durante estos descansos para aliviar la tensi\u00f3n.  <\/li>\n<li>  Intenta tomar al menos un descanso corto cada hora, especialmente si trabajas con maquinaria que vibra.  <\/li>\n<\/ul>\n<ol start=\"3\">\n<li><b> Usa una postura adecuada<\/b><\/li>\n<\/ol>\n<ul>\n<li>  Mant\u00e9n una posici\u00f3n neutral de la mu\u00f1eca al teclear o realizar tareas repetitivas. Evita doblar completamente la mu\u00f1eca hacia arriba o hacia abajo.  <\/li>\n<li>  Coloca tu teclado a una altura c\u00f3moda y media para promover una postura relajada.  <\/li>\n<\/ul>\n<ol start=\"4\">\n<li><b> Mant\u00e9n una buena postura<\/b><\/li>\n<\/ol>\n<ul>\n<li>  Si\u00e9ntate o p\u00e1rate con una postura adecuada para evitar el estr\u00e9s en los hombros y cuello, lo que puede afectar la posici\u00f3n de tus mu\u00f1ecas y manos.  <\/li>\n<\/ul>\n<ol start=\"5\">\n<li><b> Trabaja en una temperatura c\u00f3moda<\/b><\/li>\n<\/ol>\n<ul>\n<li>  Los ambientes c\u00e1lidos pueden ayudar a prevenir la rigidez y el dolor.  <\/li>\n<li>  Si tu lugar de trabajo est\u00e1 fr\u00edo, considera usar guantes sin dedos para mantener las manos y mu\u00f1ecas calientes.  <\/li>\n<\/ul>\n<p>  Aunque estas medidas pueden ayudar a reducir tu riesgo, las tareas repetitivas o las condiciones laborales a\u00fan pueden llevar al s\u00edndrome del t\u00fanel carpiano. Si has sufrido una lesi\u00f3n por estr\u00e9s repetitivo, es importante hablar con un abogado de compensaci\u00f3n laboral sobre tus opciones legales.  <\/p>\n<p style=\"text-align: center;\"><b>LLAMA A NUESTROS ABOGADOS PARA UNA CONSULTA GRATUITA SIN OBLIGACI\u00d3N<br \/>\n (213) 213-0000<\/b><\/p>\n<p><b>Compensaci\u00f3n Laboral por el S\u00edndrome del T\u00fanel Carpiano<\/b><\/p>\n<p>  El s\u00edndrome del t\u00fanel carpiano es una de las lesiones m\u00e1s comunes en el lugar de trabajo y puede dar derecho a los trabajadores a compensaci\u00f3n. Los beneficios de compensaci\u00f3n laboral pueden ayudar a cubrir:  <\/p>\n<ul>\n<li>  Gastos m\u00e9dicos  <\/li>\n<li>  Costos de rehabilitaci\u00f3n  <\/li>\n<li>  Salarios perdidos  <\/li>\n<li>  Beneficios por discapacidad temporal o permanente  <\/li>\n<\/ul>\n<p>  En E&amp;L, LLP, tenemos una amplia experiencia ayudando a los trabajadores a presentar reclamaciones por s\u00edndrome del t\u00fanel carpiano. Nuestros abogados est\u00e1n bien versados en las leyes de compensaci\u00f3n laboral de California y te ayudar\u00e1n a obtener los beneficios que te corresponden.  <\/p>\n<p><b>\u00bfPor qu\u00e9 elegir E&amp;L, LLP?<\/b><\/p>\n<ul>\n<li>  Experiencia: Nos especializamos en reclamaciones de compensaci\u00f3n laboral y comprendemos los matices de las lesiones por estr\u00e9s repetitivo como el s\u00edndrome del t\u00fanel carpiano.  <\/li>\n<li>  Defensa: Nos encargaremos de todos los aspectos de tu reclamaci\u00f3n, desde reunir evidencia hasta negociar con los proveedores de seguros.  <\/li>\n<li>  Sin recuperaci\u00f3n, sin honorarios: No pagas a menos que ganemos tu caso\u2014esa es nuestra garant\u00eda.  <\/li>\n<\/ul>\n<p>  \ud83d\udcde     Llama al (213) 213-0000 hoy para programar una consulta gratuita sin obligaci\u00f3n con uno de nuestros abogados experimentados.  <\/p>\n<p>  No dejes que el s\u00edndrome del t\u00fanel carpiano interrumpa tu vida\u2014d\u00e9janos ayudarte a obtener la compensaci\u00f3n que mereces.  <\/p>\n<p style=\"text-align: center;\"><b>No recibimos pago hasta que t\u00fa recibas el tuyo. Esa es nuestra garant\u00eda.<\/b><\/p>\n<\/div>\n<\/div><\/div><\/div>\n","protected":false},"excerpt":{"rendered":"","protected":false},"author":1,"featured_media":0,"parent":0,"menu_order":0,"comment_status":"closed","ping_status":"closed","template":"","meta":{"footnotes":""},"class_list":["post-1138","page","type-page","status-publish","hentry"],"_links":{"self":[{"href":"https:\/\/ebralavi.com\/tusabogadoslaborales\/wp-json\/wp\/v2\/pages\/1138","targetHints":{"allow":["GET"]}}],"collection":[{"href":"https:\/\/ebralavi.com\/tusabogadoslaborales\/wp-json\/wp\/v2\/pages"}],"about":[{"href":"https:\/\/ebralavi.com\/tusabogadoslaborales\/wp-json\/wp\/v2\/types\/page"}],"author":[{"embeddable":true,"href":"https:\/\/ebralavi.com\/tusabogadoslaborales\/wp-json\/wp\/v2\/users\/1"}],"replies":[{"embeddable":true,"href":"https:\/\/ebralavi.com\/tusabogadoslaborales\/wp-json\/wp\/v2\/comments?post=1138"}],"version-history":[{"count":2,"href":"https:\/\/ebralavi.com\/tusabogadoslaborales\/wp-json\/wp\/v2\/pages\/1138\/revisions"}],"predecessor-version":[{"id":1544,"href":"https:\/\/ebralavi.com\/tusabogadoslaborales\/wp-json\/wp\/v2\/pages\/1138\/revisions\/1544"}],"wp:attachment":[{"href":"https:\/\/ebralavi.com\/tusabogadoslaborales\/wp-json\/wp\/v2\/media?parent=1138"}],"curies":[{"name":"wp","href":"https:\/\/api.w.org\/{rel}","templated":true}]}}