{"id":1127,"date":"2025-01-27T16:07:06","date_gmt":"2025-01-27T16:07:06","guid":{"rendered":"https:\/\/tusabogadoslaboral.com\/?page_id=1127"},"modified":"2025-04-29T14:49:49","modified_gmt":"2025-04-29T14:49:49","slug":"workers-compensation-settlements-disability-classifications","status":"publish","type":"page","link":"https:\/\/ebralavi.com\/tusabogadoslaborales\/workers-compensation-settlements-disability-classifications\/","title":{"rendered":"Acuerdos de compensaci\u00f3n laboral &#8211; Clasificaciones de discapacidad"},"content":{"rendered":"<p><div class=\"dm-service-section \"><div class=\"dm-container\"><div class=\"dm-flex\">\n<div class=\"dm-full wow fadeInRight\">\n<h3>Acuerdos de Compensaci\u00f3n Laboral: Comprensi\u00f3n de las Clasificaciones de Discapacidad<\/h3>\n<p>Sufrir una lesi\u00f3n laboral puede cambiarle la vida, especialmente si el accidente le deja con una discapacidad a largo plazo o permanente. M\u00e1s all\u00e1 del dolor f\u00edsico, el costo financiero de las facturas m\u00e9dicas, la rehabilitaci\u00f3n y la terapia continua puede ser abrumador tanto para usted como para su familia. Solicitar los beneficios de compensaci\u00f3n laboral es fundamental para ayudar a cubrir estos costos y brindarle el apoyo que necesita para reconstruir su vida.<\/p>\n<p>Desafortunadamente, las compa\u00f1\u00edas de seguros a menudo intentan minimizar la gravedad de las lesiones para reducir los pagos. Si siente que sus lesiones est\u00e1n siendo minimizadas o que su reclamo est\u00e1 infravalorado, los abogados expertos de E&amp;L, LLP est\u00e1n aqu\u00ed para luchar por la compensaci\u00f3n que usted merece.<\/p>\n<p style=\"text-align: center;\"><b>LLAME A NUESTROS ABOGADOS PARA UNA CONSULTA GRATUITA Y SIN COMPROMISO<br \/>\n(213) 213-0000<\/b><\/p>\n<p><b>Preguntas frecuentes<\/b><\/p>\n<ol>\n<li><b>\u00bfCu\u00e1les son las diferentes clasificaciones de discapacidad?<\/b><\/li>\n<\/ol>\n<p><b>Las discapacidades resultantes de lesiones laborales se clasifican en cuatro categor\u00edas principales. Cada clasificaci\u00f3n influye en el tipo y el monto de la compensaci\u00f3n disponible:<\/b><\/p>\n<ul>\n<li>Incapacidad parcial temporal (TPD): Aplica si se espera que sus lesiones sanen por completo y que eventualmente pueda regresar al trabajo a plena capacidad.<\/li>\n<li>Incapacidad total temporal (TTD): Aplica si su discapacidad es temporal, pero le impide realizar las tareas requeridas para su trabajo.<\/li>\n<li>Incapacidad Parcial Permanente (PPD): Se aplica si sus lesiones le impiden permanentemente realizar ciertas tareas laborales, aunque a\u00fan pueda realizar otros aspectos de su trabajo.<\/li>\n<li>Incapacidad Total Permanente (PTD): Se aplica si sus lesiones le impiden realizar cualquier trabajo que era capaz de hacer antes del accidente.<\/li>\n<\/ul>\n<p>Adem\u00e1s, el grado de su discapacidad a menudo se clasifica como leve, moderado, marcado o total, seg\u00fan el porcentaje de discapacidad que experimente. Este porcentaje puede ser un punto de controversia durante las negociaciones del acuerdo, por lo que es vital que su m\u00e9dico documente su condici\u00f3n detalladamente.<\/p>\n<ol start=\"2\">\n<li><b> \u00bfQu\u00e9 es la discapacidad y c\u00f3mo se clasifica?<\/b><\/li>\n<\/ol>\n<p>Las lesiones laborales tambi\u00e9n pueden resultar en discapacidades, que se refieren al da\u00f1o mental, emocional o f\u00edsico causado por el accidente. Las discapacidades se clasifican en:<\/p>\n<ul>\n<li>Discapacidad temporal: Aplica si se espera que la condici\u00f3n mejore con el tiempo mediante el tratamiento.<\/li>\n<li>Discapacidad permanente: Aplica cuando el tratamiento se ha estancado y no se prev\u00e9 ninguna mejora adicional en el plazo de un a\u00f1o.<\/li>\n<\/ul>\n<p>Cuando se alcanza la M\u00e1xima Mejor\u00eda M\u00e9dica (MMI), el punto en el que es improbable que su condici\u00f3n mejore a\u00fan m\u00e1s, es posible que tenga derecho a una compensaci\u00f3n adicional por discapacidades permanentes.<\/p>\n<ol start=\"3\">\n<li><b>\u00bfC\u00f3mo puede ayudar un abogado especializado en compensaci\u00f3n laboral?<\/b><\/li>\n<\/ol>\n<p>Gestionar una reclamaci\u00f3n de compensaci\u00f3n laboral puede ser un desaf\u00edo, especialmente cuando se trata con una compa\u00f1\u00eda de seguros que se centra en minimizar los pagos. As\u00ed es como un abogado experto en compensaci\u00f3n laboral puede ayudarle:<\/p>\n<ul>\n<li>Eval\u00fae las ofertas de indemnizaci\u00f3n: Las aseguradoras suelen subestimar las reclamaciones, ofreciendo indemnizaciones muy por debajo de lo que usted merece. Un abogado revisar\u00e1 cualquier oferta para asegurarse de que cubra adecuadamente sus p\u00e9rdidas.<\/li>\n<li>Maximice la indemnizaci\u00f3n: Desde determinar el alcance total de sus lesiones hasta considerar las necesidades de cuidados a largo plazo, un abogado puede luchar por la mayor indemnizaci\u00f3n posible.<\/li>\n<li>Ofrezca asesoramiento experto: Elegir entre una indemnizaci\u00f3n global o beneficios semanales puede ser confuso. Un abogado con experiencia le ayudar\u00e1 a tomar la mejor decisi\u00f3n para su situaci\u00f3n financiera y personal.<\/li>\n<li>Negocie en su nombre: Con a\u00f1os de experiencia en casos de compensaci\u00f3n laboral, nuestros abogados saben c\u00f3mo contrarrestar las t\u00e1cticas de las aseguradoras y garantizar resultados justos para nuestros clientes.<\/li>\n<li>Cuando se trata de su indemnizaci\u00f3n por compensaci\u00f3n laboral, usted merece a alguien que lo defienda incansablemente. LLAME A NUESTROS ABOGADOS PARA UNA CONSULTA GRATUITA Y SIN COMPROMISO<br \/>\n(213) 213-0000<\/p>\n<ol start=\"4\">\n<li><b>\u00bfPor qu\u00e9 elegir a E&amp;L, LLP?<\/b><\/li>\n<\/ol>\n<p>Su lesi\u00f3n laboral no fue su culpa, y lidiar con las consecuencias no deber\u00eda sentirse como un segundo castigo. Los abogados compasivos de E&amp;L, LLP comprenden lo abrumador que puede ser este momento y est\u00e1n aqu\u00ed para manejar las complejidades legales para que usted pueda concentrarse en su recuperaci\u00f3n.<\/p>\n<p>En E&amp;L, LLP, contamos con los recursos y la experiencia para brindarle a su caso la atenci\u00f3n personalizada que merece. Nuestros abogados luchar\u00e1n incansablemente para garantizar que reciba la compensaci\u00f3n que le corresponde por sus lesiones.<\/p>\n<p style=\"text-align: center;\"><b>LLAME A NUESTROS ABOGADOS PARA UNA CONSULTA GRATUITA Y SIN COMPROMISO<br \/>\n(213) 213-0000<\/b><\/p>\n<p style=\"text-align: center;\"><b>NO COBRAMOS HASTA QUE USTED COBRE. ESA ES NUESTRA GARANT\u00cdA.<\/b><\/p>\n<\/div><br \/>\n<\/div><\/div><\/div><\/li>\n<\/ul>\n","protected":false},"excerpt":{"rendered":"","protected":false},"author":1,"featured_media":0,"parent":0,"menu_order":0,"comment_status":"closed","ping_status":"closed","template":"","meta":{"footnotes":""},"class_list":["post-1127","page","type-page","status-publish","hentry"],"_links":{"self":[{"href":"https:\/\/ebralavi.com\/tusabogadoslaborales\/wp-json\/wp\/v2\/pages\/1127","targetHints":{"allow":["GET"]}}],"collection":[{"href":"https:\/\/ebralavi.com\/tusabogadoslaborales\/wp-json\/wp\/v2\/pages"}],"about":[{"href":"https:\/\/ebralavi.com\/tusabogadoslaborales\/wp-json\/wp\/v2\/types\/page"}],"author":[{"embeddable":true,"href":"https:\/\/ebralavi.com\/tusabogadoslaborales\/wp-json\/wp\/v2\/users\/1"}],"replies":[{"embeddable":true,"href":"https:\/\/ebralavi.com\/tusabogadoslaborales\/wp-json\/wp\/v2\/comments?post=1127"}],"version-history":[{"count":3,"href":"https:\/\/ebralavi.com\/tusabogadoslaborales\/wp-json\/wp\/v2\/pages\/1127\/revisions"}],"predecessor-version":[{"id":1504,"href":"https:\/\/ebralavi.com\/tusabogadoslaborales\/wp-json\/wp\/v2\/pages\/1127\/revisions\/1504"}],"wp:attachment":[{"href":"https:\/\/ebralavi.com\/tusabogadoslaborales\/wp-json\/wp\/v2\/media?parent=1127"}],"curies":[{"name":"wp","href":"https:\/\/api.w.org\/{rel}","templated":true}]}}