{"id":1122,"date":"2025-01-27T14:48:01","date_gmt":"2025-01-27T14:48:01","guid":{"rendered":"https:\/\/tusabogadoslaboral.com\/?page_id=1122"},"modified":"2025-04-30T08:35:23","modified_gmt":"2025-04-30T08:35:23","slug":"benzene-exposure-at-work","status":"publish","type":"page","link":"https:\/\/ebralavi.com\/tusabogadoslaborales\/benzene-exposure-at-work\/","title":{"rendered":"Exposici\u00f3n al benceno en el trabajo"},"content":{"rendered":"<div class=\"dm-service-section \"><div class=\"dm-container\"><div class=\"dm-flex\">\n<div class=\"dm-full wow fadeInRight\">\n<h3>Exposici\u00f3n al Benceno en el Lugar de Trabajo<\/h3>\n<p><b>Los Peligros Ocultos del Benceno<\/b><br \/>\nEl benceno ha sido reconocido como un carcin\u00f3geno peligroso durante d\u00e9cadas, vinculado a la leucemia y otros trastornos sangu\u00edneos potencialmente mortales. A pesar de este conocimiento, el benceno sigue siendo uno de los 20 productos qu\u00edmicos industriales m\u00e1s utilizados a diario en Estados Unidos, seg\u00fan los Centros para el Control y la Prevenci\u00f3n de Enfermedades (CDC).  <\/p>\n<p>Los trabajadores de ciertas industrias enfrentan riesgos elevados de exposici\u00f3n al benceno, incluyendo trabajadores del petr\u00f3leo y gas, bomberos, empleados de estaciones de servicio, zapateros y trabajadores de la industria del caucho. Incluso los empleados de oficina pueden estar expuestos al benceno, lo que resalta la presencia generalizada de este qu\u00edmico peligroso.  <\/p>\n<p style=\"text-align: center;\"><b>Llame a Nuestros Abogados Para una Consulta Gratuita y Sin Compromiso<\/b><\/p>\n<p style=\"text-align: center;\"><b>(213) 213-0000<\/b><\/p>\n<p><b>Preguntas Frecuentes Sobre el Benceno<\/b><\/p>\n<p><b>\u00bfQu\u00e9 es el Benceno?<\/b>  <\/p>\n<p>El benceno es un qu\u00edmico altamente t\u00f3xico, incoloro (o de color amarillo claro) con un olor dulce. Es inflamable y se evapora r\u00e1pidamente a temperatura ambiente, lo que hace que la inhalaci\u00f3n sea la principal v\u00eda de exposici\u00f3n. Clasificado como un carcin\u00f3geno humano conocido por la Agencia de Protecci\u00f3n Ambiental (EPA), el benceno representa riesgos significativos para la salud humana.  <\/p>\n<p><b>El benceno ocurre de forma natural en eventos como erupciones volc\u00e1nicas e incendios forestales, pero tambi\u00e9n se encuentra en:<\/b><\/p>\n<ul>\n<li>Petr\u00f3leo crudo y derivados del petr\u00f3leo<\/li>\n<li>Gases de escape de veh\u00edculos<\/li>\n<li>Humo de cigarrillo<\/li>\n<\/ul>\n<p><b>Industrialmente, el benceno es un ingrediente clave en la producci\u00f3n de:<\/b><\/p>\n<ul>\n<li>Pl\u00e1sticos, resinas y fibras sint\u00e9ticas<\/li>\n<li>Productos de caucho<\/li>\n<li>Detergentes y pesticidas<\/li>\n<\/ul>\n<p><b>\u00bfCu\u00e1les son los Riesgos para la Salud por la Exposici\u00f3n al Benceno?<\/b>  <\/p>\n<p>La exposici\u00f3n al benceno\u2014ya sea a corto o largo plazo\u2014puede provocar graves problemas de salud:  <\/p>\n<p><b>Exposici\u00f3n a Corto Plazo<\/b><br \/>\nInhalar altas concentraciones de benceno en un corto per\u00edodo puede causar:  <\/p>\n<ul>\n<li>Somnolencia<\/li>\n<li>Mareos<\/li>\n<li>Dolores de cabeza<\/li>\n<li>Temblores<\/li>\n<li>P\u00e9rdida del conocimiento<\/li>\n<li>En casos extremos, la muerte<\/li>\n<\/ul>\n<p><b>Ingerir benceno puede causar:<\/b><\/p>\n<ul>\n<li>V\u00f3mitos<\/li>\n<li>Malestar estomacal<\/li>\n<li>Convulsiones<\/li>\n<li>Somnolencia<\/li>\n<li>En casos graves, la muerte<\/li>\n<\/ul>\n<p><b>Exposici\u00f3n a Largo Plazo<\/b><br \/>\nLa exposici\u00f3n prolongada al benceno se ha relacionado fuertemente con el c\u00e1ncer, particularmente la leucemia y el linfoma. Otros trastornos graves de la sangre y la m\u00e9dula \u00f3sea incluyen:  <\/p>\n<ul>\n<li>Anemia<\/li>\n<li>Reducci\u00f3n en la producci\u00f3n de gl\u00f3bulos rojos y blancos<\/li>\n<li>Supresi\u00f3n del sistema inmunol\u00f3gico<\/li>\n<\/ul>\n<p style=\"text-align: center;\"><b>Llame a Nuestros Abogados Para una Consulta Gratuita y Sin Compromiso<\/b><\/p>\n<p style=\"text-align: center;\"><b>(213) 213-0000<\/b><\/p>\n<p><b>\u00bfQui\u00e9n Est\u00e1 en Riesgo de Exposici\u00f3n al Benceno?<\/b>  <\/p>\n<p>Los trabajadores en industrias que manejan directamente benceno o sus subproductos enfrentan los mayores riesgos, tales como:  <\/p>\n<ul>\n<li>Industrias del petr\u00f3leo y gas<\/li>\n<li>Fabricaci\u00f3n de productos qu\u00edmicos<\/li>\n<li>Producci\u00f3n de caucho y pl\u00e1sticos<\/li>\n<\/ul>\n<p>Sin embargo, el benceno no est\u00e1 limitado a entornos industriales. Muchos productos cotidianos contienen benceno, incluyendo:  <\/p>\n<ul>\n<li>Pinturas<\/li>\n<li>Pegamentos<\/li>\n<li>Detergentes<\/li>\n<li>Ceras para muebles<\/li>\n<\/ul>\n<p>Esto significa que la exposici\u00f3n al benceno tambi\u00e9n puede ocurrir en el hogar o en oficinas.  <\/p>\n<p><b>Regulaciones en el Lugar de Trabajo<\/b><br \/>\nPara mitigar los riesgos, la Administraci\u00f3n de Seguridad y Salud Ocupacional (OSHA) de EE.UU. impone l\u00edmites estrictos sobre los niveles de benceno en el aire del lugar de trabajo. OSHA tambi\u00e9n regula el manejo, uso y desecho seguro del benceno para proteger a los trabajadores de la exposici\u00f3n.  <\/p>\n<p><b>\u00bfQu\u00e9 Hacer si Ha Estado Expuesto al Benceno?<\/b>  <\/p>\n<p>Incluso con regulaciones, algunos empleadores no cumplen con los est\u00e1ndares de seguridad, poniendo en riesgo a los trabajadores. Si sospecha que ha estado expuesto al benceno, siga estos pasos:  <\/p>\n<ol>\n<li><b>Busque Atenci\u00f3n M\u00e9dica de Inmediato<\/b><br \/>\nConsulte a un m\u00e9dico si presenta s\u00edntomas de exposici\u00f3n al benceno. Un profesional m\u00e9dico puede evaluar su condici\u00f3n y proporcionar documentaci\u00f3n esencial para cualquier reclamo legal o de compensaci\u00f3n laboral.  <\/li>\n<li><b>Consulte Ayuda Legal con Experiencia<\/b><br \/>\nDespu\u00e9s de recibir atenci\u00f3n m\u00e9dica, contacte a un abogado especializado en compensaci\u00f3n laboral. Si su exposici\u00f3n al benceno ocurri\u00f3 debido a pr\u00e1cticas laborales inseguras, podr\u00eda tener derecho a una compensaci\u00f3n por:  <\/li>\n<\/ol>\n<ul>\n<li>Gastos m\u00e9dicos<\/li>\n<li>Salarios perdidos<\/li>\n<li>Costos de atenci\u00f3n a largo plazo<\/li>\n<li>Dolor y sufrimiento<\/li>\n<\/ul>\n<p>En E&amp;L, LLP, nuestros abogados est\u00e1n comprometidos a responsabilizar a los empleadores negligentes y ayudarle a obtener los beneficios que merece.  <\/p>\n<p><b>Contacte a E&amp;L, LLP para Obtener Ayuda<\/b>  <\/p>\n<p>Si usted o un ser querido ha sufrido debido a la exposici\u00f3n al benceno, no espere para actuar. Permita que el equipo legal con experiencia de E&amp;L, LLP luche por sus derechos.  <\/p>\n<p style=\"text-align: center;\"><b>LLAME A NUESTROS ABOGADOS PARA UNA CONSULTA GRATUITA Y SIN COMPROMISO<br \/>\n (213) 213-0000<\/b><\/p>\n<p style=\"text-align: center;\"><b>NO NOS PAGAN HASTA QUE USTED COBRE\u2014ESA ES NUESTRA GARANT\u00cdA.<\/b><\/p>\n<\/div>\n<\/div><\/div><\/div>\n","protected":false},"excerpt":{"rendered":"","protected":false},"author":1,"featured_media":0,"parent":0,"menu_order":0,"comment_status":"closed","ping_status":"closed","template":"","meta":{"footnotes":""},"class_list":["post-1122","page","type-page","status-publish","hentry"],"_links":{"self":[{"href":"https:\/\/ebralavi.com\/tusabogadoslaborales\/wp-json\/wp\/v2\/pages\/1122","targetHints":{"allow":["GET"]}}],"collection":[{"href":"https:\/\/ebralavi.com\/tusabogadoslaborales\/wp-json\/wp\/v2\/pages"}],"about":[{"href":"https:\/\/ebralavi.com\/tusabogadoslaborales\/wp-json\/wp\/v2\/types\/page"}],"author":[{"embeddable":true,"href":"https:\/\/ebralavi.com\/tusabogadoslaborales\/wp-json\/wp\/v2\/users\/1"}],"replies":[{"embeddable":true,"href":"https:\/\/ebralavi.com\/tusabogadoslaborales\/wp-json\/wp\/v2\/comments?post=1122"}],"version-history":[{"count":3,"href":"https:\/\/ebralavi.com\/tusabogadoslaborales\/wp-json\/wp\/v2\/pages\/1122\/revisions"}],"predecessor-version":[{"id":1547,"href":"https:\/\/ebralavi.com\/tusabogadoslaborales\/wp-json\/wp\/v2\/pages\/1122\/revisions\/1547"}],"wp:attachment":[{"href":"https:\/\/ebralavi.com\/tusabogadoslaborales\/wp-json\/wp\/v2\/media?parent=1122"}],"curies":[{"name":"wp","href":"https:\/\/api.w.org\/{rel}","templated":true}]}}